{"id":1185,"date":"2025-09-12T13:53:35","date_gmt":"2025-09-12T13:53:35","guid":{"rendered":"https:\/\/gledarcolombianpure.com\/?post_type=product&#038;p=1185"},"modified":"2025-11-29T00:35:42","modified_gmt":"2025-11-29T00:35:42","slug":"kit-crecimiento-ritual","status":"publish","type":"product","link":"https:\/\/gledarcolombianpure.com\/en\/shop\/kit-crecimiento-ritual\/","title":{"rendered":"Kit Crecimiento Ritual"},"content":{"rendered":"<p data-start=\"113\" data-end=\"296\"><strong data-start=\"113\" data-end=\"159\">Kit Crecimiento Ritual de Ritual Bot\u00e1nico:<\/strong> dise\u00f1ado para fortalecer la ra\u00edz, estimular el crecimiento capilar y devolverle vitalidad a tu melena con ingredientes 100% naturales.<\/p>\n<p data-start=\"298\" data-end=\"308\">Incluye:<\/p>\n<ul data-start=\"309\" data-end=\"582\">\n<li data-start=\"309\" data-end=\"392\">\n<p data-start=\"311\" data-end=\"392\"><strong data-start=\"311\" data-end=\"332\">Shampoo de Romero<\/strong>, que estimula la circulaci\u00f3n y ayuda a prevenir la ca\u00edda.<\/p>\n<\/li>\n<li data-start=\"393\" data-end=\"469\">\n<p data-start=\"395\" data-end=\"469\"><strong data-start=\"395\" data-end=\"419\">Mascarilla nutritiva<\/strong>, que hidrata profundamente y controla el frizz.<\/p>\n<\/li>\n<li data-start=\"470\" data-end=\"582\">\n<p data-start=\"472\" data-end=\"582\"><strong data-start=\"472\" data-end=\"514\">Tratamiento Intensivo Plex de Aguacate<\/strong>, que repara la fibra capilar y mejora la resistencia del cabello.<\/p>\n<\/li>\n<\/ul>\n<p data-start=\"584\" data-end=\"686\">Ideal para cabellos d\u00e9biles, con ca\u00edda o en proceso de recuperaci\u00f3n.<\/p>","protected":false},"excerpt":{"rendered":"<p>Kit Crecimiento Ritual de Ritual Bot\u00e1nico: dise\u00f1ado para fortalecer la ra\u00edz, estimular el crecimiento capilar y devolverle vitalidad a tu melena con ingredientes 100% naturales. Incluye: Shampoo de Romero, que estimula la circulaci\u00f3n y ayuda a prevenir la ca\u00edda. Mascarilla nutritiva, que hidrata profundamente y controla el frizz. Tratamiento Intensivo Plex de Aguacate, que repara [&hellip;]<\/p>","protected":false},"featured_media":1186,"comment_status":"open","ping_status":"closed","template":"","meta":[],"product_brand":[],"product_cat":[15],"product_tag":[],"class_list":{"0":"post-1185","1":"product","2":"type-product","3":"status-publish","4":"has-post-thumbnail","6":"product_cat-ritual-botanico","8":"first","9":"instock","10":"taxable","11":"shipping-taxable","12":"purchasable","13":"product-type-simple"},"supplier_id":null,"supplier_sku":"","barcode":null,"atum_controlled":true,"out_stock_date":null,"out_stock_threshold":null,"inheritable":false,"inbound_stock":null,"stock_on_hold":0,"sold_today":0,"sales_last_days":0,"reserved_stock":null,"customer_returns":null,"warehouse_damage":null,"lost_in_post":null,"other_logs":null,"out_stock_days":0,"lost_sales":0,"has_location":null,"update_date":"2026-04-23T11:44:00","atum_locations":[],"atum_stock_status":"instock","restock_status":false,"low_stock_amount":"","sales_update_date":"2026-04-23T11:44:00","calc_backorders":null,"_links":{"self":[{"href":"https:\/\/gledarcolombianpure.com\/en\/wp-json\/wp\/v2\/product\/1185","targetHints":{"allow":["GET"]}}],"collection":[{"href":"https:\/\/gledarcolombianpure.com\/en\/wp-json\/wp\/v2\/product"}],"about":[{"href":"https:\/\/gledarcolombianpure.com\/en\/wp-json\/wp\/v2\/types\/product"}],"replies":[{"embeddable":true,"href":"https:\/\/gledarcolombianpure.com\/en\/wp-json\/wp\/v2\/comments?post=1185"}],"version-history":[{"count":1,"href":"https:\/\/gledarcolombianpure.com\/en\/wp-json\/wp\/v2\/product\/1185\/revisions"}],"predecessor-version":[{"id":2843,"href":"https:\/\/gledarcolombianpure.com\/en\/wp-json\/wp\/v2\/product\/1185\/revisions\/2843"}],"wp:featuredmedia":[{"embeddable":true,"href":"https:\/\/gledarcolombianpure.com\/en\/wp-json\/wp\/v2\/media\/1186"}],"wp:attachment":[{"href":"https:\/\/gledarcolombianpure.com\/en\/wp-json\/wp\/v2\/media?parent=1185"}],"wp:term":[{"taxonomy":"product_brand","embeddable":true,"href":"https:\/\/gledarcolombianpure.com\/en\/wp-json\/wp\/v2\/product_brand?post=1185"},{"taxonomy":"product_cat","embeddable":true,"href":"https:\/\/gledarcolombianpure.com\/en\/wp-json\/wp\/v2\/product_cat?post=1185"},{"taxonomy":"product_tag","embeddable":true,"href":"https:\/\/gledarcolombianpure.com\/en\/wp-json\/wp\/v2\/product_tag?post=1185"}],"curies":[{"name":"wp","href":"https:\/\/api.w.org\/{rel}","templated":true}]}}