{"id":1196,"date":"2025-09-12T14:56:52","date_gmt":"2025-09-12T14:56:52","guid":{"rendered":"https:\/\/gledarcolombianpure.com\/?post_type=product&#038;p=1196"},"modified":"2025-09-12T15:01:14","modified_gmt":"2025-09-12T15:01:14","slug":"duo-intensivo","status":"publish","type":"product","link":"https:\/\/gledarcolombianpure.com\/en\/shop\/duo-intensivo\/","title":{"rendered":"D\u00fao Intensivo"},"content":{"rendered":"<p data-start=\"108\" data-end=\"240\"><strong data-start=\"108\" data-end=\"145\">D\u00fao Intensivo de Ritual Bot\u00e1nico:<\/strong> la combinaci\u00f3n perfecta para estimular el crecimiento y fortalecer tu cabello desde la ra\u00edz.<\/p>\n<p data-start=\"242\" data-end=\"252\">Incluye:<\/p>\n<ul data-start=\"253\" data-end=\"509\">\n<li data-start=\"253\" data-end=\"370\">\n<p data-start=\"255\" data-end=\"370\"><strong data-start=\"255\" data-end=\"297\">Tratamiento Intensivo Plex de Aguacate<\/strong>, que repara la fibra capilar, mejora su resistencia y aporta suavidad.<\/p>\n<\/li>\n<li data-start=\"371\" data-end=\"509\">\n<p data-start=\"373\" data-end=\"509\"><strong data-start=\"373\" data-end=\"399\">Shampoo de Menta y Aj\u00ed<\/strong>, que activa la circulaci\u00f3n del cuero cabelludo, ayuda a prevenir la ca\u00edda y deja una sensaci\u00f3n de frescura.<\/p>\n<\/li>\n<\/ul>\n<p data-start=\"511\" data-end=\"620\">Ideal para cabellos d\u00e9biles, con ca\u00edda o que buscan recuperar su vitalidad.<\/p>","protected":false},"excerpt":{"rendered":"<p>D\u00fao Intensivo de Ritual Bot\u00e1nico: la combinaci\u00f3n perfecta para estimular el crecimiento y fortalecer tu cabello desde la ra\u00edz. Incluye: Tratamiento Intensivo Plex de Aguacate, que repara la fibra capilar, mejora su resistencia y aporta suavidad. Shampoo de Menta y Aj\u00ed, que activa la circulaci\u00f3n del cuero cabelludo, ayuda a prevenir la ca\u00edda y deja [&hellip;]<\/p>","protected":false},"featured_media":1197,"comment_status":"open","ping_status":"closed","template":"","meta":[],"product_brand":[],"product_cat":[15],"product_tag":[],"class_list":{"0":"post-1196","1":"product","2":"type-product","3":"status-publish","4":"has-post-thumbnail","6":"product_cat-ritual-botanico","8":"first","9":"instock","10":"taxable","11":"shipping-taxable","12":"purchasable","13":"product-type-simple"},"supplier_id":null,"supplier_sku":"","barcode":null,"atum_controlled":true,"out_stock_date":null,"out_stock_threshold":null,"inheritable":false,"inbound_stock":null,"stock_on_hold":0,"sold_today":0,"sales_last_days":0,"reserved_stock":null,"customer_returns":null,"warehouse_damage":null,"lost_in_post":null,"other_logs":null,"out_stock_days":0,"lost_sales":0,"has_location":null,"update_date":"2026-04-18T11:05:32","atum_locations":[],"atum_stock_status":"instock","restock_status":false,"low_stock_amount":"","sales_update_date":"2026-04-18T11:05:32","calc_backorders":null,"_links":{"self":[{"href":"https:\/\/gledarcolombianpure.com\/en\/wp-json\/wp\/v2\/product\/1196","targetHints":{"allow":["GET"]}}],"collection":[{"href":"https:\/\/gledarcolombianpure.com\/en\/wp-json\/wp\/v2\/product"}],"about":[{"href":"https:\/\/gledarcolombianpure.com\/en\/wp-json\/wp\/v2\/types\/product"}],"replies":[{"embeddable":true,"href":"https:\/\/gledarcolombianpure.com\/en\/wp-json\/wp\/v2\/comments?post=1196"}],"version-history":[{"count":1,"href":"https:\/\/gledarcolombianpure.com\/en\/wp-json\/wp\/v2\/product\/1196\/revisions"}],"predecessor-version":[{"id":1198,"href":"https:\/\/gledarcolombianpure.com\/en\/wp-json\/wp\/v2\/product\/1196\/revisions\/1198"}],"wp:featuredmedia":[{"embeddable":true,"href":"https:\/\/gledarcolombianpure.com\/en\/wp-json\/wp\/v2\/media\/1197"}],"wp:attachment":[{"href":"https:\/\/gledarcolombianpure.com\/en\/wp-json\/wp\/v2\/media?parent=1196"}],"wp:term":[{"taxonomy":"product_brand","embeddable":true,"href":"https:\/\/gledarcolombianpure.com\/en\/wp-json\/wp\/v2\/product_brand?post=1196"},{"taxonomy":"product_cat","embeddable":true,"href":"https:\/\/gledarcolombianpure.com\/en\/wp-json\/wp\/v2\/product_cat?post=1196"},{"taxonomy":"product_tag","embeddable":true,"href":"https:\/\/gledarcolombianpure.com\/en\/wp-json\/wp\/v2\/product_tag?post=1196"}],"curies":[{"name":"wp","href":"https:\/\/api.w.org\/{rel}","templated":true}]}}