{"id":1199,"date":"2025-09-12T15:06:00","date_gmt":"2025-09-12T15:06:00","guid":{"rendered":"https:\/\/gledarcolombianpure.com\/?post_type=product&#038;p=1199"},"modified":"2025-09-12T15:07:02","modified_gmt":"2025-09-12T15:07:02","slug":"duo-crecimiento","status":"publish","type":"product","link":"https:\/\/gledarcolombianpure.com\/en\/shop\/duo-crecimiento\/","title":{"rendered":"D\u00fao Crecimiento"},"content":{"rendered":"<p data-start=\"103\" data-end=\"279\"><strong data-start=\"103\" data-end=\"142\">D\u00fao Crecimiento de Ritual Bot\u00e1nico:<\/strong> potencia el crecimiento y la salud de tu cabello con esta combinaci\u00f3n ideal para fortalecerlo desde la ra\u00edz y nutrirlo en profundidad.<\/p>\n<p data-start=\"281\" data-end=\"291\">Incluye:<\/p>\n<ul data-start=\"292\" data-end=\"512\">\n<li data-start=\"292\" data-end=\"402\">\n<p data-start=\"294\" data-end=\"402\"><strong data-start=\"294\" data-end=\"324\">Shampoo de Cebolla y Arg\u00e1n<\/strong>, que estimula el crecimiento, controla la ca\u00edda y aporta brillo y suavidad.<\/p>\n<\/li>\n<li data-start=\"403\" data-end=\"512\">\n<p data-start=\"405\" data-end=\"512\"><strong data-start=\"405\" data-end=\"434\">Mascarilla Bomba Bot\u00e1nica<\/strong>, que hidrata intensamente, repara el da\u00f1o y devuelve vitalidad a tu melena.<\/p>\n<\/li>\n<\/ul>\n<p data-start=\"514\" data-end=\"617\">Perfecto para cabellos d\u00e9biles, resecos o en proceso de recuperaci\u00f3n.<\/p>","protected":false},"excerpt":{"rendered":"<p>D\u00fao Crecimiento de Ritual Bot\u00e1nico: potencia el crecimiento y la salud de tu cabello con esta combinaci\u00f3n ideal para fortalecerlo desde la ra\u00edz y nutrirlo en profundidad. Incluye: Shampoo de Cebolla y Arg\u00e1n, que estimula el crecimiento, controla la ca\u00edda y aporta brillo y suavidad. Mascarilla Bomba Bot\u00e1nica, que hidrata intensamente, repara el da\u00f1o y [&hellip;]<\/p>","protected":false},"featured_media":1200,"comment_status":"open","ping_status":"closed","template":"","meta":[],"product_brand":[],"product_cat":[15],"product_tag":[],"class_list":{"0":"post-1199","1":"product","2":"type-product","3":"status-publish","4":"has-post-thumbnail","6":"product_cat-ritual-botanico","8":"first","9":"instock","10":"taxable","11":"shipping-taxable","12":"purchasable","13":"product-type-simple"},"supplier_id":null,"supplier_sku":"","barcode":null,"atum_controlled":true,"out_stock_date":null,"out_stock_threshold":null,"inheritable":false,"inbound_stock":null,"stock_on_hold":0,"sold_today":0,"sales_last_days":0,"reserved_stock":null,"customer_returns":null,"warehouse_damage":null,"lost_in_post":null,"other_logs":null,"out_stock_days":0,"lost_sales":0,"has_location":null,"update_date":"2026-04-18T11:05:32","atum_locations":[],"atum_stock_status":"instock","restock_status":false,"low_stock_amount":"","sales_update_date":"2026-04-18T11:05:32","calc_backorders":null,"_links":{"self":[{"href":"https:\/\/gledarcolombianpure.com\/en\/wp-json\/wp\/v2\/product\/1199","targetHints":{"allow":["GET"]}}],"collection":[{"href":"https:\/\/gledarcolombianpure.com\/en\/wp-json\/wp\/v2\/product"}],"about":[{"href":"https:\/\/gledarcolombianpure.com\/en\/wp-json\/wp\/v2\/types\/product"}],"replies":[{"embeddable":true,"href":"https:\/\/gledarcolombianpure.com\/en\/wp-json\/wp\/v2\/comments?post=1199"}],"version-history":[{"count":0,"href":"https:\/\/gledarcolombianpure.com\/en\/wp-json\/wp\/v2\/product\/1199\/revisions"}],"wp:featuredmedia":[{"embeddable":true,"href":"https:\/\/gledarcolombianpure.com\/en\/wp-json\/wp\/v2\/media\/1200"}],"wp:attachment":[{"href":"https:\/\/gledarcolombianpure.com\/en\/wp-json\/wp\/v2\/media?parent=1199"}],"wp:term":[{"taxonomy":"product_brand","embeddable":true,"href":"https:\/\/gledarcolombianpure.com\/en\/wp-json\/wp\/v2\/product_brand?post=1199"},{"taxonomy":"product_cat","embeddable":true,"href":"https:\/\/gledarcolombianpure.com\/en\/wp-json\/wp\/v2\/product_cat?post=1199"},{"taxonomy":"product_tag","embeddable":true,"href":"https:\/\/gledarcolombianpure.com\/en\/wp-json\/wp\/v2\/product_tag?post=1199"}],"curies":[{"name":"wp","href":"https:\/\/api.w.org\/{rel}","templated":true}]}}