{"id":1211,"date":"2025-09-18T22:04:09","date_gmt":"2025-09-18T22:04:09","guid":{"rendered":"https:\/\/gledarcolombianpure.com\/?post_type=product&#038;p=1211"},"modified":"2025-09-18T22:04:09","modified_gmt":"2025-09-18T22:04:09","slug":"acido-hialuronico-con-suero-hidratante","status":"publish","type":"product","link":"https:\/\/gledarcolombianpure.com\/en\/shop\/acido-hialuronico-con-suero-hidratante\/","title":{"rendered":"\u00e1cido Hialur\u00f3nico con Suero Hidratante"},"content":{"rendered":"<p>S\u00e9rum concentrado de \u00c1cido Hialur\u00f3nico y Niacinamida que revitaliza, rellena las arrugas e hidrata la piel a profundidad. Repara la barrera cut\u00e1nea y favorece la renovaci\u00f3n de las c\u00e9lulas de manera inmediata. El \u00e1cido hialur\u00f3nico es uno de los activos de hidrataci\u00f3n para la piel m\u00e1s eficaces, ya que es capaz de retener 1.000 veces su peso en agua, garantizando una hidrataci\u00f3n duradera sin obstruir los poros. Es de textura ligera, no grasa y se absorbe r\u00e1pidamente. Es apto para todo tipo de piel, incluyendo las pieles m\u00e1s sensibles.<\/p>","protected":false},"excerpt":{"rendered":"<p>S\u00e9rum concentrado de \u00c1cido Hialur\u00f3nico y Niacinamida que revitaliza, rellena las arrugas e hidrata la piel a profundidad. Repara la barrera cut\u00e1nea y favorece la renovaci\u00f3n de las c\u00e9lulas de manera inmediata. El \u00e1cido hialur\u00f3nico es uno de los activos de hidrataci\u00f3n para la piel m\u00e1s eficaces, ya que es capaz de retener 1.000 veces [&hellip;]<\/p>","protected":false},"featured_media":1213,"comment_status":"open","ping_status":"closed","template":"","meta":[],"product_brand":[],"product_cat":[75],"product_tag":[],"class_list":{"0":"post-1211","1":"product","2":"type-product","3":"status-publish","4":"has-post-thumbnail","6":"product_cat-elixir","8":"first","9":"instock","10":"taxable","11":"shipping-taxable","12":"product-type-simple"},"supplier_id":null,"supplier_sku":"","barcode":null,"atum_controlled":true,"out_stock_date":null,"out_stock_threshold":null,"inheritable":false,"inbound_stock":null,"stock_on_hold":0,"sold_today":0,"sales_last_days":0,"reserved_stock":null,"customer_returns":null,"warehouse_damage":null,"lost_in_post":null,"other_logs":null,"out_stock_days":0,"lost_sales":0,"has_location":null,"update_date":"2026-04-23T11:44:00","atum_locations":[],"atum_stock_status":"instock","restock_status":false,"low_stock_amount":"","sales_update_date":"2026-04-23T11:44:00","calc_backorders":null,"_links":{"self":[{"href":"https:\/\/gledarcolombianpure.com\/en\/wp-json\/wp\/v2\/product\/1211","targetHints":{"allow":["GET"]}}],"collection":[{"href":"https:\/\/gledarcolombianpure.com\/en\/wp-json\/wp\/v2\/product"}],"about":[{"href":"https:\/\/gledarcolombianpure.com\/en\/wp-json\/wp\/v2\/types\/product"}],"replies":[{"embeddable":true,"href":"https:\/\/gledarcolombianpure.com\/en\/wp-json\/wp\/v2\/comments?post=1211"}],"version-history":[{"count":0,"href":"https:\/\/gledarcolombianpure.com\/en\/wp-json\/wp\/v2\/product\/1211\/revisions"}],"wp:featuredmedia":[{"embeddable":true,"href":"https:\/\/gledarcolombianpure.com\/en\/wp-json\/wp\/v2\/media\/1213"}],"wp:attachment":[{"href":"https:\/\/gledarcolombianpure.com\/en\/wp-json\/wp\/v2\/media?parent=1211"}],"wp:term":[{"taxonomy":"product_brand","embeddable":true,"href":"https:\/\/gledarcolombianpure.com\/en\/wp-json\/wp\/v2\/product_brand?post=1211"},{"taxonomy":"product_cat","embeddable":true,"href":"https:\/\/gledarcolombianpure.com\/en\/wp-json\/wp\/v2\/product_cat?post=1211"},{"taxonomy":"product_tag","embeddable":true,"href":"https:\/\/gledarcolombianpure.com\/en\/wp-json\/wp\/v2\/product_tag?post=1211"}],"curies":[{"name":"wp","href":"https:\/\/api.w.org\/{rel}","templated":true}]}}