{"id":1346,"date":"2025-09-26T19:16:08","date_gmt":"2025-09-26T19:16:08","guid":{"rendered":"https:\/\/gledarcolombianpure.com\/?post_type=product&#038;p=1346"},"modified":"2025-12-02T18:59:12","modified_gmt":"2025-12-02T18:59:12","slug":"depilador-instantaneo","status":"publish","type":"product","link":"https:\/\/gledarcolombianpure.com\/en\/shop\/depilador-instantaneo\/","title":{"rendered":"Depilador Instant\u00e1neo"},"content":{"rendered":"<p>Con el Depilador Instant\u00e1neo OMG en tan solo un minuto, eliminar\u00e1s el vello corporal sin ardor ni dolor, y sin maltratar tu piel. Tiene un efecto inhibidor del crecimiento del vello, por lo cual la reaparici\u00f3n del vello es lenta, y cada vez m\u00e1s d\u00e9bil. Contenido. 60 Ml<\/p>","protected":false},"excerpt":{"rendered":"<p>Con el Depilador Instant\u00e1neo OMG en tan solo un minuto, eliminar\u00e1s el vello corporal sin ardor ni dolor, y sin maltratar tu piel. Tiene un efecto inhibidor del crecimiento del vello, por lo cual la reaparici\u00f3n del vello es lenta, y cada vez m\u00e1s d\u00e9bil. Contenido. 60 Ml<\/p>","protected":false},"featured_media":1350,"comment_status":"open","ping_status":"closed","template":"","meta":[],"product_brand":[],"product_cat":[67],"product_tag":[117],"class_list":{"0":"post-1346","1":"product","2":"type-product","3":"status-publish","4":"has-post-thumbnail","6":"product_cat-omg","7":"product_tag-agotado","9":"first","10":"outofstock","11":"taxable","12":"shipping-taxable","13":"purchasable","14":"product-type-simple"},"supplier_id":null,"supplier_sku":"","barcode":null,"atum_controlled":true,"out_stock_date":null,"out_stock_threshold":null,"inheritable":false,"inbound_stock":null,"stock_on_hold":0,"sold_today":0,"sales_last_days":0,"reserved_stock":null,"customer_returns":null,"warehouse_damage":null,"lost_in_post":null,"other_logs":null,"out_stock_days":0,"lost_sales":0,"has_location":null,"update_date":"2026-04-18T11:05:20","atum_locations":[],"atum_stock_status":"outofstock","restock_status":false,"low_stock_amount":"","sales_update_date":"2026-04-18T11:05:20","calc_backorders":null,"_links":{"self":[{"href":"https:\/\/gledarcolombianpure.com\/en\/wp-json\/wp\/v2\/product\/1346","targetHints":{"allow":["GET"]}}],"collection":[{"href":"https:\/\/gledarcolombianpure.com\/en\/wp-json\/wp\/v2\/product"}],"about":[{"href":"https:\/\/gledarcolombianpure.com\/en\/wp-json\/wp\/v2\/types\/product"}],"replies":[{"embeddable":true,"href":"https:\/\/gledarcolombianpure.com\/en\/wp-json\/wp\/v2\/comments?post=1346"}],"version-history":[{"count":1,"href":"https:\/\/gledarcolombianpure.com\/en\/wp-json\/wp\/v2\/product\/1346\/revisions"}],"predecessor-version":[{"id":2973,"href":"https:\/\/gledarcolombianpure.com\/en\/wp-json\/wp\/v2\/product\/1346\/revisions\/2973"}],"wp:featuredmedia":[{"embeddable":true,"href":"https:\/\/gledarcolombianpure.com\/en\/wp-json\/wp\/v2\/media\/1350"}],"wp:attachment":[{"href":"https:\/\/gledarcolombianpure.com\/en\/wp-json\/wp\/v2\/media?parent=1346"}],"wp:term":[{"taxonomy":"product_brand","embeddable":true,"href":"https:\/\/gledarcolombianpure.com\/en\/wp-json\/wp\/v2\/product_brand?post=1346"},{"taxonomy":"product_cat","embeddable":true,"href":"https:\/\/gledarcolombianpure.com\/en\/wp-json\/wp\/v2\/product_cat?post=1346"},{"taxonomy":"product_tag","embeddable":true,"href":"https:\/\/gledarcolombianpure.com\/en\/wp-json\/wp\/v2\/product_tag?post=1346"}],"curies":[{"name":"wp","href":"https:\/\/api.w.org\/{rel}","templated":true}]}}