{"id":1370,"date":"2025-09-26T20:24:36","date_gmt":"2025-09-26T20:24:36","guid":{"rendered":"https:\/\/gledarcolombianpure.com\/?post_type=product&#038;p=1370"},"modified":"2025-09-26T20:24:37","modified_gmt":"2025-09-26T20:24:37","slug":"bronceador-de-coco","status":"publish","type":"product","link":"https:\/\/gledarcolombianpure.com\/en\/shop\/bronceador-de-coco\/","title":{"rendered":"Bronceador de Coco"},"content":{"rendered":"<p>Bronceador de Coco D&#8217;Luchi 250 ML<\/p>\n<p><strong>Bronceado progresivo y color perfecto para todo tipo de piel! <\/strong><\/p>\n<p>Nuestro Bronceador de Coco D&#8217;Luchi es ideal para todo tipo de piel, especialmente para pieles muy blancas o que no est\u00e9n acostumbradas al bronceado. Su f\u00f3rmula es suave con tu piel y deja un color que va aumentando progresivamente con cada capa que uses, evitando una irritaci\u00f3n o lastimar la piel. Sirve para: \u2022 Ideal para pieles claras o sensibles, ayud\u00e1ndolas a adaptarse gradualmente al bronceado. \u2022 Proporciona un tono canela progresivo, evitando insolaciones o irritaciones. \u2022 Prepara la piel para que el color sea m\u00e1s duradero y no se desvanezca r\u00e1pidamente. \u2022 Hidrata profundamente gracias al aceite de coco y la vitamina E, dejando la piel suave y luminosa. Recomendaciones: \u2022 \u00dasalo desde el primer d\u00eda de exposici\u00f3n al sol para preparar tu piel. \u2022 Alterna con otros bronceadores D&#8217;Luchi para obtener resultados \u00f3ptimos. \u2022 Utiliza siempre protector solar adicional y evita la exposici\u00f3n al sol entre las 10:30 a. m. y las 2:00 p. m. para proteger tu piel de posibles da\u00f1os.<\/p>","protected":false},"excerpt":{"rendered":"<p>Bronceador de Coco D&#8217;Luchi 250 ML Bronceado progresivo y color perfecto para todo tipo de piel! Nuestro Bronceador de Coco D&#8217;Luchi es ideal para todo tipo de piel, especialmente para pieles muy blancas o que no est\u00e9n acostumbradas al bronceado. Su f\u00f3rmula es suave con tu piel y deja un color que va aumentando progresivamente [&hellip;]<\/p>","protected":false},"featured_media":1364,"comment_status":"open","ping_status":"closed","template":"","meta":[],"product_brand":[],"product_cat":[68],"product_tag":[],"class_list":{"0":"post-1370","1":"product","2":"type-product","3":"status-publish","4":"has-post-thumbnail","6":"product_cat-dluchi","8":"first","9":"instock","10":"taxable","11":"shipping-taxable","12":"purchasable","13":"product-type-simple"},"supplier_id":null,"supplier_sku":"","barcode":null,"atum_controlled":true,"out_stock_date":null,"out_stock_threshold":null,"inheritable":false,"inbound_stock":null,"stock_on_hold":0,"sold_today":0,"sales_last_days":0,"reserved_stock":null,"customer_returns":null,"warehouse_damage":null,"lost_in_post":null,"other_logs":null,"out_stock_days":0,"lost_sales":0,"has_location":null,"update_date":"2026-04-22T11:43:32","atum_locations":[],"atum_stock_status":"instock","restock_status":false,"low_stock_amount":"","sales_update_date":"2026-04-22T11:43:32","calc_backorders":null,"_links":{"self":[{"href":"https:\/\/gledarcolombianpure.com\/en\/wp-json\/wp\/v2\/product\/1370","targetHints":{"allow":["GET"]}}],"collection":[{"href":"https:\/\/gledarcolombianpure.com\/en\/wp-json\/wp\/v2\/product"}],"about":[{"href":"https:\/\/gledarcolombianpure.com\/en\/wp-json\/wp\/v2\/types\/product"}],"replies":[{"embeddable":true,"href":"https:\/\/gledarcolombianpure.com\/en\/wp-json\/wp\/v2\/comments?post=1370"}],"version-history":[{"count":0,"href":"https:\/\/gledarcolombianpure.com\/en\/wp-json\/wp\/v2\/product\/1370\/revisions"}],"wp:featuredmedia":[{"embeddable":true,"href":"https:\/\/gledarcolombianpure.com\/en\/wp-json\/wp\/v2\/media\/1364"}],"wp:attachment":[{"href":"https:\/\/gledarcolombianpure.com\/en\/wp-json\/wp\/v2\/media?parent=1370"}],"wp:term":[{"taxonomy":"product_brand","embeddable":true,"href":"https:\/\/gledarcolombianpure.com\/en\/wp-json\/wp\/v2\/product_brand?post=1370"},{"taxonomy":"product_cat","embeddable":true,"href":"https:\/\/gledarcolombianpure.com\/en\/wp-json\/wp\/v2\/product_cat?post=1370"},{"taxonomy":"product_tag","embeddable":true,"href":"https:\/\/gledarcolombianpure.com\/en\/wp-json\/wp\/v2\/product_tag?post=1370"}],"curies":[{"name":"wp","href":"https:\/\/api.w.org\/{rel}","templated":true}]}}