{"id":1380,"date":"2025-09-26T20:50:27","date_gmt":"2025-09-26T20:50:27","guid":{"rendered":"https:\/\/gledarcolombianpure.com\/?post_type=product&#038;p=1380"},"modified":"2025-09-26T20:52:17","modified_gmt":"2025-09-26T20:52:17","slug":"duo-bronceador-de-zanahoria","status":"publish","type":"product","link":"https:\/\/gledarcolombianpure.com\/en\/shop\/duo-bronceador-de-zanahoria\/","title":{"rendered":"D\u00fao Bronceador de Zanahoria"},"content":{"rendered":"<p>Mantequilla Corporal + Aceite de Zanahoria<\/p>\n<p>Es ultra hidratante y humectante, mantiene la piel joven y retrasa el proceso de envejecimiento. \u25aaTiene brillos dorados \u25aaNo es maquillaje \u25aaResalta el tono dorado Contiene vitamina E, aceite de coco Te recomendamos que antes de vestirte esperes de 8 a 10 minutos mientras el producto se absorbe por completo. Bronceador Zanahoria Y Canela Tiene un alto contenido de betacaroteno, lo cual ayuda a tu piel a acelerar el proceso de bronceo, logrando el tono de piel deseado, luego de haberla preparado con el bronceador de coco. Te recomendamos usarlo al d\u00eda siguiente de la aplicaci\u00f3n del bronceador de coco, y alternarlo por d\u00edas. SPF 4. \u00a1Utiliza siempre protector solar!<\/p>\n<p>Modo de uso Mantequilla Corporal \u25aaAplica poca cantidad en la zona que desees intensificar el color. \u25aaEspera de 8 a 10 minutos para vestirte, o verifica que el producto se haya absorbido por completo. \u25aaIntenta no mojarte o pasarte pa\u00f1itos h\u00famedos pues el producto se cae con el contacto del agua. \u00a1Obt\u00e9n un tono dorado en tu piel sin necesidad de exponerte al sol! Modo de uso Bronceador de Canela y Zanahoria \u25aaSiempre que vayas a usar nuestro bronceador debes aplicar nuestro protector solar D\u00b4Luchi con factor de protecci\u00f3n (50+). \u25aaLuego aplicas el bronceador. Repite el proceso de aplicar el protector solar y el bronceador cada 15 min para evitar insolarte, y as\u00ed obtener un bronceado perfecto. Te recomendamos que el tiempo de exposici\u00f3n al sol sea de 20 a 30 minutos aproximadamente. \u25aaEn caso de tener nuestros dos bronceadores, puedes alternarlos. El d\u00eda uno de exposici\u00f3n al sol inicias con el de coco y al d\u00eda siguiente con el de canela y zanahoria.<\/p>","protected":false},"excerpt":{"rendered":"<p>Mantequilla Corporal + Aceite de Zanahoria Es ultra hidratante y humectante, mantiene la piel joven y retrasa el proceso de envejecimiento. \u25aaTiene brillos dorados \u25aaNo es maquillaje \u25aaResalta el tono dorado Contiene vitamina E, aceite de coco Te recomendamos que antes de vestirte esperes de 8 a 10 minutos mientras el producto se absorbe por [&hellip;]<\/p>","protected":false},"featured_media":1358,"comment_status":"open","ping_status":"closed","template":"","meta":[],"product_brand":[],"product_cat":[68],"product_tag":[],"class_list":{"0":"post-1380","1":"product","2":"type-product","3":"status-publish","4":"has-post-thumbnail","6":"product_cat-dluchi","8":"first","9":"instock","10":"taxable","11":"shipping-taxable","12":"purchasable","13":"product-type-simple"},"supplier_id":null,"supplier_sku":"","barcode":null,"atum_controlled":true,"out_stock_date":null,"out_stock_threshold":null,"inheritable":false,"inbound_stock":null,"stock_on_hold":0,"sold_today":0,"sales_last_days":0,"reserved_stock":null,"customer_returns":null,"warehouse_damage":null,"lost_in_post":null,"other_logs":null,"out_stock_days":0,"lost_sales":0,"has_location":null,"update_date":"2026-04-23T11:43:57","atum_locations":[],"atum_stock_status":"instock","restock_status":false,"low_stock_amount":"","sales_update_date":"2026-04-23T11:43:57","calc_backorders":null,"_links":{"self":[{"href":"https:\/\/gledarcolombianpure.com\/en\/wp-json\/wp\/v2\/product\/1380","targetHints":{"allow":["GET"]}}],"collection":[{"href":"https:\/\/gledarcolombianpure.com\/en\/wp-json\/wp\/v2\/product"}],"about":[{"href":"https:\/\/gledarcolombianpure.com\/en\/wp-json\/wp\/v2\/types\/product"}],"replies":[{"embeddable":true,"href":"https:\/\/gledarcolombianpure.com\/en\/wp-json\/wp\/v2\/comments?post=1380"}],"version-history":[{"count":1,"href":"https:\/\/gledarcolombianpure.com\/en\/wp-json\/wp\/v2\/product\/1380\/revisions"}],"predecessor-version":[{"id":1381,"href":"https:\/\/gledarcolombianpure.com\/en\/wp-json\/wp\/v2\/product\/1380\/revisions\/1381"}],"wp:featuredmedia":[{"embeddable":true,"href":"https:\/\/gledarcolombianpure.com\/en\/wp-json\/wp\/v2\/media\/1358"}],"wp:attachment":[{"href":"https:\/\/gledarcolombianpure.com\/en\/wp-json\/wp\/v2\/media?parent=1380"}],"wp:term":[{"taxonomy":"product_brand","embeddable":true,"href":"https:\/\/gledarcolombianpure.com\/en\/wp-json\/wp\/v2\/product_brand?post=1380"},{"taxonomy":"product_cat","embeddable":true,"href":"https:\/\/gledarcolombianpure.com\/en\/wp-json\/wp\/v2\/product_cat?post=1380"},{"taxonomy":"product_tag","embeddable":true,"href":"https:\/\/gledarcolombianpure.com\/en\/wp-json\/wp\/v2\/product_tag?post=1380"}],"curies":[{"name":"wp","href":"https:\/\/api.w.org\/{rel}","templated":true}]}}