{"id":1383,"date":"2025-09-26T20:57:21","date_gmt":"2025-09-26T20:57:21","guid":{"rendered":"https:\/\/gledarcolombianpure.com\/?post_type=product&#038;p=1383"},"modified":"2025-09-26T20:57:21","modified_gmt":"2025-09-26T20:57:21","slug":"kit-bronceo-basico","status":"publish","type":"product","link":"https:\/\/gledarcolombianpure.com\/en\/shop\/kit-bronceo-basico\/","title":{"rendered":"Kit Bronceo B\u00e1sico"},"content":{"rendered":"<p><strong>\u00a1El kit necesario para lucir un bronceado perfecto! <\/strong><\/p>\n<p>Con nuestro Kit de Bronceo B\u00e1sico D\u00b4Luchi logra el bronceado perfecto que tanto buscas mientras cuidas tu piel y la mantienes hidratada. Adem\u00e1s de preparar las capas de la piel y acelerar el proceso de bronceado y haci\u00e9ndolo duradero. Contiene: Bronceador de Coco 250 ML, Bronceador de Zanahoria y Canela 250 ML, Loci\u00f3n de Oro Corporal 120 ml y Regenerador de Almendras 120 ML *Puede presentar variaciones en su presentaci\u00f3n conservando el mismo contenido seg\u00fan disponibilidad. *La cartuchera puede variar su dise\u00f1o seg\u00fan disponibilidad Beneficios: \u2022 Hidrataci\u00f3n intensa: Mant\u00e9n tu piel nutrida y saludable durante todo el proceso de bronceado. \u2022 Bronceado progresivo y duradero: Gracias a su combinaci\u00f3n de ingredientes, asegura un tono canela uniforme que perdura. \u2022 Cuidado integral: Prepara las capas de la piel, acelera el bronceado y garantiza una recuperaci\u00f3n \u00f3ptima despu\u00e9s del sol. Nota: Las presentaciones de los productos pueden variar seg\u00fan la disponibilidad, manteniendo siempre la misma calidad y cantidad. La cartuchera incluida podr\u00eda tener dise\u00f1os diferentes dependiendo del stock. \u00a1Haz tuyo este kit y luce un bronceado perfecto todo el a\u00f1o.<\/p>","protected":false},"excerpt":{"rendered":"<p>\u00a1El kit necesario para lucir un bronceado perfecto! Con nuestro Kit de Bronceo B\u00e1sico D\u00b4Luchi logra el bronceado perfecto que tanto buscas mientras cuidas tu piel y la mantienes hidratada. Adem\u00e1s de preparar las capas de la piel y acelerar el proceso de bronceado y haci\u00e9ndolo duradero. Contiene: Bronceador de Coco 250 ML, Bronceador de [&hellip;]<\/p>","protected":false},"featured_media":1356,"comment_status":"open","ping_status":"closed","template":"","meta":[],"product_brand":[],"product_cat":[68],"product_tag":[],"class_list":{"0":"post-1383","1":"product","2":"type-product","3":"status-publish","4":"has-post-thumbnail","6":"product_cat-dluchi","8":"first","9":"instock","10":"taxable","11":"shipping-taxable","12":"purchasable","13":"product-type-simple"},"supplier_id":null,"supplier_sku":"","barcode":null,"atum_controlled":true,"out_stock_date":null,"out_stock_threshold":null,"inheritable":false,"inbound_stock":null,"stock_on_hold":0,"sold_today":0,"sales_last_days":0,"reserved_stock":null,"customer_returns":null,"warehouse_damage":null,"lost_in_post":null,"other_logs":null,"out_stock_days":0,"lost_sales":0,"has_location":null,"update_date":"2026-04-22T11:43:32","atum_locations":[],"atum_stock_status":"instock","restock_status":false,"low_stock_amount":"","sales_update_date":"2026-04-22T11:43:32","calc_backorders":null,"_links":{"self":[{"href":"https:\/\/gledarcolombianpure.com\/en\/wp-json\/wp\/v2\/product\/1383","targetHints":{"allow":["GET"]}}],"collection":[{"href":"https:\/\/gledarcolombianpure.com\/en\/wp-json\/wp\/v2\/product"}],"about":[{"href":"https:\/\/gledarcolombianpure.com\/en\/wp-json\/wp\/v2\/types\/product"}],"replies":[{"embeddable":true,"href":"https:\/\/gledarcolombianpure.com\/en\/wp-json\/wp\/v2\/comments?post=1383"}],"version-history":[{"count":0,"href":"https:\/\/gledarcolombianpure.com\/en\/wp-json\/wp\/v2\/product\/1383\/revisions"}],"wp:featuredmedia":[{"embeddable":true,"href":"https:\/\/gledarcolombianpure.com\/en\/wp-json\/wp\/v2\/media\/1356"}],"wp:attachment":[{"href":"https:\/\/gledarcolombianpure.com\/en\/wp-json\/wp\/v2\/media?parent=1383"}],"wp:term":[{"taxonomy":"product_brand","embeddable":true,"href":"https:\/\/gledarcolombianpure.com\/en\/wp-json\/wp\/v2\/product_brand?post=1383"},{"taxonomy":"product_cat","embeddable":true,"href":"https:\/\/gledarcolombianpure.com\/en\/wp-json\/wp\/v2\/product_cat?post=1383"},{"taxonomy":"product_tag","embeddable":true,"href":"https:\/\/gledarcolombianpure.com\/en\/wp-json\/wp\/v2\/product_tag?post=1383"}],"curies":[{"name":"wp","href":"https:\/\/api.w.org\/{rel}","templated":true}]}}