{"id":1504,"date":"2025-09-27T03:39:45","date_gmt":"2025-09-27T03:39:45","guid":{"rendered":"https:\/\/gledarcolombianpure.com\/?post_type=product&#038;p=1504"},"modified":"2025-09-27T03:39:45","modified_gmt":"2025-09-27T03:39:45","slug":"body-cream-xl-fresa","status":"publish","type":"product","link":"https:\/\/gledarcolombianpure.com\/en\/shop\/body-cream-xl-fresa\/","title":{"rendered":"Body Cream XL Fresa"},"content":{"rendered":"<p>Cuidar tu piel no deber\u00eda tener l\u00edmite, Baby Cream XL FRESA, un tama\u00f1o m\u00e1s grande, con m\u00e1s cantidad para que disfrutes tu crema corporal favorita todos los d\u00edas. Hidrata profundamente tu piel y d\u00e9jala envuelta en un delicioso aroma a FRESA. Nuestra crema corporal est\u00e1 enriquecida con ingredientes que aportan suavidad, hidrataci\u00f3n y un aspecto saludable a tu piel. Contiene vitamina E, un poderoso antioxidante que protege y ayuda a combatir el envejecimiento de la piel; col\u00e1geno, esencial para mantener la hidrataci\u00f3n y favorecer la reparaci\u00f3n; y elastina, que mejora la elasticidad y firmeza de tu cuerpo. Ideal para incluir en tu rutina diaria y mantener tu piel siempre hidratada, suave y radiante. Cuidar tu piel no deber\u00eda tener l\u00edmite, Baby Cream XL COCO, un tama\u00f1o m\u00e1s grande, con m\u00e1s cantidad para que disfrutes tu crema corporal favorita todos los d\u00edas. Hidrata profundamente tu piel y d\u00e9jala envuelta en un delicioso aroma a COCO. Nuestra crema corporal est\u00e1 enriquecida con ingredientes que aportan suavidad, hidrataci\u00f3n y un aspecto saludable a tu piel. Contiene vitamina E, un poderoso antioxidante que protege y ayuda a combatir el envejecimiento de la piel; col\u00e1geno, esencial para mantener la hidrataci\u00f3n y favorecer la reparaci\u00f3n; y elastina, que mejora la elasticidad y firmeza de tu cuerpo. Ideal para incluir en tu rutina diaria y mantener tu piel siempre hidratada, suave y radiante.<\/p>","protected":false},"excerpt":{"rendered":"<p>Cuidar tu piel no deber\u00eda tener l\u00edmite, Baby Cream XL FRESA, un tama\u00f1o m\u00e1s grande, con m\u00e1s cantidad para que disfrutes tu crema corporal favorita todos los d\u00edas. Hidrata profundamente tu piel y d\u00e9jala envuelta en un delicioso aroma a FRESA. Nuestra crema corporal est\u00e1 enriquecida con ingredientes que aportan suavidad, hidrataci\u00f3n y un aspecto [&hellip;]<\/p>","protected":false},"featured_media":1503,"comment_status":"open","ping_status":"closed","template":"","meta":[],"product_brand":[],"product_cat":[71],"product_tag":[],"class_list":{"0":"post-1504","1":"product","2":"type-product","3":"status-publish","4":"has-post-thumbnail","6":"product_cat-lluvia-de-estrellas","8":"first","9":"instock","10":"taxable","11":"shipping-taxable","12":"purchasable","13":"product-type-simple"},"supplier_id":null,"supplier_sku":"","barcode":null,"atum_controlled":true,"out_stock_date":null,"out_stock_threshold":null,"inheritable":false,"inbound_stock":null,"stock_on_hold":0,"sold_today":0,"sales_last_days":0,"reserved_stock":null,"customer_returns":null,"warehouse_damage":null,"lost_in_post":null,"other_logs":null,"out_stock_days":0,"lost_sales":0,"has_location":null,"update_date":"2026-04-09T10:45:11","atum_locations":[],"atum_stock_status":"instock","restock_status":false,"low_stock_amount":"","sales_update_date":"2026-04-09T10:45:11","calc_backorders":null,"_links":{"self":[{"href":"https:\/\/gledarcolombianpure.com\/en\/wp-json\/wp\/v2\/product\/1504","targetHints":{"allow":["GET"]}}],"collection":[{"href":"https:\/\/gledarcolombianpure.com\/en\/wp-json\/wp\/v2\/product"}],"about":[{"href":"https:\/\/gledarcolombianpure.com\/en\/wp-json\/wp\/v2\/types\/product"}],"replies":[{"embeddable":true,"href":"https:\/\/gledarcolombianpure.com\/en\/wp-json\/wp\/v2\/comments?post=1504"}],"version-history":[{"count":1,"href":"https:\/\/gledarcolombianpure.com\/en\/wp-json\/wp\/v2\/product\/1504\/revisions"}],"predecessor-version":[{"id":1505,"href":"https:\/\/gledarcolombianpure.com\/en\/wp-json\/wp\/v2\/product\/1504\/revisions\/1505"}],"wp:featuredmedia":[{"embeddable":true,"href":"https:\/\/gledarcolombianpure.com\/en\/wp-json\/wp\/v2\/media\/1503"}],"wp:attachment":[{"href":"https:\/\/gledarcolombianpure.com\/en\/wp-json\/wp\/v2\/media?parent=1504"}],"wp:term":[{"taxonomy":"product_brand","embeddable":true,"href":"https:\/\/gledarcolombianpure.com\/en\/wp-json\/wp\/v2\/product_brand?post=1504"},{"taxonomy":"product_cat","embeddable":true,"href":"https:\/\/gledarcolombianpure.com\/en\/wp-json\/wp\/v2\/product_cat?post=1504"},{"taxonomy":"product_tag","embeddable":true,"href":"https:\/\/gledarcolombianpure.com\/en\/wp-json\/wp\/v2\/product_tag?post=1504"}],"curies":[{"name":"wp","href":"https:\/\/api.w.org\/{rel}","templated":true}]}}