{"id":1507,"date":"2025-09-27T03:40:51","date_gmt":"2025-09-27T03:40:51","guid":{"rendered":"https:\/\/gledarcolombianpure.com\/?post_type=product&#038;p=1507"},"modified":"2025-09-27T03:40:51","modified_gmt":"2025-09-27T03:40:51","slug":"gloss-nude","status":"publish","type":"product","link":"https:\/\/gledarcolombianpure.com\/en\/shop\/gloss-nude\/","title":{"rendered":"Gloss Nude"},"content":{"rendered":"<p>Dale a tus labios un acabado brillante, jugoso y natural con nuestro gloss Nude Beauty Lips. Su tono nude realza tu belleza con un efecto sutil pero encantador, ideal para cualquier ocasi\u00f3n. Su textura ligera no es pegajosa y deja tus labios con un aspecto irresistible y voluminoso. Est\u00e1 formulado con \u00e1cido hialur\u00f3nico, que hidrata en profundidad y deja los labios suaves, y manteca de cacao, que repara, protege y nutre. Adem\u00e1s tiene un delicioso aroma a chicle.<\/p>","protected":false},"excerpt":{"rendered":"<p>Dale a tus labios un acabado brillante, jugoso y natural con nuestro gloss Nude Beauty Lips. Su tono nude realza tu belleza con un efecto sutil pero encantador, ideal para cualquier ocasi\u00f3n. Su textura ligera no es pegajosa y deja tus labios con un aspecto irresistible y voluminoso. Est\u00e1 formulado con \u00e1cido hialur\u00f3nico, que hidrata [&hellip;]<\/p>","protected":false},"featured_media":1498,"comment_status":"open","ping_status":"closed","template":"","meta":[],"product_brand":[],"product_cat":[71],"product_tag":[],"class_list":{"0":"post-1507","1":"product","2":"type-product","3":"status-publish","4":"has-post-thumbnail","6":"product_cat-lluvia-de-estrellas","8":"first","9":"instock","10":"taxable","11":"shipping-taxable","12":"purchasable","13":"product-type-simple"},"supplier_id":null,"supplier_sku":"","barcode":null,"atum_controlled":true,"out_stock_date":null,"out_stock_threshold":null,"inheritable":false,"inbound_stock":null,"stock_on_hold":0,"sold_today":0,"sales_last_days":0,"reserved_stock":null,"customer_returns":null,"warehouse_damage":null,"lost_in_post":null,"other_logs":null,"out_stock_days":0,"lost_sales":0,"has_location":null,"update_date":"2026-04-09T10:45:11","atum_locations":[],"atum_stock_status":"instock","restock_status":false,"low_stock_amount":"","sales_update_date":"2026-04-09T10:45:11","calc_backorders":null,"_links":{"self":[{"href":"https:\/\/gledarcolombianpure.com\/en\/wp-json\/wp\/v2\/product\/1507","targetHints":{"allow":["GET"]}}],"collection":[{"href":"https:\/\/gledarcolombianpure.com\/en\/wp-json\/wp\/v2\/product"}],"about":[{"href":"https:\/\/gledarcolombianpure.com\/en\/wp-json\/wp\/v2\/types\/product"}],"replies":[{"embeddable":true,"href":"https:\/\/gledarcolombianpure.com\/en\/wp-json\/wp\/v2\/comments?post=1507"}],"version-history":[{"count":0,"href":"https:\/\/gledarcolombianpure.com\/en\/wp-json\/wp\/v2\/product\/1507\/revisions"}],"wp:featuredmedia":[{"embeddable":true,"href":"https:\/\/gledarcolombianpure.com\/en\/wp-json\/wp\/v2\/media\/1498"}],"wp:attachment":[{"href":"https:\/\/gledarcolombianpure.com\/en\/wp-json\/wp\/v2\/media?parent=1507"}],"wp:term":[{"taxonomy":"product_brand","embeddable":true,"href":"https:\/\/gledarcolombianpure.com\/en\/wp-json\/wp\/v2\/product_brand?post=1507"},{"taxonomy":"product_cat","embeddable":true,"href":"https:\/\/gledarcolombianpure.com\/en\/wp-json\/wp\/v2\/product_cat?post=1507"},{"taxonomy":"product_tag","embeddable":true,"href":"https:\/\/gledarcolombianpure.com\/en\/wp-json\/wp\/v2\/product_tag?post=1507"}],"curies":[{"name":"wp","href":"https:\/\/api.w.org\/{rel}","templated":true}]}}