{"id":1512,"date":"2025-09-27T03:48:43","date_gmt":"2025-09-27T03:48:43","guid":{"rendered":"https:\/\/gledarcolombianpure.com\/?post_type=product&#038;p=1512"},"modified":"2025-09-27T03:48:43","modified_gmt":"2025-09-27T03:48:43","slug":"perfume-capilar","status":"publish","type":"product","link":"https:\/\/gledarcolombianpure.com\/en\/shop\/perfume-capilar\/","title":{"rendered":"Perfume Capilar"},"content":{"rendered":"<p><strong>Elige Mil Deseos, Candy o Explosi\u00f3n Frutal<\/strong><\/p>\n<p>Nuestro perfume capilar est\u00e1 dise\u00f1ado para dejar en tu cabello un delicioso aroma mientras lo cuida y protege. Su fragancia frutal y dulce combina notas de frutos rojos, con un toque predominante de fresa y pi\u00f1a. Su f\u00f3rmula contiene ingredientes naturales que nutren, fortalecen y protegen tu cabello frente a los da\u00f1os causados por el ambiente. Enriquecido con aceite de arg\u00e1n, aporta brillo y ayuda a reducir el frizz; con keratina, una prote\u00edna natural que repara y protege la fibra capilar; y romero, que estimula el crecimiento, previene la ca\u00edda y mejora la salud del cuero cabelludo. Adem\u00e1s, incorpora vitamina E, ideal para reparar puntas abiertas y mantener el cabello suave y saludable. Funciona tambi\u00e9n como termoprotector, creando una barrera contra el calor de la plancha o el secador. Puedes aplicarlo antes del peinado o durante el d\u00eda para refrescar y perfumar tu cabello al instante.<\/p>","protected":false},"excerpt":{"rendered":"<p>Elige Mil Deseos, Candy o Explosi\u00f3n Frutal Nuestro perfume capilar est\u00e1 dise\u00f1ado para dejar en tu cabello un delicioso aroma mientras lo cuida y protege. Su fragancia frutal y dulce combina notas de frutos rojos, con un toque predominante de fresa y pi\u00f1a. Su f\u00f3rmula contiene ingredientes naturales que nutren, fortalecen y protegen tu cabello [&hellip;]<\/p>","protected":false},"featured_media":1499,"comment_status":"open","ping_status":"closed","template":"","meta":[],"product_brand":[],"product_cat":[71],"product_tag":[],"class_list":{"0":"post-1512","1":"product","2":"type-product","3":"status-publish","4":"has-post-thumbnail","6":"product_cat-lluvia-de-estrellas","8":"first","9":"instock","10":"taxable","11":"shipping-taxable","12":"purchasable","13":"product-type-simple"},"supplier_id":null,"supplier_sku":"","barcode":null,"atum_controlled":true,"out_stock_date":null,"out_stock_threshold":null,"inheritable":false,"inbound_stock":null,"stock_on_hold":0,"sold_today":0,"sales_last_days":0,"reserved_stock":null,"customer_returns":null,"warehouse_damage":null,"lost_in_post":null,"other_logs":null,"out_stock_days":0,"lost_sales":0,"has_location":null,"update_date":"2026-04-09T10:45:19","atum_locations":[],"atum_stock_status":"instock","restock_status":false,"low_stock_amount":"","sales_update_date":"2026-04-09T10:45:19","calc_backorders":null,"_links":{"self":[{"href":"https:\/\/gledarcolombianpure.com\/en\/wp-json\/wp\/v2\/product\/1512","targetHints":{"allow":["GET"]}}],"collection":[{"href":"https:\/\/gledarcolombianpure.com\/en\/wp-json\/wp\/v2\/product"}],"about":[{"href":"https:\/\/gledarcolombianpure.com\/en\/wp-json\/wp\/v2\/types\/product"}],"replies":[{"embeddable":true,"href":"https:\/\/gledarcolombianpure.com\/en\/wp-json\/wp\/v2\/comments?post=1512"}],"version-history":[{"count":0,"href":"https:\/\/gledarcolombianpure.com\/en\/wp-json\/wp\/v2\/product\/1512\/revisions"}],"wp:featuredmedia":[{"embeddable":true,"href":"https:\/\/gledarcolombianpure.com\/en\/wp-json\/wp\/v2\/media\/1499"}],"wp:attachment":[{"href":"https:\/\/gledarcolombianpure.com\/en\/wp-json\/wp\/v2\/media?parent=1512"}],"wp:term":[{"taxonomy":"product_brand","embeddable":true,"href":"https:\/\/gledarcolombianpure.com\/en\/wp-json\/wp\/v2\/product_brand?post=1512"},{"taxonomy":"product_cat","embeddable":true,"href":"https:\/\/gledarcolombianpure.com\/en\/wp-json\/wp\/v2\/product_cat?post=1512"},{"taxonomy":"product_tag","embeddable":true,"href":"https:\/\/gledarcolombianpure.com\/en\/wp-json\/wp\/v2\/product_tag?post=1512"}],"curies":[{"name":"wp","href":"https:\/\/api.w.org\/{rel}","templated":true}]}}