{"id":1515,"date":"2025-09-27T03:51:30","date_gmt":"2025-09-27T03:51:30","guid":{"rendered":"https:\/\/gledarcolombianpure.com\/?post_type=product&#038;p=1515"},"modified":"2025-09-27T03:51:30","modified_gmt":"2025-09-27T03:51:30","slug":"mantequilla-corporal-sandia","status":"publish","type":"product","link":"https:\/\/gledarcolombianpure.com\/en\/shop\/mantequilla-corporal-sandia\/","title":{"rendered":"Mantequilla Corporal Sandia"},"content":{"rendered":"<p>Nuestra mantequilla corporal de SAND\u00cdA &#8211; combina una textura cremosa con un exquisito aroma dulce, que mezcla notas de miel, flores y un delicioso aroma frutal de sand\u00eda, ese aroma delicioso y caracter\u00edstico del chicle. con un delicioso aroma frutal a SAND\u00cdA y destellos dorados que iluminan tu piel. Est\u00e1 enriquecida con aceite de naranja, que revitaliza e hidrata profundamente; cal\u00e9ndula, que favorece la regeneraci\u00f3n celular y aporta protecci\u00f3n frente a los rayos solares y factores ambientales; y manzanilla, que suaviza y mejora la textura de la piel. Gracias a su f\u00f3rmula libre de parabenos, petrolatos, sal y sulfatos, es ideal para el uso diario. Este producto no solo embellece tu piel con destellos, sino que tambi\u00e9n la cuida y le proporciona bienestar en cada aplicaci\u00f3n. Contenido. 200 ML<\/p>","protected":false},"excerpt":{"rendered":"<p>Nuestra mantequilla corporal de SAND\u00cdA &#8211; combina una textura cremosa con un exquisito aroma dulce, que mezcla notas de miel, flores y un delicioso aroma frutal de sand\u00eda, ese aroma delicioso y caracter\u00edstico del chicle. con un delicioso aroma frutal a SAND\u00cdA y destellos dorados que iluminan tu piel. Est\u00e1 enriquecida con aceite de naranja, [&hellip;]<\/p>","protected":false},"featured_media":1502,"comment_status":"open","ping_status":"closed","template":"","meta":[],"product_brand":[],"product_cat":[71],"product_tag":[],"class_list":{"0":"post-1515","1":"product","2":"type-product","3":"status-publish","4":"has-post-thumbnail","6":"product_cat-lluvia-de-estrellas","8":"first","9":"instock","10":"taxable","11":"shipping-taxable","12":"purchasable","13":"product-type-simple"},"supplier_id":null,"supplier_sku":"","barcode":null,"atum_controlled":true,"out_stock_date":null,"out_stock_threshold":null,"inheritable":false,"inbound_stock":null,"stock_on_hold":0,"sold_today":0,"sales_last_days":0,"reserved_stock":null,"customer_returns":null,"warehouse_damage":null,"lost_in_post":null,"other_logs":null,"out_stock_days":0,"lost_sales":0,"has_location":null,"update_date":"2026-04-09T10:45:16","atum_locations":[],"atum_stock_status":"instock","restock_status":false,"low_stock_amount":"","sales_update_date":"2026-04-09T10:45:16","calc_backorders":null,"_links":{"self":[{"href":"https:\/\/gledarcolombianpure.com\/en\/wp-json\/wp\/v2\/product\/1515","targetHints":{"allow":["GET"]}}],"collection":[{"href":"https:\/\/gledarcolombianpure.com\/en\/wp-json\/wp\/v2\/product"}],"about":[{"href":"https:\/\/gledarcolombianpure.com\/en\/wp-json\/wp\/v2\/types\/product"}],"replies":[{"embeddable":true,"href":"https:\/\/gledarcolombianpure.com\/en\/wp-json\/wp\/v2\/comments?post=1515"}],"version-history":[{"count":0,"href":"https:\/\/gledarcolombianpure.com\/en\/wp-json\/wp\/v2\/product\/1515\/revisions"}],"wp:featuredmedia":[{"embeddable":true,"href":"https:\/\/gledarcolombianpure.com\/en\/wp-json\/wp\/v2\/media\/1502"}],"wp:attachment":[{"href":"https:\/\/gledarcolombianpure.com\/en\/wp-json\/wp\/v2\/media?parent=1515"}],"wp:term":[{"taxonomy":"product_brand","embeddable":true,"href":"https:\/\/gledarcolombianpure.com\/en\/wp-json\/wp\/v2\/product_brand?post=1515"},{"taxonomy":"product_cat","embeddable":true,"href":"https:\/\/gledarcolombianpure.com\/en\/wp-json\/wp\/v2\/product_cat?post=1515"},{"taxonomy":"product_tag","embeddable":true,"href":"https:\/\/gledarcolombianpure.com\/en\/wp-json\/wp\/v2\/product_tag?post=1515"}],"curies":[{"name":"wp","href":"https:\/\/api.w.org\/{rel}","templated":true}]}}