{"id":1552,"date":"2025-09-27T16:56:58","date_gmt":"2025-09-27T16:56:58","guid":{"rendered":"https:\/\/gledarcolombianpure.com\/?post_type=product&#038;p=1552"},"modified":"2025-09-27T16:56:58","modified_gmt":"2025-09-27T16:56:58","slug":"perfume-capilar-de-miel","status":"publish","type":"product","link":"https:\/\/gledarcolombianpure.com\/en\/shop\/perfume-capilar-de-miel\/","title":{"rendered":"Perfume Capilar de Miel"},"content":{"rendered":"<p>El perfume Click Hair Honey es un irresistible aroma a miel con notas de caramelo, \u00e1mbar y vainilla. Una fragancia altamente concentrada que garantiza una fijaci\u00f3n excepcional, a la vez que realza el brillo y la sedosidad gracias al incre\u00edble poder de la miel. Su irresistible aroma dura hasta 48 horas y contiene feromonas para atraer miradas rom\u00e1nticas y hacerte sentir especial. **** Beneficios: &#8211; \u00c1cido hialur\u00f3nico &#8211; Potente humectante que retiene la hidrataci\u00f3n en la fibra capilar, combate el frizz y aporta elasticidad sin dejar sensaci\u00f3n pesada. &#8211; Termoprotector &#8211; Protege suavemente el cabello de la exposici\u00f3n solar y el calor ambiental. Extracto de miel natural -Rica en nutrientes y antioxidantes aporta suavidad, luminosidad y un brillo saludable al cabello. -Feromonas Despierta una conexi\u00f3n emocional con quien te rodea. Este toque a\u00f1ade un factor de atracci\u00f3n \u00fanico.<\/p>\n<p>Ingredientes: ALCOHOL DENAT., SD ALCOHOL 40, PERFUME (FRAGANCIA CENTELLA), AQUA, PROPILENGLICOL, EXTRACTO DE HOJA DE ALOE BARBADENSIS, EXTRACTO DE FLOR DE CHAMOMILLA RECUTITA, ACETATO DE TOCOFERILO, ACEITE DE RICINO HIDROGENADO PEG-40, \u00c1CIDO HIALUR\u00d3NICO, METOXICINAMATO DE ETILHEXILO, EXTRACTO DE FLOR DE ROSA CENTIFOLIA.<\/p>","protected":false},"excerpt":{"rendered":"<p>El perfume Click Hair Honey es un irresistible aroma a miel con notas de caramelo, \u00e1mbar y vainilla. Una fragancia altamente concentrada que garantiza una fijaci\u00f3n excepcional, a la vez que realza el brillo y la sedosidad gracias al incre\u00edble poder de la miel. Su irresistible aroma dura hasta 48 horas y contiene feromonas para [&hellip;]<\/p>","protected":false},"featured_media":1548,"comment_status":"open","ping_status":"closed","template":"","meta":[],"product_brand":[],"product_cat":[70],"product_tag":[],"class_list":{"0":"post-1552","1":"product","2":"type-product","3":"status-publish","4":"has-post-thumbnail","6":"product_cat-click-hair","8":"first","9":"instock","10":"taxable","11":"shipping-taxable","12":"purchasable","13":"product-type-simple"},"supplier_id":null,"supplier_sku":"","barcode":null,"atum_controlled":true,"out_stock_date":null,"out_stock_threshold":null,"inheritable":false,"inbound_stock":null,"stock_on_hold":0,"sold_today":0,"sales_last_days":0,"reserved_stock":null,"customer_returns":null,"warehouse_damage":null,"lost_in_post":null,"other_logs":null,"out_stock_days":0,"lost_sales":0,"has_location":null,"update_date":"2026-04-09T10:45:16","atum_locations":[],"atum_stock_status":"instock","restock_status":false,"low_stock_amount":"","sales_update_date":"2026-04-09T10:45:16","calc_backorders":null,"_links":{"self":[{"href":"https:\/\/gledarcolombianpure.com\/en\/wp-json\/wp\/v2\/product\/1552","targetHints":{"allow":["GET"]}}],"collection":[{"href":"https:\/\/gledarcolombianpure.com\/en\/wp-json\/wp\/v2\/product"}],"about":[{"href":"https:\/\/gledarcolombianpure.com\/en\/wp-json\/wp\/v2\/types\/product"}],"replies":[{"embeddable":true,"href":"https:\/\/gledarcolombianpure.com\/en\/wp-json\/wp\/v2\/comments?post=1552"}],"version-history":[{"count":0,"href":"https:\/\/gledarcolombianpure.com\/en\/wp-json\/wp\/v2\/product\/1552\/revisions"}],"wp:featuredmedia":[{"embeddable":true,"href":"https:\/\/gledarcolombianpure.com\/en\/wp-json\/wp\/v2\/media\/1548"}],"wp:attachment":[{"href":"https:\/\/gledarcolombianpure.com\/en\/wp-json\/wp\/v2\/media?parent=1552"}],"wp:term":[{"taxonomy":"product_brand","embeddable":true,"href":"https:\/\/gledarcolombianpure.com\/en\/wp-json\/wp\/v2\/product_brand?post=1552"},{"taxonomy":"product_cat","embeddable":true,"href":"https:\/\/gledarcolombianpure.com\/en\/wp-json\/wp\/v2\/product_cat?post=1552"},{"taxonomy":"product_tag","embeddable":true,"href":"https:\/\/gledarcolombianpure.com\/en\/wp-json\/wp\/v2\/product_tag?post=1552"}],"curies":[{"name":"wp","href":"https:\/\/api.w.org\/{rel}","templated":true}]}}