{"id":1553,"date":"2025-09-27T16:57:50","date_gmt":"2025-09-27T16:57:50","guid":{"rendered":"https:\/\/gledarcolombianpure.com\/?post_type=product&#038;p=1553"},"modified":"2026-01-05T19:29:22","modified_gmt":"2026-01-05T19:29:22","slug":"perfume-capilar-2","status":"publish","type":"product","link":"https:\/\/gledarcolombianpure.com\/en\/shop\/perfume-capilar-2\/","title":{"rendered":"Perfume Capilar Click Hair"},"content":{"rendered":"<p>CTu cabello oliendo delicioso con nuestro perfume por m\u00e1s de 24 horas. 5 deliciosos aromas que te har\u00e1n sentir hermosa, fresca y sexy todo el d\u00eda. Beneficios Porta brillo y suavidad. Contiene termoprotector Nutre el cabello con aceite del arg\u00e1n y queratina No engrasa ni ensucia Fragancia floral con notas frescas y dulces.<\/p>\n<p>Fragancia dulce con notas frutales y amaderadas.<\/p>\n<p>Fragancia frutal, con notas tropicales y de caramelo.<\/p>\n<p>Frutal con notas de mango, vainilla, granada y rosas.<\/p>\n<p>Fragancia c\u00edtrica con notas de lim\u00f3n, madera, \u00e1mbar, sin brillo.<\/p>","protected":false},"excerpt":{"rendered":"<p>CTu cabello oliendo delicioso con nuestro perfume por m\u00e1s de 24 horas. 5 deliciosos aromas que te har\u00e1n sentir hermosa, fresca y sexy todo el d\u00eda. Beneficios Porta brillo y suavidad. Contiene termoprotector Nutre el cabello con aceite del arg\u00e1n y queratina No engrasa ni ensucia Fragancia floral con notas frescas y dulces. Fragancia dulce [&hellip;]<\/p>","protected":false},"featured_media":1525,"comment_status":"open","ping_status":"closed","template":"","meta":[],"product_brand":[],"product_cat":[70],"product_tag":[],"class_list":{"0":"post-1553","1":"product","2":"type-product","3":"status-publish","4":"has-post-thumbnail","6":"product_cat-click-hair","8":"first","9":"outofstock","10":"taxable","11":"shipping-taxable","12":"purchasable","13":"product-type-variable"},"supplier_id":null,"supplier_sku":"","barcode":null,"atum_controlled":true,"out_stock_date":null,"out_stock_threshold":null,"inheritable":false,"inbound_stock":null,"stock_on_hold":0,"sold_today":0,"sales_last_days":0,"reserved_stock":null,"customer_returns":null,"warehouse_damage":null,"lost_in_post":null,"other_logs":null,"out_stock_days":0,"lost_sales":0,"has_location":null,"update_date":"2026-04-24T11:45:29","atum_locations":[],"atum_stock_status":"outofstock","restock_status":false,"low_stock_amount":"","sales_update_date":"2026-04-24T11:45:29","calc_backorders":null,"_links":{"self":[{"href":"https:\/\/gledarcolombianpure.com\/en\/wp-json\/wp\/v2\/product\/1553","targetHints":{"allow":["GET"]}}],"collection":[{"href":"https:\/\/gledarcolombianpure.com\/en\/wp-json\/wp\/v2\/product"}],"about":[{"href":"https:\/\/gledarcolombianpure.com\/en\/wp-json\/wp\/v2\/types\/product"}],"replies":[{"embeddable":true,"href":"https:\/\/gledarcolombianpure.com\/en\/wp-json\/wp\/v2\/comments?post=1553"}],"version-history":[{"count":3,"href":"https:\/\/gledarcolombianpure.com\/en\/wp-json\/wp\/v2\/product\/1553\/revisions"}],"predecessor-version":[{"id":3010,"href":"https:\/\/gledarcolombianpure.com\/en\/wp-json\/wp\/v2\/product\/1553\/revisions\/3010"}],"wp:featuredmedia":[{"embeddable":true,"href":"https:\/\/gledarcolombianpure.com\/en\/wp-json\/wp\/v2\/media\/1525"}],"wp:attachment":[{"href":"https:\/\/gledarcolombianpure.com\/en\/wp-json\/wp\/v2\/media?parent=1553"}],"wp:term":[{"taxonomy":"product_brand","embeddable":true,"href":"https:\/\/gledarcolombianpure.com\/en\/wp-json\/wp\/v2\/product_brand?post=1553"},{"taxonomy":"product_cat","embeddable":true,"href":"https:\/\/gledarcolombianpure.com\/en\/wp-json\/wp\/v2\/product_cat?post=1553"},{"taxonomy":"product_tag","embeddable":true,"href":"https:\/\/gledarcolombianpure.com\/en\/wp-json\/wp\/v2\/product_tag?post=1553"}],"curies":[{"name":"wp","href":"https:\/\/api.w.org\/{rel}","templated":true}]}}