{"id":1554,"date":"2025-09-27T16:59:23","date_gmt":"2025-09-27T16:59:23","guid":{"rendered":"https:\/\/gledarcolombianpure.com\/?post_type=product&#038;p=1554"},"modified":"2025-09-27T16:59:23","modified_gmt":"2025-09-27T16:59:23","slug":"minikit-perfumes","status":"publish","type":"product","link":"https:\/\/gledarcolombianpure.com\/en\/shop\/minikit-perfumes\/","title":{"rendered":"Minikit Perfumes"},"content":{"rendered":"<p>Tu cabello oliendo delicioso con nuestro perfume por m\u00e1s de 24 horas. 7 deliciosos aromas que te har\u00e1n sentir hermosa, fresca y sexy todo el d\u00eda. Beneficios Aporta brillo y suavidad Con termoprotector Disminuye el frizz Nutre el cabello con aceite de arg\u00e1n y queratina Contiene purpurina No engrasa tu cabello Contenido Caja de perfumes x 3 Dulces: morado, azul y transparente Caja de perfumes x 3 C\u00edtricos: Naranja, amarillo y verde Caja de perfumes x 3 Mix: Rosado, morado y naranja Aromas ROSA: Fragancia floral con notas frescas y dulces<\/p>\n<p>AZUL: Fragancia dulce con notas frutales y amaderadas.<\/p>\n<p>MORADO: Fragancia frutal, con notas tropicales y de caramelo.<\/p>\n<p>AMARILLO: Frutal con notas de mango, vainilla, granada y rosas.<\/p>\n<p>VERDE: Fragancia c\u00edtrica con notas de lim\u00f3n, madera, \u00e1mbar, sin brillo.<\/p>\n<p>TRANSPARENTE: Vainilla glow: fragancia de vainilla con notas de lim\u00f3n y caramelo NARANJADO: Dream on paradise: fragancia tropical, con notas frescas y de naranja.<\/p>","protected":false},"excerpt":{"rendered":"<p>Tu cabello oliendo delicioso con nuestro perfume por m\u00e1s de 24 horas. 7 deliciosos aromas que te har\u00e1n sentir hermosa, fresca y sexy todo el d\u00eda. Beneficios Aporta brillo y suavidad Con termoprotector Disminuye el frizz Nutre el cabello con aceite de arg\u00e1n y queratina Contiene purpurina No engrasa tu cabello Contenido Caja de perfumes [&hellip;]<\/p>","protected":false},"featured_media":1526,"comment_status":"open","ping_status":"closed","template":"","meta":[],"product_brand":[],"product_cat":[70],"product_tag":[],"class_list":{"0":"post-1554","1":"product","2":"type-product","3":"status-publish","4":"has-post-thumbnail","6":"product_cat-click-hair","8":"first","9":"instock","10":"taxable","11":"shipping-taxable","12":"purchasable","13":"product-type-simple"},"supplier_id":null,"supplier_sku":"","barcode":null,"atum_controlled":true,"out_stock_date":null,"out_stock_threshold":null,"inheritable":false,"inbound_stock":null,"stock_on_hold":0,"sold_today":0,"sales_last_days":0,"reserved_stock":null,"customer_returns":null,"warehouse_damage":null,"lost_in_post":null,"other_logs":null,"out_stock_days":0,"lost_sales":0,"has_location":null,"update_date":"2026-04-09T10:45:16","atum_locations":[],"atum_stock_status":"instock","restock_status":false,"low_stock_amount":"","sales_update_date":"2026-04-09T10:45:16","calc_backorders":null,"_links":{"self":[{"href":"https:\/\/gledarcolombianpure.com\/en\/wp-json\/wp\/v2\/product\/1554","targetHints":{"allow":["GET"]}}],"collection":[{"href":"https:\/\/gledarcolombianpure.com\/en\/wp-json\/wp\/v2\/product"}],"about":[{"href":"https:\/\/gledarcolombianpure.com\/en\/wp-json\/wp\/v2\/types\/product"}],"replies":[{"embeddable":true,"href":"https:\/\/gledarcolombianpure.com\/en\/wp-json\/wp\/v2\/comments?post=1554"}],"version-history":[{"count":0,"href":"https:\/\/gledarcolombianpure.com\/en\/wp-json\/wp\/v2\/product\/1554\/revisions"}],"wp:featuredmedia":[{"embeddable":true,"href":"https:\/\/gledarcolombianpure.com\/en\/wp-json\/wp\/v2\/media\/1526"}],"wp:attachment":[{"href":"https:\/\/gledarcolombianpure.com\/en\/wp-json\/wp\/v2\/media?parent=1554"}],"wp:term":[{"taxonomy":"product_brand","embeddable":true,"href":"https:\/\/gledarcolombianpure.com\/en\/wp-json\/wp\/v2\/product_brand?post=1554"},{"taxonomy":"product_cat","embeddable":true,"href":"https:\/\/gledarcolombianpure.com\/en\/wp-json\/wp\/v2\/product_cat?post=1554"},{"taxonomy":"product_tag","embeddable":true,"href":"https:\/\/gledarcolombianpure.com\/en\/wp-json\/wp\/v2\/product_tag?post=1554"}],"curies":[{"name":"wp","href":"https:\/\/api.w.org\/{rel}","templated":true}]}}