{"id":1557,"date":"2025-09-27T17:13:54","date_gmt":"2025-09-27T17:13:54","guid":{"rendered":"https:\/\/gledarcolombianpure.com\/?post_type=product&#038;p=1557"},"modified":"2025-09-27T17:13:55","modified_gmt":"2025-09-27T17:13:55","slug":"energizante-capilar","status":"publish","type":"product","link":"https:\/\/gledarcolombianpure.com\/en\/shop\/energizante-capilar\/","title":{"rendered":"Energizante Capilar"},"content":{"rendered":"<p>Es una mascarilla capilar estimulante que funciona como Red Bull para el cabello, gracias a su aporte de prote\u00ednas y amino\u00e1cidos que aceleran los procesos metab\u00f3licos como: crecimiento capilar, repolarizaci\u00f3n, regeneraci\u00f3n celular, absorci\u00f3n de vitaminas y nutrientes, logrando una reparaci\u00f3n extrema de la hebra y transformando totalmente el cabello maltratado, seco y sin vida, ideal para cabellos con procesos qu\u00edmicos o decoloraciones.<\/p>\n<p>Restauraci\u00f3n extrema del cabello maltratado Cabello brillante y ultra suave Crecimiento acelerado Disminuye el frizz y da control al cabello rebelde<\/p>","protected":false},"excerpt":{"rendered":"<p>Es una mascarilla capilar estimulante que funciona como Red Bull para el cabello, gracias a su aporte de prote\u00ednas y amino\u00e1cidos que aceleran los procesos metab\u00f3licos como: crecimiento capilar, repolarizaci\u00f3n, regeneraci\u00f3n celular, absorci\u00f3n de vitaminas y nutrientes, logrando una reparaci\u00f3n extrema de la hebra y transformando totalmente el cabello maltratado, seco y sin vida, ideal [&hellip;]<\/p>","protected":false},"featured_media":1527,"comment_status":"open","ping_status":"closed","template":"","meta":[],"product_brand":[],"product_cat":[70],"product_tag":[],"class_list":{"0":"post-1557","1":"product","2":"type-product","3":"status-publish","4":"has-post-thumbnail","6":"product_cat-click-hair","8":"first","9":"instock","10":"taxable","11":"shipping-taxable","12":"purchasable","13":"product-type-simple"},"supplier_id":null,"supplier_sku":"","barcode":null,"atum_controlled":true,"out_stock_date":null,"out_stock_threshold":null,"inheritable":false,"inbound_stock":null,"stock_on_hold":0,"sold_today":0,"sales_last_days":0,"reserved_stock":null,"customer_returns":null,"warehouse_damage":null,"lost_in_post":null,"other_logs":null,"out_stock_days":0,"lost_sales":0,"has_location":null,"update_date":"2026-04-09T10:45:19","atum_locations":[],"atum_stock_status":"instock","restock_status":false,"low_stock_amount":"","sales_update_date":"2026-04-09T10:45:19","calc_backorders":null,"_links":{"self":[{"href":"https:\/\/gledarcolombianpure.com\/en\/wp-json\/wp\/v2\/product\/1557","targetHints":{"allow":["GET"]}}],"collection":[{"href":"https:\/\/gledarcolombianpure.com\/en\/wp-json\/wp\/v2\/product"}],"about":[{"href":"https:\/\/gledarcolombianpure.com\/en\/wp-json\/wp\/v2\/types\/product"}],"replies":[{"embeddable":true,"href":"https:\/\/gledarcolombianpure.com\/en\/wp-json\/wp\/v2\/comments?post=1557"}],"version-history":[{"count":1,"href":"https:\/\/gledarcolombianpure.com\/en\/wp-json\/wp\/v2\/product\/1557\/revisions"}],"predecessor-version":[{"id":1558,"href":"https:\/\/gledarcolombianpure.com\/en\/wp-json\/wp\/v2\/product\/1557\/revisions\/1558"}],"wp:featuredmedia":[{"embeddable":true,"href":"https:\/\/gledarcolombianpure.com\/en\/wp-json\/wp\/v2\/media\/1527"}],"wp:attachment":[{"href":"https:\/\/gledarcolombianpure.com\/en\/wp-json\/wp\/v2\/media?parent=1557"}],"wp:term":[{"taxonomy":"product_brand","embeddable":true,"href":"https:\/\/gledarcolombianpure.com\/en\/wp-json\/wp\/v2\/product_brand?post=1557"},{"taxonomy":"product_cat","embeddable":true,"href":"https:\/\/gledarcolombianpure.com\/en\/wp-json\/wp\/v2\/product_cat?post=1557"},{"taxonomy":"product_tag","embeddable":true,"href":"https:\/\/gledarcolombianpure.com\/en\/wp-json\/wp\/v2\/product_tag?post=1557"}],"curies":[{"name":"wp","href":"https:\/\/api.w.org\/{rel}","templated":true}]}}