{"id":1559,"date":"2025-09-27T17:14:56","date_gmt":"2025-09-27T17:14:56","guid":{"rendered":"https:\/\/gledarcolombianpure.com\/?post_type=product&#038;p=1559"},"modified":"2025-09-27T17:14:56","modified_gmt":"2025-09-27T17:14:56","slug":"tonico-capilar-de-aji","status":"publish","type":"product","link":"https:\/\/gledarcolombianpure.com\/en\/shop\/tonico-capilar-de-aji\/","title":{"rendered":"T\u00f3nico Capilar de Aj\u00ed"},"content":{"rendered":"<p>Tratamiento capilar con formulaci\u00f3n 100% natural, basada en el aj\u00ed, cafe\u00edna, menta, calcio y zinc, que act\u00faa directamente en el fortalecimiento del fol\u00edculo piloso y da soluci\u00f3n a los problemas de ca\u00edda capilar y estancamiento pues estimula la circulaci\u00f3n, actividad celular y absorci\u00f3n de vitaminas. &#8211; Previene y frena la ca\u00edda capilar &#8211; Fortalece el fol\u00edculo piloso &#8211; Acelera el crecimiento del cabello &#8211; Libre del minoxidil &#8211; Sin efectos secundarios.<\/p>","protected":false},"excerpt":{"rendered":"<p>Tratamiento capilar con formulaci\u00f3n 100% natural, basada en el aj\u00ed, cafe\u00edna, menta, calcio y zinc, que act\u00faa directamente en el fortalecimiento del fol\u00edculo piloso y da soluci\u00f3n a los problemas de ca\u00edda capilar y estancamiento pues estimula la circulaci\u00f3n, actividad celular y absorci\u00f3n de vitaminas. &#8211; Previene y frena la ca\u00edda capilar &#8211; Fortalece el [&hellip;]<\/p>","protected":false},"featured_media":1546,"comment_status":"open","ping_status":"closed","template":"","meta":[],"product_brand":[],"product_cat":[70],"product_tag":[],"class_list":{"0":"post-1559","1":"product","2":"type-product","3":"status-publish","4":"has-post-thumbnail","6":"product_cat-click-hair","8":"first","9":"instock","10":"taxable","11":"shipping-taxable","12":"purchasable","13":"product-type-simple"},"supplier_id":null,"supplier_sku":"","barcode":null,"atum_controlled":true,"out_stock_date":null,"out_stock_threshold":null,"inheritable":false,"inbound_stock":null,"stock_on_hold":0,"sold_today":0,"sales_last_days":0,"reserved_stock":null,"customer_returns":null,"warehouse_damage":null,"lost_in_post":null,"other_logs":null,"out_stock_days":0,"lost_sales":0,"has_location":null,"update_date":"2026-04-09T10:45:14","atum_locations":[],"atum_stock_status":"instock","restock_status":false,"low_stock_amount":"","sales_update_date":"2026-04-09T10:45:14","calc_backorders":null,"_links":{"self":[{"href":"https:\/\/gledarcolombianpure.com\/en\/wp-json\/wp\/v2\/product\/1559","targetHints":{"allow":["GET"]}}],"collection":[{"href":"https:\/\/gledarcolombianpure.com\/en\/wp-json\/wp\/v2\/product"}],"about":[{"href":"https:\/\/gledarcolombianpure.com\/en\/wp-json\/wp\/v2\/types\/product"}],"replies":[{"embeddable":true,"href":"https:\/\/gledarcolombianpure.com\/en\/wp-json\/wp\/v2\/comments?post=1559"}],"version-history":[{"count":0,"href":"https:\/\/gledarcolombianpure.com\/en\/wp-json\/wp\/v2\/product\/1559\/revisions"}],"wp:featuredmedia":[{"embeddable":true,"href":"https:\/\/gledarcolombianpure.com\/en\/wp-json\/wp\/v2\/media\/1546"}],"wp:attachment":[{"href":"https:\/\/gledarcolombianpure.com\/en\/wp-json\/wp\/v2\/media?parent=1559"}],"wp:term":[{"taxonomy":"product_brand","embeddable":true,"href":"https:\/\/gledarcolombianpure.com\/en\/wp-json\/wp\/v2\/product_brand?post=1559"},{"taxonomy":"product_cat","embeddable":true,"href":"https:\/\/gledarcolombianpure.com\/en\/wp-json\/wp\/v2\/product_cat?post=1559"},{"taxonomy":"product_tag","embeddable":true,"href":"https:\/\/gledarcolombianpure.com\/en\/wp-json\/wp\/v2\/product_tag?post=1559"}],"curies":[{"name":"wp","href":"https:\/\/api.w.org\/{rel}","templated":true}]}}