{"id":1563,"date":"2025-09-27T17:18:54","date_gmt":"2025-09-27T17:18:54","guid":{"rendered":"https:\/\/gledarcolombianpure.com\/?post_type=product&#038;p=1563"},"modified":"2025-09-27T17:20:08","modified_gmt":"2025-09-27T17:20:08","slug":"duo-miel","status":"publish","type":"product","link":"https:\/\/gledarcolombianpure.com\/en\/shop\/duo-miel\/","title":{"rendered":"D\u00fao Miel"},"content":{"rendered":"<p>Perfume Capilar Miel + Mascarilla<\/p>\n<p>**** Perfume de Miel Aroma irresistible de miel con notas de caramelo, \u00e1mbar y vainilla. Un perfume de alta concentraci\u00f3n que garantiza una fijaci\u00f3n excepcional, mientras potencia el brillo y la sedosidad gracias al incre\u00edble poder de la miel de abejas. *** Mascarilla de Miel Brillo Intenso Tratamiento con shot de miel de abejas natural que repone los amino\u00e1cidos y prote\u00ednas perdidas para sellar las cut\u00edculas, dar hidrataci\u00f3n profunda y reparar la fibra de los cabellos maltratados, secos y opacos, proporcion\u00e1ndoles una suavidad aterciopelada y un brillo deslumbrante. Perfecto para recuperar la vitalidad y realzar el color despu\u00e9s de tratamientos qu\u00edmicos, dejando tu cabello completamente renovado, sano y lleno de brillo. Beneficios: * Reposici\u00f3n de amino\u00e1cidos * Alta concentraci\u00f3n de vitaminas * Sella la cut\u00edcula capilar * Control de frizz * Suavidad aterciopelada * Brillo intenso * Extra shot de miel Cantidad: * 300ML<\/p>","protected":false},"excerpt":{"rendered":"<p>Perfume Capilar Miel + Mascarilla **** Perfume de Miel Aroma irresistible de miel con notas de caramelo, \u00e1mbar y vainilla. Un perfume de alta concentraci\u00f3n que garantiza una fijaci\u00f3n excepcional, mientras potencia el brillo y la sedosidad gracias al incre\u00edble poder de la miel de abejas. *** Mascarilla de Miel Brillo Intenso Tratamiento con shot [&hellip;]<\/p>","protected":false},"featured_media":1538,"comment_status":"open","ping_status":"closed","template":"","meta":[],"product_brand":[],"product_cat":[70],"product_tag":[],"class_list":{"0":"post-1563","1":"product","2":"type-product","3":"status-publish","4":"has-post-thumbnail","6":"product_cat-click-hair","8":"first","9":"instock","10":"taxable","11":"shipping-taxable","12":"purchasable","13":"product-type-simple"},"supplier_id":null,"supplier_sku":"","barcode":null,"atum_controlled":true,"out_stock_date":null,"out_stock_threshold":null,"inheritable":false,"inbound_stock":null,"stock_on_hold":0,"sold_today":0,"sales_last_days":0,"reserved_stock":null,"customer_returns":null,"warehouse_damage":null,"lost_in_post":null,"other_logs":null,"out_stock_days":0,"lost_sales":0,"has_location":null,"update_date":"2026-04-09T10:45:15","atum_locations":[],"atum_stock_status":"instock","restock_status":false,"low_stock_amount":"","sales_update_date":"2026-04-09T10:45:15","calc_backorders":null,"_links":{"self":[{"href":"https:\/\/gledarcolombianpure.com\/en\/wp-json\/wp\/v2\/product\/1563","targetHints":{"allow":["GET"]}}],"collection":[{"href":"https:\/\/gledarcolombianpure.com\/en\/wp-json\/wp\/v2\/product"}],"about":[{"href":"https:\/\/gledarcolombianpure.com\/en\/wp-json\/wp\/v2\/types\/product"}],"replies":[{"embeddable":true,"href":"https:\/\/gledarcolombianpure.com\/en\/wp-json\/wp\/v2\/comments?post=1563"}],"version-history":[{"count":0,"href":"https:\/\/gledarcolombianpure.com\/en\/wp-json\/wp\/v2\/product\/1563\/revisions"}],"wp:featuredmedia":[{"embeddable":true,"href":"https:\/\/gledarcolombianpure.com\/en\/wp-json\/wp\/v2\/media\/1538"}],"wp:attachment":[{"href":"https:\/\/gledarcolombianpure.com\/en\/wp-json\/wp\/v2\/media?parent=1563"}],"wp:term":[{"taxonomy":"product_brand","embeddable":true,"href":"https:\/\/gledarcolombianpure.com\/en\/wp-json\/wp\/v2\/product_brand?post=1563"},{"taxonomy":"product_cat","embeddable":true,"href":"https:\/\/gledarcolombianpure.com\/en\/wp-json\/wp\/v2\/product_cat?post=1563"},{"taxonomy":"product_tag","embeddable":true,"href":"https:\/\/gledarcolombianpure.com\/en\/wp-json\/wp\/v2\/product_tag?post=1563"}],"curies":[{"name":"wp","href":"https:\/\/api.w.org\/{rel}","templated":true}]}}