{"id":1565,"date":"2025-09-27T17:22:13","date_gmt":"2025-09-27T17:22:13","guid":{"rendered":"https:\/\/gledarcolombianpure.com\/?post_type=product&#038;p=1565"},"modified":"2025-09-27T17:22:13","modified_gmt":"2025-09-27T17:22:13","slug":"duo-tradicional","status":"publish","type":"product","link":"https:\/\/gledarcolombianpure.com\/en\/shop\/duo-tradicional\/","title":{"rendered":"D\u00fao Tradicional"},"content":{"rendered":"<p>**** Shampoo de Miel Espuma lujosa y suave que limpia sin resecar mientras potencia la nutrici\u00f3n y el brillo. Con alta concentraci\u00f3n de vitaminas las cuales devuelven la luminosidad y vitalidad a la fibra, es ideal para cabellos tratados qu\u00edmicamente ya que no contiene sal ni parabenos, no afecta estos procedimientos, limpiando suavemente mientras nutre el cabello maltratado y seco debido a su fusi\u00f3n con aceite de arg\u00e1n y amino\u00e1cidos que ayudan a mantener el cuero cabelludo sano, una hebra con un brillo deslumbrante y una suavidad aterciopelada. Beneficios: * Nutre el fol\u00edculo piloso * Brillo intenso * Hidratante y suave con la hebra * Restaura y reduce da\u00f1os * Suavidad aterciopelada * Resultados en 1 aplicaci\u00f3n * Sin sal ni parabenos Cantidad: * 300ML<\/p>\n<p>**** Acondicionador 4 en 1 F\u00f3rmula a base de c\u00e9lulas madres, seda y prote\u00ednas, para un cabello ultra brillante, suave y sin frizz. Act\u00faa sobre las capas externas del cabello, sell\u00e1ndolas y creando una capa que protege la humedad para evitar la resequedad y una fibra d\u00e9bil o quebradiza. Brillo intenso Disminuye, el frizz y da control Cabello, ultra suave, Sellado de cut\u00edculas, Crecimiento acelerado, Restauraci\u00f3n.<\/p>","protected":false},"excerpt":{"rendered":"<p>**** Shampoo de Miel Espuma lujosa y suave que limpia sin resecar mientras potencia la nutrici\u00f3n y el brillo. Con alta concentraci\u00f3n de vitaminas las cuales devuelven la luminosidad y vitalidad a la fibra, es ideal para cabellos tratados qu\u00edmicamente ya que no contiene sal ni parabenos, no afecta estos procedimientos, limpiando suavemente mientras nutre [&hellip;]<\/p>","protected":false},"featured_media":1536,"comment_status":"open","ping_status":"closed","template":"","meta":[],"product_brand":[],"product_cat":[70],"product_tag":[],"class_list":{"0":"post-1565","1":"product","2":"type-product","3":"status-publish","4":"has-post-thumbnail","6":"product_cat-click-hair","8":"first","9":"instock","10":"taxable","11":"shipping-taxable","12":"purchasable","13":"product-type-simple"},"supplier_id":null,"supplier_sku":"","barcode":null,"atum_controlled":true,"out_stock_date":null,"out_stock_threshold":null,"inheritable":false,"inbound_stock":null,"stock_on_hold":0,"sold_today":0,"sales_last_days":0,"reserved_stock":null,"customer_returns":null,"warehouse_damage":null,"lost_in_post":null,"other_logs":null,"out_stock_days":0,"lost_sales":0,"has_location":null,"update_date":"2026-04-09T10:45:14","atum_locations":[],"atum_stock_status":"instock","restock_status":false,"low_stock_amount":"","sales_update_date":"2026-04-09T10:45:14","calc_backorders":null,"_links":{"self":[{"href":"https:\/\/gledarcolombianpure.com\/en\/wp-json\/wp\/v2\/product\/1565","targetHints":{"allow":["GET"]}}],"collection":[{"href":"https:\/\/gledarcolombianpure.com\/en\/wp-json\/wp\/v2\/product"}],"about":[{"href":"https:\/\/gledarcolombianpure.com\/en\/wp-json\/wp\/v2\/types\/product"}],"replies":[{"embeddable":true,"href":"https:\/\/gledarcolombianpure.com\/en\/wp-json\/wp\/v2\/comments?post=1565"}],"version-history":[{"count":0,"href":"https:\/\/gledarcolombianpure.com\/en\/wp-json\/wp\/v2\/product\/1565\/revisions"}],"wp:featuredmedia":[{"embeddable":true,"href":"https:\/\/gledarcolombianpure.com\/en\/wp-json\/wp\/v2\/media\/1536"}],"wp:attachment":[{"href":"https:\/\/gledarcolombianpure.com\/en\/wp-json\/wp\/v2\/media?parent=1565"}],"wp:term":[{"taxonomy":"product_brand","embeddable":true,"href":"https:\/\/gledarcolombianpure.com\/en\/wp-json\/wp\/v2\/product_brand?post=1565"},{"taxonomy":"product_cat","embeddable":true,"href":"https:\/\/gledarcolombianpure.com\/en\/wp-json\/wp\/v2\/product_cat?post=1565"},{"taxonomy":"product_tag","embeddable":true,"href":"https:\/\/gledarcolombianpure.com\/en\/wp-json\/wp\/v2\/product_tag?post=1565"}],"curies":[{"name":"wp","href":"https:\/\/api.w.org\/{rel}","templated":true}]}}