{"id":1568,"date":"2025-09-27T17:25:13","date_gmt":"2025-09-27T17:25:13","guid":{"rendered":"https:\/\/gledarcolombianpure.com\/?post_type=product&#038;p=1568"},"modified":"2025-09-27T17:25:13","modified_gmt":"2025-09-27T17:25:13","slug":"kit-tradicional","status":"publish","type":"product","link":"https:\/\/gledarcolombianpure.com\/en\/shop\/kit-tradicional\/","title":{"rendered":"Kit Tradicional"},"content":{"rendered":"<p>Shampoo + Mascarilla + Acondicionador<\/p>\n<p>KIT CAPILAR CABELLOS SECOS CLICK HAIR Un ritual de oro con los beneficios de la miel natural de abejas, capaz de restaurar un cabello da\u00f1ado, seco o tratado qu\u00edmicamente. Este tr\u00edo combina la limpieza suave y cuidadosa del Shampoo, la restauraci\u00f3n intensa y nutrici\u00f3n profunda de la Mascarilla y el toque final de lavado el acondicioandor el cual ayudara a proteger la cuticula de factores externos. Este ritual de oro ser\u00e1 el rescate de tu cabello maltratado. 1.Lava tu cabello con shampoo de miel, aplic\u00e1ndolo solo en la ra\u00edz y permitiendo que la espuma de lujo caiga sobre el largo del cabello, si lo necesitas, repite el proceso. 2. Aplica mascarilla de miel natural revolviendo el contenido con el mezclador que incluye el kit. Aplica de medios a puntas sobre el cabello h\u00famedo y limpio, cubri\u00e9ndolo por completo, d\u00e9jalo actuar 10 minutos y despu\u00e9s enjuaga con abundante agua. 3. Finaliza aplicando acondicionador para sellar la cut\u00edcula y enjuaga con abundante agua.<\/p>","protected":false},"excerpt":{"rendered":"<p>Shampoo + Mascarilla + Acondicionador KIT CAPILAR CABELLOS SECOS CLICK HAIR Un ritual de oro con los beneficios de la miel natural de abejas, capaz de restaurar un cabello da\u00f1ado, seco o tratado qu\u00edmicamente. Este tr\u00edo combina la limpieza suave y cuidadosa del Shampoo, la restauraci\u00f3n intensa y nutrici\u00f3n profunda de la Mascarilla y el [&hellip;]<\/p>","protected":false},"featured_media":1534,"comment_status":"open","ping_status":"closed","template":"","meta":[],"product_brand":[],"product_cat":[70],"product_tag":[],"class_list":{"0":"post-1568","1":"product","2":"type-product","3":"status-publish","4":"has-post-thumbnail","6":"product_cat-click-hair","8":"first","9":"instock","10":"taxable","11":"shipping-taxable","12":"purchasable","13":"product-type-simple"},"supplier_id":null,"supplier_sku":"","barcode":null,"atum_controlled":true,"out_stock_date":null,"out_stock_threshold":null,"inheritable":false,"inbound_stock":null,"stock_on_hold":0,"sold_today":0,"sales_last_days":0,"reserved_stock":null,"customer_returns":null,"warehouse_damage":null,"lost_in_post":null,"other_logs":null,"out_stock_days":0,"lost_sales":0,"has_location":null,"update_date":"2026-04-09T10:45:14","atum_locations":[],"atum_stock_status":"instock","restock_status":false,"low_stock_amount":"","sales_update_date":"2026-04-09T10:45:14","calc_backorders":null,"_links":{"self":[{"href":"https:\/\/gledarcolombianpure.com\/en\/wp-json\/wp\/v2\/product\/1568","targetHints":{"allow":["GET"]}}],"collection":[{"href":"https:\/\/gledarcolombianpure.com\/en\/wp-json\/wp\/v2\/product"}],"about":[{"href":"https:\/\/gledarcolombianpure.com\/en\/wp-json\/wp\/v2\/types\/product"}],"replies":[{"embeddable":true,"href":"https:\/\/gledarcolombianpure.com\/en\/wp-json\/wp\/v2\/comments?post=1568"}],"version-history":[{"count":0,"href":"https:\/\/gledarcolombianpure.com\/en\/wp-json\/wp\/v2\/product\/1568\/revisions"}],"wp:featuredmedia":[{"embeddable":true,"href":"https:\/\/gledarcolombianpure.com\/en\/wp-json\/wp\/v2\/media\/1534"}],"wp:attachment":[{"href":"https:\/\/gledarcolombianpure.com\/en\/wp-json\/wp\/v2\/media?parent=1568"}],"wp:term":[{"taxonomy":"product_brand","embeddable":true,"href":"https:\/\/gledarcolombianpure.com\/en\/wp-json\/wp\/v2\/product_brand?post=1568"},{"taxonomy":"product_cat","embeddable":true,"href":"https:\/\/gledarcolombianpure.com\/en\/wp-json\/wp\/v2\/product_cat?post=1568"},{"taxonomy":"product_tag","embeddable":true,"href":"https:\/\/gledarcolombianpure.com\/en\/wp-json\/wp\/v2\/product_tag?post=1568"}],"curies":[{"name":"wp","href":"https:\/\/api.w.org\/{rel}","templated":true}]}}