{"id":1960,"date":"2025-11-01T14:30:41","date_gmt":"2025-11-01T14:30:41","guid":{"rendered":"https:\/\/gledarcolombianpure.com\/?post_type=product&#038;p=1960"},"modified":"2025-11-08T23:04:38","modified_gmt":"2025-11-08T23:04:38","slug":"conjunto-deportivo-roxy-rfc-003","status":"publish","type":"product","link":"https:\/\/gledarcolombianpure.com\/en\/shop\/conjunto-deportivo-roxy-rfc-003\/","title":{"rendered":"Conjunto Deportivo Roxy &#8211; RFC 003"},"content":{"rendered":"<p><b>Material: <\/b>87% Poli\u00e9ster \/13% Elastano<br \/>\n<b>Soporte de intensidad:<\/b> Alto soporte<br \/>\n<b>Estilo:<\/b> Conjunto<br \/>\n<b>Tipo de Cierre:<\/b> Cintura El\u00e1stica, Longitud Total<br \/>\n<b>Caracter\u00edsticas:<\/b> Transpirarte, secado r\u00e1pido<br \/>\n<b>Actividad: <\/b>Yoga, GYM<\/p>\n<p>Conjunto Deportivo Roxy, dise\u00f1ado para sentirte comoda, radiante y unica en tus entrenamientos, Top con tejido jaspeado, interruptor frontal ajustable, anverso y reverso detallados, correas anchas superpuestas, espalda abierta, dos correa trasera ajustable de e apoyo, con almohadillas extra\u00edbles, Shorts cintura tracera en V, frente sin costuras, tiradores laterales su logitud ajustable, cintura alta, sueve y sutil.<\/p>\n<p><b>Instrucciones de lavado:<\/b><\/p>\n<p>\uf0fc Lavar \u00fanicamente con agua fr\u00eda (no lavar a una temperatura superior a 30 \u00b0C)<br \/>\n\uf0fc Lavar la prenda del rev\u00e9s<br \/>\n\uf0fc Lavar con prendas de colores similares<br \/>\n\uf0fc No utilice suavizante de telas (puede da\u00f1ar las fibras de elastano)<br \/>\n\uf0fc No usa blanqueador<\/p>\n<p><b>Instrucciones de cuidado:<\/b><\/p>\n<p>\uf0fc No tirar\/estirar cuando est\u00e9 mojado<br \/>\n\uf0fc No secar en secadora (puede da\u00f1ar las fibras de elastano)<br \/>\n\uf0fc Secar solo al aire<br \/>\n\uf0fc Planchar la prenda del rev\u00e9s con agua fr\u00eda. Planchar con vapor si es posible (solo si es necesario, pero no se recomienda).<br \/>\n\uf0fc Si hay marcas de pliegues cuando recibes la prenda, estas desaparecer\u00e1n una vez lavada.<\/p>\n<p><b>Instrucciones de Tallas:<\/b><br \/>\nModelo Karla: Mide 170 cm, Busto 78, Cadera 88, cintura 61, en talla S<\/p>\n<p>*Solo se aceptan devoluciones de la prenda para cambio durante los primeros 15 d\u00edas de recibida<\/p>","protected":false},"excerpt":{"rendered":"<p>Material: 87% Poli\u00e9ster \/13% Elastano Soporte de intensidad: Alto soporte Estilo: Conjunto Tipo de Cierre: Cintura El\u00e1stica, Longitud Total Caracter\u00edsticas: Transpirarte, secado r\u00e1pido Actividad: Yoga, GYM Conjunto Deportivo Roxy, dise\u00f1ado para sentirte comoda, radiante y unica en tus entrenamientos, Top con tejido jaspeado, interruptor frontal ajustable, anverso y reverso detallados, correas anchas superpuestas, espalda abierta, [&hellip;]<\/p>","protected":false},"featured_media":2397,"comment_status":"open","ping_status":"closed","template":"","meta":[],"product_brand":[],"product_cat":[31],"product_tag":[],"class_list":{"0":"post-1960","1":"product","2":"type-product","3":"status-publish","4":"has-post-thumbnail","6":"product_cat-ropa-deportiva","8":"first","9":"instock","10":"sale","11":"taxable","12":"shipping-taxable","13":"purchasable","14":"product-type-variable"},"supplier_id":null,"supplier_sku":"","barcode":null,"atum_controlled":true,"out_stock_date":null,"out_stock_threshold":null,"inheritable":false,"inbound_stock":null,"stock_on_hold":0,"sold_today":0,"sales_last_days":0,"reserved_stock":null,"customer_returns":null,"warehouse_damage":null,"lost_in_post":null,"other_logs":null,"out_stock_days":0,"lost_sales":0,"has_location":null,"update_date":"2026-04-23T11:43:44","atum_locations":[],"atum_stock_status":"instock","restock_status":false,"low_stock_amount":"","sales_update_date":"2026-04-23T11:43:44","calc_backorders":null,"_links":{"self":[{"href":"https:\/\/gledarcolombianpure.com\/en\/wp-json\/wp\/v2\/product\/1960","targetHints":{"allow":["GET"]}}],"collection":[{"href":"https:\/\/gledarcolombianpure.com\/en\/wp-json\/wp\/v2\/product"}],"about":[{"href":"https:\/\/gledarcolombianpure.com\/en\/wp-json\/wp\/v2\/types\/product"}],"replies":[{"embeddable":true,"href":"https:\/\/gledarcolombianpure.com\/en\/wp-json\/wp\/v2\/comments?post=1960"}],"version-history":[{"count":1,"href":"https:\/\/gledarcolombianpure.com\/en\/wp-json\/wp\/v2\/product\/1960\/revisions"}],"predecessor-version":[{"id":2402,"href":"https:\/\/gledarcolombianpure.com\/en\/wp-json\/wp\/v2\/product\/1960\/revisions\/2402"}],"wp:featuredmedia":[{"embeddable":true,"href":"https:\/\/gledarcolombianpure.com\/en\/wp-json\/wp\/v2\/media\/2397"}],"wp:attachment":[{"href":"https:\/\/gledarcolombianpure.com\/en\/wp-json\/wp\/v2\/media?parent=1960"}],"wp:term":[{"taxonomy":"product_brand","embeddable":true,"href":"https:\/\/gledarcolombianpure.com\/en\/wp-json\/wp\/v2\/product_brand?post=1960"},{"taxonomy":"product_cat","embeddable":true,"href":"https:\/\/gledarcolombianpure.com\/en\/wp-json\/wp\/v2\/product_cat?post=1960"},{"taxonomy":"product_tag","embeddable":true,"href":"https:\/\/gledarcolombianpure.com\/en\/wp-json\/wp\/v2\/product_tag?post=1960"}],"curies":[{"name":"wp","href":"https:\/\/api.w.org\/{rel}","templated":true}]}}