{"id":2003,"date":"2025-11-01T15:50:07","date_gmt":"2025-11-01T15:50:07","guid":{"rendered":"https:\/\/gledarcolombianpure.com\/?post_type=product&#038;p=2003"},"modified":"2025-11-07T16:54:28","modified_gmt":"2025-11-07T16:54:28","slug":"enterizo-deportivo-chellsba-rfc-008","status":"publish","type":"product","link":"https:\/\/gledarcolombianpure.com\/en\/shop\/enterizo-deportivo-chellsba-rfc-008\/","title":{"rendered":"Enterizo Deportivo Chellsba &#8211; RFC 008"},"content":{"rendered":"<p><b>Material:<\/b> Lycra\/ Nylon<br \/>\n<b>Estilo:<\/b> Enterizo<br \/>\n<b>Longitud de la Manga:<\/b>\u00a0Sin mangas<br \/>\n<b>Caracter\u00edsticas:<\/b> Transpirarte, Secado R\u00e1pido<br \/>\n<b>Actividad: <\/b>Yoga, Fitness<\/p>\n<p>Enterizo Deportivo Chellsba, este mono de una sola pieza cuenta con un dise\u00f1o atrevido y sin espalda que a\u00f1ade un toque sensual a tu look, ajuste entallado: el material el\u00e1stico y ajustado abraza tus curvas, creando una silueta elegante y favorecedora. Estilo vers\u00e1til: adecuado para varias ocasiones, desde una salida nocturna hasta un descanso casual, f\u00e1cil movimiento: el material el\u00e1stico permite un movimiento y flexibilidad sin restricciones.<\/p>\n<p><b>Instrucciones de lavado:<\/b><\/p>\n<p>\uf0fc Lavar \u00fanicamente con agua fr\u00eda (no lavar a una temperatura superior a 30 \u00b0C)<br \/>\n\uf0fc Lavar la prenda del rev\u00e9s<br \/>\n\uf0fc Lavar con prendas de colores similares<br \/>\n\uf0fc No utilice suavizante de telas (puede da\u00f1ar las fibras de elastano)<br \/>\n\uf0fc No usa blanqueador<\/p>\n<p><b>Instrucciones de cuidado:<\/b><\/p>\n<p>\uf0fc No tirar\/estirar cuando est\u00e9 mojado<br \/>\n\uf0fc No secar en secadora (puede da\u00f1ar las fibras de elastano)<br \/>\n\uf0fc Secar solo al aire<br \/>\n\uf0fc Planchar la prenda del rev\u00e9s con agua fr\u00eda. Planchar con vapor si es posible (solo si es necesario, pero no se recomienda).<br \/>\n\uf0fc Si hay marcas de pliegues cuando recibes la prenda, estas desaparecer\u00e1n una vez lavada.<\/p>\n<p><b>Instrucciones de Tallas:<\/b><\/p>\n<p>Modelo Karla: Mide 1.70 cm, Busto 78 cm, Cadera 88 cm, cintura 61cm, en talla S<br \/>\nModelo Alexandra: Mide 1.71 cm, Busto 90, Cadera 101, cintura 75, en talla L<\/p>\n<p>*Solo se aceptan devoluciones de la prenda para cambio durante los primeros 15 d\u00edas de recibida<\/p>","protected":false},"excerpt":{"rendered":"<p>Material: Lycra\/ Nylon Estilo: Enterizo Longitud de la Manga:\u00a0Sin mangas Caracter\u00edsticas: Transpirarte, Secado R\u00e1pido Actividad: Yoga, Fitness Enterizo Deportivo Chellsba, este mono de una sola pieza cuenta con un dise\u00f1o atrevido y sin espalda que a\u00f1ade un toque sensual a tu look, ajuste entallado: el material el\u00e1stico y ajustado abraza tus curvas, creando una silueta [&hellip;]<\/p>","protected":false},"featured_media":2242,"comment_status":"open","ping_status":"closed","template":"","meta":[],"product_brand":[],"product_cat":[31],"product_tag":[],"class_list":{"0":"post-2003","1":"product","2":"type-product","3":"status-publish","4":"has-post-thumbnail","6":"product_cat-ropa-deportiva","8":"first","9":"instock","10":"sale","11":"taxable","12":"shipping-taxable","13":"purchasable","14":"product-type-variable"},"supplier_id":null,"supplier_sku":"","barcode":null,"atum_controlled":true,"out_stock_date":null,"out_stock_threshold":null,"inheritable":false,"inbound_stock":null,"stock_on_hold":0,"sold_today":0,"sales_last_days":0,"reserved_stock":null,"customer_returns":null,"warehouse_damage":null,"lost_in_post":null,"other_logs":null,"out_stock_days":0,"lost_sales":0,"has_location":null,"update_date":"2026-04-23T11:43:45","atum_locations":[],"atum_stock_status":"instock","restock_status":false,"low_stock_amount":"","sales_update_date":"2026-04-23T11:43:45","calc_backorders":null,"_links":{"self":[{"href":"https:\/\/gledarcolombianpure.com\/en\/wp-json\/wp\/v2\/product\/2003","targetHints":{"allow":["GET"]}}],"collection":[{"href":"https:\/\/gledarcolombianpure.com\/en\/wp-json\/wp\/v2\/product"}],"about":[{"href":"https:\/\/gledarcolombianpure.com\/en\/wp-json\/wp\/v2\/types\/product"}],"replies":[{"embeddable":true,"href":"https:\/\/gledarcolombianpure.com\/en\/wp-json\/wp\/v2\/comments?post=2003"}],"version-history":[{"count":1,"href":"https:\/\/gledarcolombianpure.com\/en\/wp-json\/wp\/v2\/product\/2003\/revisions"}],"predecessor-version":[{"id":2243,"href":"https:\/\/gledarcolombianpure.com\/en\/wp-json\/wp\/v2\/product\/2003\/revisions\/2243"}],"wp:featuredmedia":[{"embeddable":true,"href":"https:\/\/gledarcolombianpure.com\/en\/wp-json\/wp\/v2\/media\/2242"}],"wp:attachment":[{"href":"https:\/\/gledarcolombianpure.com\/en\/wp-json\/wp\/v2\/media?parent=2003"}],"wp:term":[{"taxonomy":"product_brand","embeddable":true,"href":"https:\/\/gledarcolombianpure.com\/en\/wp-json\/wp\/v2\/product_brand?post=2003"},{"taxonomy":"product_cat","embeddable":true,"href":"https:\/\/gledarcolombianpure.com\/en\/wp-json\/wp\/v2\/product_cat?post=2003"},{"taxonomy":"product_tag","embeddable":true,"href":"https:\/\/gledarcolombianpure.com\/en\/wp-json\/wp\/v2\/product_tag?post=2003"}],"curies":[{"name":"wp","href":"https:\/\/api.w.org\/{rel}","templated":true}]}}