{"id":2028,"date":"2025-11-01T16:07:44","date_gmt":"2025-11-01T16:07:44","guid":{"rendered":"https:\/\/gledarcolombianpure.com\/?post_type=product&#038;p=2028"},"modified":"2025-11-07T16:29:39","modified_gmt":"2025-11-07T16:29:39","slug":"conjunto-deportivo-olga-plus-rfc-011","status":"publish","type":"product","link":"https:\/\/gledarcolombianpure.com\/en\/shop\/conjunto-deportivo-olga-plus-rfc-011\/","title":{"rendered":"Conjunto Deportivo Olga  PLUS &#8211; RFC  011"},"content":{"rendered":"<p><b>Material:<\/b>\u00a0Lycra\/ Nylon<br \/>\n<b>Soporte de intensidad:<\/b> \u00a0Alto soporte<br \/>\n<b>Estilo: <\/b>Conjunto de 2 piezas, Correas entrecruzadas<br \/>\n<b>Tipo de Cintura:<\/b> Cintura El\u00e1stica, Alta<br \/>\n<b>Caracter\u00edsticas:<\/b> Transpirarte, secado r\u00e1pido<br \/>\nActividad = Yoga, Entrenamientos, Actividades al aire libre<\/p>\n<p>Este conjunto de 2 piezas, ideal para realizar actividades al aire libre, yoga u entrenamiento, de talla grande, est\u00e1 dise\u00f1ado para mujeres que buscan un estilo sofisticado y comodidad deportiva, Camiseta c\u00f3moda, con almohadillas retirable, su composici\u00f3n es de 19% elastano \/ 81% nailon.<\/p>\n<p><b>Instrucciones de lavado:<\/b><\/p>\n<p>\uf0fc Lavar \u00fanicamente con agua fr\u00eda (no lavar a una temperatura superior a 30 \u00b0C)<br \/>\n\uf0fc Lavar la prenda del rev\u00e9s<br \/>\n\uf0fc Lavar con prendas de colores similares<br \/>\n\uf0fc No utilice suavizante de telas (puede da\u00f1ar las fibras de elastano)<br \/>\n\uf0fc No usa blanqueador<\/p>\n<p><b>Instrucciones de cuidado:<\/b><\/p>\n<p>\uf0fc No tirar\/estirar cuando est\u00e9 mojado<br \/>\n\uf0fc No secar en secadora (puede da\u00f1ar las fibras de elastano)<br \/>\n\uf0fc Secar solo al aire<br \/>\n\uf0fc Planchar la prenda del rev\u00e9s con agua fr\u00eda. Planchar con vapor si es posible (solo si es necesario, pero no se recomienda).<br \/>\n\uf0fc Si hay marcas de pliegues cuando recibes la prenda, estas desaparecer\u00e1n una vez lavada.<\/p>\n<p>*Solo se aceptan devoluciones de la prenda para cambio durante los primeros 15 d\u00edas de recibida<\/p>\n<p>Instrucciones de Tallas:<br \/>\nModelo xxxx: Mide cm, Busto , Cadera , cintura , en talla XXL<\/p>","protected":false},"excerpt":{"rendered":"<p>Material:\u00a0Lycra\/ Nylon Soporte de intensidad: \u00a0Alto soporte Estilo: Conjunto de 2 piezas, Correas entrecruzadas Tipo de Cintura: Cintura El\u00e1stica, Alta Caracter\u00edsticas: Transpirarte, secado r\u00e1pido Actividad = Yoga, Entrenamientos, Actividades al aire libre Este conjunto de 2 piezas, ideal para realizar actividades al aire libre, yoga u entrenamiento, de talla grande, est\u00e1 dise\u00f1ado para mujeres que [&hellip;]<\/p>","protected":false},"featured_media":2228,"comment_status":"open","ping_status":"closed","template":"","meta":[],"product_brand":[],"product_cat":[31],"product_tag":[],"class_list":{"0":"post-2028","1":"product","2":"type-product","3":"status-publish","4":"has-post-thumbnail","6":"product_cat-ropa-deportiva","8":"first","9":"instock","10":"sale","11":"taxable","12":"shipping-taxable","13":"purchasable","14":"product-type-variable"},"supplier_id":null,"supplier_sku":"","barcode":null,"atum_controlled":true,"out_stock_date":null,"out_stock_threshold":null,"inheritable":false,"inbound_stock":null,"stock_on_hold":0,"sold_today":0,"sales_last_days":0,"reserved_stock":null,"customer_returns":null,"warehouse_damage":null,"lost_in_post":null,"other_logs":null,"out_stock_days":0,"lost_sales":0,"has_location":null,"update_date":"2026-04-23T11:43:45","atum_locations":[],"atum_stock_status":"instock","restock_status":false,"low_stock_amount":"","sales_update_date":"2026-04-23T11:43:45","calc_backorders":null,"_links":{"self":[{"href":"https:\/\/gledarcolombianpure.com\/en\/wp-json\/wp\/v2\/product\/2028","targetHints":{"allow":["GET"]}}],"collection":[{"href":"https:\/\/gledarcolombianpure.com\/en\/wp-json\/wp\/v2\/product"}],"about":[{"href":"https:\/\/gledarcolombianpure.com\/en\/wp-json\/wp\/v2\/types\/product"}],"replies":[{"embeddable":true,"href":"https:\/\/gledarcolombianpure.com\/en\/wp-json\/wp\/v2\/comments?post=2028"}],"version-history":[{"count":1,"href":"https:\/\/gledarcolombianpure.com\/en\/wp-json\/wp\/v2\/product\/2028\/revisions"}],"predecessor-version":[{"id":2229,"href":"https:\/\/gledarcolombianpure.com\/en\/wp-json\/wp\/v2\/product\/2028\/revisions\/2229"}],"wp:featuredmedia":[{"embeddable":true,"href":"https:\/\/gledarcolombianpure.com\/en\/wp-json\/wp\/v2\/media\/2228"}],"wp:attachment":[{"href":"https:\/\/gledarcolombianpure.com\/en\/wp-json\/wp\/v2\/media?parent=2028"}],"wp:term":[{"taxonomy":"product_brand","embeddable":true,"href":"https:\/\/gledarcolombianpure.com\/en\/wp-json\/wp\/v2\/product_brand?post=2028"},{"taxonomy":"product_cat","embeddable":true,"href":"https:\/\/gledarcolombianpure.com\/en\/wp-json\/wp\/v2\/product_cat?post=2028"},{"taxonomy":"product_tag","embeddable":true,"href":"https:\/\/gledarcolombianpure.com\/en\/wp-json\/wp\/v2\/product_tag?post=2028"}],"curies":[{"name":"wp","href":"https:\/\/api.w.org\/{rel}","templated":true}]}}