{"id":2049,"date":"2025-11-01T16:24:49","date_gmt":"2025-11-01T16:24:49","guid":{"rendered":"https:\/\/gledarcolombianpure.com\/?post_type=product&#038;p=2049"},"modified":"2026-02-01T03:40:05","modified_gmt":"2026-02-01T03:40:05","slug":"enterizo-deportivo-aireth-rfc-014","status":"publish","type":"product","link":"https:\/\/gledarcolombianpure.com\/en\/shop\/enterizo-deportivo-aireth-rfc-014\/","title":{"rendered":"Enterizo  Deportivo Aireth &#8211; RFC 014"},"content":{"rendered":"<p><b>\u00a0Material: <\/b>78 % Polyester \/ 22 % Eslastino<br \/>\n<b>Soporte de intensida:<\/b>\u00a0Alto soporte<br \/>\n<b>Estilo: <\/b>Mono de Yoga, cuello de O<br \/>\n<b>Tipo de Ajuste<\/b>: Regular<br \/>\nCaracter\u00edsticas =Transpirarte, secado r\u00e1pido<br \/>\nActividad = Yoga, entrenamientos, actividades al aire libres<\/p>\n<p>Enterizo Deportivo Aireth, material compuesto de 78% poliamida y 22% elastano, curve control realza la figura gracias a su dise\u00f1o elegante y pr\u00e1ctico. Sus detalles est\u00e1n pensados para garantizar comodidad y sujeci\u00f3n. La espalda totalmente descubierta se complementa con el\u00e1stico adicional para mayor sujeci\u00f3n bajo el busto, almohadillas extra\u00edbles, y mangas cortas, que aportan sujeci\u00f3n y equilibrio visual, mientras que el tejido suave y el\u00e1stico garantiza la m\u00e1xima comodidad.<\/p>\n<p><b>Instrucciones de lavado:<\/b><\/p>\n<p>\uf0fc Lavar \u00fanicamente con agua fr\u00eda (no lavar a una temperatura superior a 30 \u00b0C)<br \/>\n\uf0fc Lavar la prenda del rev\u00e9s<br \/>\n\uf0fc Lavar con prendas de colores similares<br \/>\n\uf0fc No utilice suavizante de telas (puede da\u00f1ar las fibras de elastano)<br \/>\n\uf0fc No usa blanqueador<\/p>\n<p><b>Instrucciones de cuidado:<\/b><\/p>\n<p>\uf0fc No tirar\/estirar cuando est\u00e9 mojado<br \/>\n\uf0fc No secar en secadora (puede da\u00f1ar las fibras de elastano)<br \/>\n\uf0fc Secar solo al aire<br \/>\n\uf0fc Planchar la prenda del rev\u00e9s con agua fr\u00eda. Planchar con vapor si es posible (solo si es necesario, pero no se recomienda).<br \/>\n\uf0fc Si hay marcas de pliegues cuando recibes la prenda, estas desaparecer\u00e1n una vez lavada.<\/p>\n<p><b>Instrucciones de Tallas:<\/b><br \/>\nModelo Angela: Mide 165 cm, Busto 90, Cadera 100, cintura 68, uso talla M<\/p>\n<p>*Solo se aceptan devoluciones de la prenda para cambio durante los primeros 15 d\u00edas de recibida<\/p>","protected":false},"excerpt":{"rendered":"<p>\u00a0Material: 78 % Polyester \/ 22 % Eslastino Soporte de intensida:\u00a0Alto soporte Estilo: Mono de Yoga, cuello de O Tipo de Ajuste: Regular Caracter\u00edsticas =Transpirarte, secado r\u00e1pido Actividad = Yoga, entrenamientos, actividades al aire libres Enterizo Deportivo Aireth, material compuesto de 78% poliamida y 22% elastano, curve control realza la figura gracias a su dise\u00f1o [&hellip;]<\/p>","protected":false},"featured_media":2279,"comment_status":"open","ping_status":"closed","template":"","meta":[],"product_brand":[],"product_cat":[31],"product_tag":[],"class_list":{"0":"post-2049","1":"product","2":"type-product","3":"status-publish","4":"has-post-thumbnail","6":"product_cat-ropa-deportiva","8":"first","9":"instock","10":"sale","11":"taxable","12":"shipping-taxable","13":"purchasable","14":"product-type-variable"},"supplier_id":null,"supplier_sku":"","barcode":null,"atum_controlled":true,"out_stock_date":null,"out_stock_threshold":null,"inheritable":false,"inbound_stock":null,"stock_on_hold":0,"sold_today":0,"sales_last_days":0,"reserved_stock":null,"customer_returns":null,"warehouse_damage":null,"lost_in_post":null,"other_logs":null,"out_stock_days":0,"lost_sales":0,"has_location":null,"update_date":"2026-04-23T11:43:39","atum_locations":[],"atum_stock_status":"instock","restock_status":false,"low_stock_amount":"","sales_update_date":"2026-04-23T11:43:39","calc_backorders":null,"_links":{"self":[{"href":"https:\/\/gledarcolombianpure.com\/en\/wp-json\/wp\/v2\/product\/2049","targetHints":{"allow":["GET"]}}],"collection":[{"href":"https:\/\/gledarcolombianpure.com\/en\/wp-json\/wp\/v2\/product"}],"about":[{"href":"https:\/\/gledarcolombianpure.com\/en\/wp-json\/wp\/v2\/types\/product"}],"replies":[{"embeddable":true,"href":"https:\/\/gledarcolombianpure.com\/en\/wp-json\/wp\/v2\/comments?post=2049"}],"version-history":[{"count":2,"href":"https:\/\/gledarcolombianpure.com\/en\/wp-json\/wp\/v2\/product\/2049\/revisions"}],"predecessor-version":[{"id":3335,"href":"https:\/\/gledarcolombianpure.com\/en\/wp-json\/wp\/v2\/product\/2049\/revisions\/3335"}],"wp:featuredmedia":[{"embeddable":true,"href":"https:\/\/gledarcolombianpure.com\/en\/wp-json\/wp\/v2\/media\/2279"}],"wp:attachment":[{"href":"https:\/\/gledarcolombianpure.com\/en\/wp-json\/wp\/v2\/media?parent=2049"}],"wp:term":[{"taxonomy":"product_brand","embeddable":true,"href":"https:\/\/gledarcolombianpure.com\/en\/wp-json\/wp\/v2\/product_brand?post=2049"},{"taxonomy":"product_cat","embeddable":true,"href":"https:\/\/gledarcolombianpure.com\/en\/wp-json\/wp\/v2\/product_cat?post=2049"},{"taxonomy":"product_tag","embeddable":true,"href":"https:\/\/gledarcolombianpure.com\/en\/wp-json\/wp\/v2\/product_tag?post=2049"}],"curies":[{"name":"wp","href":"https:\/\/api.w.org\/{rel}","templated":true}]}}