{"id":2072,"date":"2025-11-01T16:38:53","date_gmt":"2025-11-01T16:38:53","guid":{"rendered":"https:\/\/gledarcolombianpure.com\/?post_type=product&#038;p=2072"},"modified":"2025-11-09T00:16:00","modified_gmt":"2025-11-09T00:16:00","slug":"conjunto-deportivo-lucia-rfc-016","status":"publish","type":"product","link":"https:\/\/gledarcolombianpure.com\/en\/shop\/conjunto-deportivo-lucia-rfc-016\/","title":{"rendered":"Conjunto Deportivo Lucia &#8211; RFC 016"},"content":{"rendered":"<p><b>Material: <\/b>Hilos Elasticos, sin costura<br \/>\n<b>Soporte de intensida: <\/b>Alto soporte<br \/>\n<b>Estilo: <\/b>Set 2 piezas<br \/>\n<b>Tipo de Ajuste: <\/b>Regular<br \/>\n<b>Caracter\u00edsticas<\/b> :Transpirarte, secado r\u00e1pido<br \/>\n<b>Actividad: <\/b>Yoga<\/p>\n<p>Conjunto Deportivo Lucia, de 2 piezas, elaborado en Colombia con hilos el\u00e1sticos, que permite transpiraci\u00f3n y regulaci\u00f3n de la temperatura corporal, Leggins push ideal para hormar tus gl\u00fateos, con cintura alta con elasticidad. Exclusivo, delicado y sexy Top, con dos tiras ajustable y soporte parte posterior, sin almohadillas, set elaborado pensando en exclusividad, comodidad y bienestar durante tus entrenamientos<\/p>\n<p><b>Instrucciones de lavado:<\/b><\/p>\n<p>\uf0fc Lavar \u00fanicamente con agua fr\u00eda (no lavar a una temperatura superior a 30 \u00b0C)<br \/>\n\uf0fc Lavar la prenda del rev\u00e9s<br \/>\n\uf0fc Lavar con prendas de colores similares<br \/>\n\uf0fc No utilice suavizante de telas (puede da\u00f1ar las fibras de elastano)<br \/>\n\uf0fc No usa blanqueador<\/p>\n<p><b>Instrucciones de cuidado:<\/b><\/p>\n<p>\uf0fc No tirar\/estirar cuando est\u00e9 mojado<br \/>\n\uf0fc No secar en secadora (puede da\u00f1ar las fibras de elastano)<br \/>\n\uf0fc Secar solo al aire<br \/>\n\uf0fc Planchar la prenda del rev\u00e9s con agua fr\u00eda. Planchar con vapor si es posible (solo si es necesario, pero no se recomienda).<br \/>\n\uf0fc Si hay marcas de pliegues cuando recibes la prenda, estas desaparecer\u00e1n una vez lavada.<\/p>\n<p><b>Instrucciones de Tallas:<\/b><br \/>\nModelo Avery: Mide 165 cm, Busto 90, Cadera 100, cintura 68, uso talla U<\/p>","protected":false},"excerpt":{"rendered":"<p>Material: Hilos Elasticos, sin costura Soporte de intensida: Alto soporte Estilo: Set 2 piezas Tipo de Ajuste: Regular Caracter\u00edsticas :Transpirarte, secado r\u00e1pido Actividad: Yoga Conjunto Deportivo Lucia, de 2 piezas, elaborado en Colombia con hilos el\u00e1sticos, que permite transpiraci\u00f3n y regulaci\u00f3n de la temperatura corporal, Leggins push ideal para hormar tus gl\u00fateos, con cintura alta [&hellip;]<\/p>","protected":false},"featured_media":2177,"comment_status":"open","ping_status":"closed","template":"","meta":[],"product_brand":[],"product_cat":[31],"product_tag":[],"class_list":{"0":"post-2072","1":"product","2":"type-product","3":"status-publish","4":"has-post-thumbnail","6":"product_cat-ropa-deportiva","8":"first","9":"instock","10":"sale","11":"taxable","12":"shipping-taxable","13":"purchasable","14":"product-type-variable"},"supplier_id":null,"supplier_sku":"","barcode":null,"atum_controlled":true,"out_stock_date":null,"out_stock_threshold":null,"inheritable":false,"inbound_stock":null,"stock_on_hold":0,"sold_today":0,"sales_last_days":0,"reserved_stock":null,"customer_returns":null,"warehouse_damage":null,"lost_in_post":null,"other_logs":null,"out_stock_days":0,"lost_sales":0,"has_location":null,"update_date":"2026-04-23T11:43:38","atum_locations":[],"atum_stock_status":"instock","restock_status":false,"low_stock_amount":"","sales_update_date":"2026-04-23T11:43:38","calc_backorders":null,"_links":{"self":[{"href":"https:\/\/gledarcolombianpure.com\/en\/wp-json\/wp\/v2\/product\/2072","targetHints":{"allow":["GET"]}}],"collection":[{"href":"https:\/\/gledarcolombianpure.com\/en\/wp-json\/wp\/v2\/product"}],"about":[{"href":"https:\/\/gledarcolombianpure.com\/en\/wp-json\/wp\/v2\/types\/product"}],"replies":[{"embeddable":true,"href":"https:\/\/gledarcolombianpure.com\/en\/wp-json\/wp\/v2\/comments?post=2072"}],"version-history":[{"count":1,"href":"https:\/\/gledarcolombianpure.com\/en\/wp-json\/wp\/v2\/product\/2072\/revisions"}],"predecessor-version":[{"id":2428,"href":"https:\/\/gledarcolombianpure.com\/en\/wp-json\/wp\/v2\/product\/2072\/revisions\/2428"}],"wp:featuredmedia":[{"embeddable":true,"href":"https:\/\/gledarcolombianpure.com\/en\/wp-json\/wp\/v2\/media\/2177"}],"wp:attachment":[{"href":"https:\/\/gledarcolombianpure.com\/en\/wp-json\/wp\/v2\/media?parent=2072"}],"wp:term":[{"taxonomy":"product_brand","embeddable":true,"href":"https:\/\/gledarcolombianpure.com\/en\/wp-json\/wp\/v2\/product_brand?post=2072"},{"taxonomy":"product_cat","embeddable":true,"href":"https:\/\/gledarcolombianpure.com\/en\/wp-json\/wp\/v2\/product_cat?post=2072"},{"taxonomy":"product_tag","embeddable":true,"href":"https:\/\/gledarcolombianpure.com\/en\/wp-json\/wp\/v2\/product_tag?post=2072"}],"curies":[{"name":"wp","href":"https:\/\/api.w.org\/{rel}","templated":true}]}}