{"id":2077,"date":"2025-11-01T16:44:42","date_gmt":"2025-11-01T16:44:42","guid":{"rendered":"https:\/\/gledarcolombianpure.com\/?post_type=product&#038;p=2077"},"modified":"2025-11-09T00:23:29","modified_gmt":"2025-11-09T00:23:29","slug":"conjunto-deportivo-dulce-rfc-017","status":"publish","type":"product","link":"https:\/\/gledarcolombianpure.com\/en\/shop\/conjunto-deportivo-dulce-rfc-017\/","title":{"rendered":"Conjunto Deportivo Dulce &#8211; RFC 017"},"content":{"rendered":"<p><b>Material:<\/b>\u00a0Nylon \/ 75 % Algodon<br \/>\n<b>Soporte de intensidad:<\/b>\u00a0Alto soporte<br \/>\n<b>Estilo: <\/b>\u00a0Conjunto de 2 piezas, Tiras en Y<br \/>\n<b>Tipo de Cintura: <\/b>Cintura El\u00e1stica, Alta<br \/>\n<b>Caracter\u00edsticas: <\/b>Transpirarte, secado r\u00e1pido<br \/>\n<b>Actividad:<\/b>\u00a0Yoga<\/p>\n<p>Conjunto Deportivo Dulce, con sujetador deportivo, diadema y tirantes ajustables para un ajuste personalizado, su copa 3\/4 no solo eleva y sujeta el busto a la perfecci\u00f3n, sino que tambi\u00e9n resalta las curvas sensuales, La banda ancha en el borde del sujetador proporciona estabilidad y un toque de estilo, aportando un encanto \u00fanico al conjunto. Los suaves muelles delanteros le dan un toque sexy y tejido altamente el\u00e1stico con acolchado incorporado para mayor sujeci\u00f3n.<\/p>\n<p>Leggings parte delantera, de impecable confecci\u00f3n, se ajusta al cuerpo y permite una total libertad de movimiento. El dise\u00f1o de talle bajo en forma de V en la espalda no solo estiliza la cintura, sino que tambi\u00e9n realza las curvas de los gl\u00fateos, El bolsillo lateral ofrece comodidad para guardar peque\u00f1os objetos. El conjunto combina con ingenio moda y funcionalidad, permitiendo moverse con libertad y comodidad durante la pr\u00e1ctica deportiva.<\/p>\n<p><b>Instrucciones de lavado:<\/b><\/p>\n<p>\uf0fc Lavar \u00fanicamente con agua fr\u00eda (no lavar a una temperatura superior a 30 \u00b0C)<br \/>\n\uf0fc Lavar la prenda del rev\u00e9s<br \/>\n\uf0fc Lavar con prendas de colores similares<br \/>\n\uf0fc No utilice suavizante de telas (puede da\u00f1ar las fibras de elastano)<br \/>\n\uf0fc No usa blanqueador<\/p>\n<p><b>Instrucciones de cuidado:<\/b><\/p>\n<p>\uf0fc No tirar\/estirar cuando est\u00e9 mojado<br \/>\n\uf0fc No secar en secadora (puede da\u00f1ar las fibras de elastano)<br \/>\n\uf0fc Secar solo al aire<br \/>\n\uf0fc Planchar la prenda del rev\u00e9s con agua fr\u00eda. Planchar con vapor si es posible (solo si es necesario, pero no se recomienda).<br \/>\n\uf0fc Si hay marcas de pliegues cuando recibes la prenda, estas desaparecer\u00e1n una vez lavada.<\/p>\n<p><b>Instrucciones de Tallas:<\/b><br \/>\nModelo Angela: Mide 165 cm, Busto 90, Cadera 100, cintura 68, uso talla M<\/p>\n<p>*Solo se aceptan devoluciones de la prenda para cambio durante los primeros 15 d\u00edas de recibida<\/p>","protected":false},"excerpt":{"rendered":"<p>Material:\u00a0Nylon \/ 75 % Algodon Soporte de intensidad:\u00a0Alto soporte Estilo: \u00a0Conjunto de 2 piezas, Tiras en Y Tipo de Cintura: Cintura El\u00e1stica, Alta Caracter\u00edsticas: Transpirarte, secado r\u00e1pido Actividad:\u00a0Yoga Conjunto Deportivo Dulce, con sujetador deportivo, diadema y tirantes ajustables para un ajuste personalizado, su copa 3\/4 no solo eleva y sujeta el busto a la perfecci\u00f3n, [&hellip;]<\/p>","protected":false},"featured_media":2435,"comment_status":"open","ping_status":"closed","template":"","meta":[],"product_brand":[],"product_cat":[31],"product_tag":[],"class_list":{"0":"post-2077","1":"product","2":"type-product","3":"status-publish","4":"has-post-thumbnail","6":"product_cat-ropa-deportiva","8":"first","9":"instock","10":"sale","11":"taxable","12":"shipping-taxable","13":"purchasable","14":"product-type-variable"},"supplier_id":null,"supplier_sku":"","barcode":null,"atum_controlled":true,"out_stock_date":null,"out_stock_threshold":null,"inheritable":false,"inbound_stock":null,"stock_on_hold":0,"sold_today":0,"sales_last_days":0,"reserved_stock":null,"customer_returns":null,"warehouse_damage":null,"lost_in_post":null,"other_logs":null,"out_stock_days":0,"lost_sales":0,"has_location":null,"update_date":"2026-04-23T11:43:38","atum_locations":[],"atum_stock_status":"instock","restock_status":false,"low_stock_amount":"","sales_update_date":"2026-04-23T11:43:38","calc_backorders":null,"_links":{"self":[{"href":"https:\/\/gledarcolombianpure.com\/en\/wp-json\/wp\/v2\/product\/2077","targetHints":{"allow":["GET"]}}],"collection":[{"href":"https:\/\/gledarcolombianpure.com\/en\/wp-json\/wp\/v2\/product"}],"about":[{"href":"https:\/\/gledarcolombianpure.com\/en\/wp-json\/wp\/v2\/types\/product"}],"replies":[{"embeddable":true,"href":"https:\/\/gledarcolombianpure.com\/en\/wp-json\/wp\/v2\/comments?post=2077"}],"version-history":[{"count":1,"href":"https:\/\/gledarcolombianpure.com\/en\/wp-json\/wp\/v2\/product\/2077\/revisions"}],"predecessor-version":[{"id":2438,"href":"https:\/\/gledarcolombianpure.com\/en\/wp-json\/wp\/v2\/product\/2077\/revisions\/2438"}],"wp:featuredmedia":[{"embeddable":true,"href":"https:\/\/gledarcolombianpure.com\/en\/wp-json\/wp\/v2\/media\/2435"}],"wp:attachment":[{"href":"https:\/\/gledarcolombianpure.com\/en\/wp-json\/wp\/v2\/media?parent=2077"}],"wp:term":[{"taxonomy":"product_brand","embeddable":true,"href":"https:\/\/gledarcolombianpure.com\/en\/wp-json\/wp\/v2\/product_brand?post=2077"},{"taxonomy":"product_cat","embeddable":true,"href":"https:\/\/gledarcolombianpure.com\/en\/wp-json\/wp\/v2\/product_cat?post=2077"},{"taxonomy":"product_tag","embeddable":true,"href":"https:\/\/gledarcolombianpure.com\/en\/wp-json\/wp\/v2\/product_tag?post=2077"}],"curies":[{"name":"wp","href":"https:\/\/api.w.org\/{rel}","templated":true}]}}