{"id":2093,"date":"2025-11-01T16:55:42","date_gmt":"2025-11-01T16:55:42","guid":{"rendered":"https:\/\/gledarcolombianpure.com\/?post_type=product&#038;p=2093"},"modified":"2025-11-09T00:30:36","modified_gmt":"2025-11-09T00:30:36","slug":"conjunto-deportivo-erika-rfc-018","status":"publish","type":"product","link":"https:\/\/gledarcolombianpure.com\/en\/shop\/conjunto-deportivo-erika-rfc-018\/","title":{"rendered":"Conjunto Deportivo Erika &#8211; RFC 018"},"content":{"rendered":"<p><b>Material:<\/b>\u00a078% Nilon \/ 22 % Elasteno<br \/>\n<b>Soporte de intensidad: <\/b>\u00a0Alto soporte<br \/>\n<b>Estilo:<\/b> Conjunto de 2 piezas, con magas cortas,<br \/>\n<b>Tipo de Cintura: <\/b>Cintura El\u00e1stica, Alta<br \/>\n<b>Caracter\u00edsticas:<\/b> Transpirarte, secado r\u00e1pido<br \/>\n<b>Actividad<\/b> = Yoga<\/p>\n<p>Conjunto Deportivo Erika, Confeccionado con un 78 % de nailon reciclado y un 22 % de elastano para una sensaci\u00f3n de segunda piel, el set de camiseta y leggings que ofrece un ajuste elegante y moldeador que se adapta a tus movimientos. Ya sea para entrenar o hacer recados, este conjunto te brinda comodidad sin esfuerzo y una silueta favorecedora.<\/p>\n<p>Camiseta cuenta con cuello redondo cl\u00e1sico realzando la definici\u00f3n del escote con un estilo atemporal, mangas cortas, acent\u00faan los hombros para esculpir la parte superior del cuerpo y ajuste que ci\u00f1e la cintura: Crea un efecto adelgazante a la vez que proporciona una cobertura total.<\/p>\n<p>Leggins con un dise\u00f1o de cintura alta, lisa y sujeta para un ajuste seguro y favorecedor, ajuste que se mantiene en su lugar, no se enrolla ni se desliza, lo que garantiza la comodidad en cada movimiento, detalles de las costuras esculpidas logrando realzan las curvas naturales y crean una apariencia estilizada.<\/p>\n<p><b>Instrucciones de lavado:<\/b><\/p>\n<p>\uf0fc Lavar \u00fanicamente con agua fr\u00eda (no lavar a una temperatura superior a 30 \u00b0C)<br \/>\n\uf0fc Lavar la prenda del rev\u00e9s<br \/>\n\uf0fc Lavar con prendas de colores similares<br \/>\n\uf0fc No utilice suavizante de telas (puede da\u00f1ar las fibras de elastano)<br \/>\n\uf0fc No usa blanqueador<\/p>\n<p><b>Instrucciones de cuidado:<\/b><\/p>\n<p>\uf0fc No tirar\/estirar cuando est\u00e9 mojado<br \/>\n\uf0fc No secar en secadora (puede da\u00f1ar las fibras de elastano)<br \/>\n\uf0fc Secar solo al aire<br \/>\n\uf0fc Planchar la prenda del rev\u00e9s con agua fr\u00eda. Planchar con vapor si es posible (solo si es necesario, pero no se recomienda).<br \/>\n\uf0fc Si hay marcas de pliegues cuando recibes la prenda, estas desaparecer\u00e1n una vez lavada.<\/p>\n<p><b>Instrucciones de Tallas:<\/b><br \/>\nModelo Avery: Mide cm, Busto 90, Cadera 100, cintura 68, uso talla M<\/p>\n<p>*Solo se aceptan devoluciones de la prenda para cambio durante los primeros 15 d\u00edas de recibida<\/p>","protected":false},"excerpt":{"rendered":"<p>Material:\u00a078% Nilon \/ 22 % Elasteno Soporte de intensidad: \u00a0Alto soporte Estilo: Conjunto de 2 piezas, con magas cortas, Tipo de Cintura: Cintura El\u00e1stica, Alta Caracter\u00edsticas: Transpirarte, secado r\u00e1pido Actividad = Yoga Conjunto Deportivo Erika, Confeccionado con un 78 % de nailon reciclado y un 22 % de elastano para una sensaci\u00f3n de segunda piel, [&hellip;]<\/p>","protected":false},"featured_media":2439,"comment_status":"open","ping_status":"closed","template":"","meta":[],"product_brand":[],"product_cat":[31],"product_tag":[],"class_list":{"0":"post-2093","1":"product","2":"type-product","3":"status-publish","4":"has-post-thumbnail","6":"product_cat-ropa-deportiva","8":"first","9":"instock","10":"sale","11":"taxable","12":"shipping-taxable","13":"purchasable","14":"product-type-variable"},"supplier_id":null,"supplier_sku":"","barcode":null,"atum_controlled":true,"out_stock_date":null,"out_stock_threshold":null,"inheritable":false,"inbound_stock":null,"stock_on_hold":0,"sold_today":0,"sales_last_days":0,"reserved_stock":null,"customer_returns":null,"warehouse_damage":null,"lost_in_post":null,"other_logs":null,"out_stock_days":0,"lost_sales":0,"has_location":null,"update_date":"2026-04-23T11:43:39","atum_locations":[],"atum_stock_status":"instock","restock_status":false,"low_stock_amount":"","sales_update_date":"2026-04-23T11:43:39","calc_backorders":null,"_links":{"self":[{"href":"https:\/\/gledarcolombianpure.com\/en\/wp-json\/wp\/v2\/product\/2093","targetHints":{"allow":["GET"]}}],"collection":[{"href":"https:\/\/gledarcolombianpure.com\/en\/wp-json\/wp\/v2\/product"}],"about":[{"href":"https:\/\/gledarcolombianpure.com\/en\/wp-json\/wp\/v2\/types\/product"}],"replies":[{"embeddable":true,"href":"https:\/\/gledarcolombianpure.com\/en\/wp-json\/wp\/v2\/comments?post=2093"}],"version-history":[{"count":1,"href":"https:\/\/gledarcolombianpure.com\/en\/wp-json\/wp\/v2\/product\/2093\/revisions"}],"predecessor-version":[{"id":2444,"href":"https:\/\/gledarcolombianpure.com\/en\/wp-json\/wp\/v2\/product\/2093\/revisions\/2444"}],"wp:featuredmedia":[{"embeddable":true,"href":"https:\/\/gledarcolombianpure.com\/en\/wp-json\/wp\/v2\/media\/2439"}],"wp:attachment":[{"href":"https:\/\/gledarcolombianpure.com\/en\/wp-json\/wp\/v2\/media?parent=2093"}],"wp:term":[{"taxonomy":"product_brand","embeddable":true,"href":"https:\/\/gledarcolombianpure.com\/en\/wp-json\/wp\/v2\/product_brand?post=2093"},{"taxonomy":"product_cat","embeddable":true,"href":"https:\/\/gledarcolombianpure.com\/en\/wp-json\/wp\/v2\/product_cat?post=2093"},{"taxonomy":"product_tag","embeddable":true,"href":"https:\/\/gledarcolombianpure.com\/en\/wp-json\/wp\/v2\/product_tag?post=2093"}],"curies":[{"name":"wp","href":"https:\/\/api.w.org\/{rel}","templated":true}]}}