{"id":2108,"date":"2025-11-02T13:45:15","date_gmt":"2025-11-02T13:45:15","guid":{"rendered":"https:\/\/gledarcolombianpure.com\/?post_type=product&#038;p=2108"},"modified":"2025-11-09T00:50:42","modified_gmt":"2025-11-09T00:50:42","slug":"vestido-deportivo-saray-rfc-020","status":"publish","type":"product","link":"https:\/\/gledarcolombianpure.com\/en\/shop\/vestido-deportivo-saray-rfc-020\/","title":{"rendered":"Vestido Deportivo  Saray &#8211; RFC 020"},"content":{"rendered":"<p><b>Material:<\/b>\u00a0Licra \/ Nylon<br \/>\n<b>Soporte de intensidad:<\/b>\u00a0Alto soporte<br \/>\n<b>Estilo<\/b>: Vestido, sin mangas,<br \/>\n<b>Tipo de Cintura:<\/b>\u00a0Cintura torniada<br \/>\n<b>Caracter\u00edsticas: <\/b>Transpirarte, secado r\u00e1pido<br \/>\n<b>Actividad: <\/b>Yoga, Tenis<\/p>\n<p>Vestido Deportivo Saray, la m\u00e1xima expresi\u00f3n de comodidad y estilo, Confeccionado con una lujosa mezcla de 80 % nailon y 20 % elastano, este vestido ofrece una suavidad incre\u00edble al contacto con la piel, garantizando la m\u00e1xima comodidad durante tus entrenamientos o salidas informales. Con copas preformadas y shorts integrados, este vestido ofrece sujeci\u00f3n y cobertura, permiti\u00e9ndote moverte con confianza y libertad. El dise\u00f1o cruzado en la espalda a\u00f1ade un toque de elegancia y estilo, a la vez que mejora la transpirabilidad y la libertad de movimiento.<\/p>\n<p><b>Instrucciones de lavado:<\/b><\/p>\n<p>\uf0fc Lavar \u00fanicamente con agua fr\u00eda (no lavar a una temperatura superior a 30 \u00b0C)<br \/>\n\uf0fc Lavar la prenda del rev\u00e9s<br \/>\n\uf0fc Lavar con prendas de colores similares<br \/>\n\uf0fc No utilice suavizante de telas (puede da\u00f1ar las fibras de elastano)<\/p>\n<p><b>Instrucciones de cuidado:<\/b><\/p>\n<p>\uf0fc No tirar\/estirar cuando est\u00e9 mojado<br \/>\n\uf0fc No secar en secadora (puede da\u00f1ar las fibras de elastano)<br \/>\n\uf0fc Secar solo al aire<br \/>\n\uf0fc Planchar la prenda del rev\u00e9s con agua fr\u00eda. Planchar con vapor si es posible (solo si es necesario, pero no se recomienda).<br \/>\n\uf0fc Si hay marcas de pliegues cuando recibes la prenda, estas desaparecer\u00e1n una vez lavada.<\/p>\n<p><b>Instrucciones de Tallas:<\/b><br \/>\nModelo Alexandra: Mide cm, Busto , Cadera , cintura , en talla S<\/p>","protected":false},"excerpt":{"rendered":"<p>Material:\u00a0Licra \/ Nylon Soporte de intensidad:\u00a0Alto soporte Estilo: Vestido, sin mangas, Tipo de Cintura:\u00a0Cintura torniada Caracter\u00edsticas: Transpirarte, secado r\u00e1pido Actividad: Yoga, Tenis Vestido Deportivo Saray, la m\u00e1xima expresi\u00f3n de comodidad y estilo, Confeccionado con una lujosa mezcla de 80 % nailon y 20 % elastano, este vestido ofrece una suavidad incre\u00edble al contacto con la [&hellip;]<\/p>","protected":false},"featured_media":2173,"comment_status":"open","ping_status":"closed","template":"","meta":[],"product_brand":[],"product_cat":[31],"product_tag":[],"class_list":{"0":"post-2108","1":"product","2":"type-product","3":"status-publish","4":"has-post-thumbnail","6":"product_cat-ropa-deportiva","8":"first","9":"instock","10":"sale","11":"taxable","12":"shipping-taxable","13":"purchasable","14":"product-type-variable"},"supplier_id":null,"supplier_sku":"","barcode":null,"atum_controlled":true,"out_stock_date":null,"out_stock_threshold":null,"inheritable":false,"inbound_stock":null,"stock_on_hold":0,"sold_today":0,"sales_last_days":0,"reserved_stock":null,"customer_returns":null,"warehouse_damage":null,"lost_in_post":null,"other_logs":null,"out_stock_days":0,"lost_sales":0,"has_location":null,"update_date":"2026-04-23T11:43:42","atum_locations":[],"atum_stock_status":"instock","restock_status":false,"low_stock_amount":"","sales_update_date":"2026-04-23T11:43:42","calc_backorders":null,"_links":{"self":[{"href":"https:\/\/gledarcolombianpure.com\/en\/wp-json\/wp\/v2\/product\/2108","targetHints":{"allow":["GET"]}}],"collection":[{"href":"https:\/\/gledarcolombianpure.com\/en\/wp-json\/wp\/v2\/product"}],"about":[{"href":"https:\/\/gledarcolombianpure.com\/en\/wp-json\/wp\/v2\/types\/product"}],"replies":[{"embeddable":true,"href":"https:\/\/gledarcolombianpure.com\/en\/wp-json\/wp\/v2\/comments?post=2108"}],"version-history":[{"count":1,"href":"https:\/\/gledarcolombianpure.com\/en\/wp-json\/wp\/v2\/product\/2108\/revisions"}],"predecessor-version":[{"id":2455,"href":"https:\/\/gledarcolombianpure.com\/en\/wp-json\/wp\/v2\/product\/2108\/revisions\/2455"}],"wp:featuredmedia":[{"embeddable":true,"href":"https:\/\/gledarcolombianpure.com\/en\/wp-json\/wp\/v2\/media\/2173"}],"wp:attachment":[{"href":"https:\/\/gledarcolombianpure.com\/en\/wp-json\/wp\/v2\/media?parent=2108"}],"wp:term":[{"taxonomy":"product_brand","embeddable":true,"href":"https:\/\/gledarcolombianpure.com\/en\/wp-json\/wp\/v2\/product_brand?post=2108"},{"taxonomy":"product_cat","embeddable":true,"href":"https:\/\/gledarcolombianpure.com\/en\/wp-json\/wp\/v2\/product_cat?post=2108"},{"taxonomy":"product_tag","embeddable":true,"href":"https:\/\/gledarcolombianpure.com\/en\/wp-json\/wp\/v2\/product_tag?post=2108"}],"curies":[{"name":"wp","href":"https:\/\/api.w.org\/{rel}","templated":true}]}}