{"id":2121,"date":"2025-11-02T14:31:17","date_gmt":"2025-11-02T14:31:17","guid":{"rendered":"https:\/\/gledarcolombianpure.com\/?post_type=product&#038;p=2121"},"modified":"2025-11-30T22:12:31","modified_gmt":"2025-11-30T22:12:31","slug":"chaqueta-deportiva-luciana-rfc-023","status":"publish","type":"product","link":"https:\/\/gledarcolombianpure.com\/en\/shop\/chaqueta-deportiva-luciana-rfc-023\/","title":{"rendered":"Chaqueta Deportiva Luciana &#8211; Ref 023"},"content":{"rendered":"<p><b>Material: <\/b>25 % Spandex \/75 % Nylon<br \/>\n<b>Longitud de la Mangas:<\/b> Completo<br \/>\n<b>Tipo de Ajuste: <\/b>Regular<br \/>\nCaracter\u00edsticas =Transpirarte, secado r\u00e1pido<br \/>\nActividad = Yoga, GYM<\/p>\n<p>Aprueba de viento con capucha, bolsillos laterales corte ajustado, largo hasta la cadera, se adapta a tu cuerpo, se sit\u00faa debajo de la cintura para una cobertura moderada y diaria, Capucha ajustable, presilla para colgar f\u00e1cilmente, el tirador el\u00e1stico de la cremallera tambi\u00e9n sirve como coletero de emergencia. Los orificios para los pulgares y los pu\u00f1os mantienen las mangas abajo y abrigan.<\/p>\n<p><b>Instrucciones de lavado:<\/b><\/p>\n<p>\uf0fc Lavar \u00fanicamente con agua fr\u00eda (no lavar a una temperatura superior a 30 \u00b0C)<br \/>\n\uf0fc Lavar la prenda del rev\u00e9s<br \/>\n\uf0fc Lavar con prendas de colores similares<br \/>\n\uf0fc No utilice suavizante de telas (puede da\u00f1ar las fibras de elastano)<br \/>\n\uf0fc No usa blanqueador<\/p>\n<p><b>Instrucciones de cuidado:<\/b><\/p>\n<p>\uf0fc No tirar\/estirar cuando est\u00e9 mojado<br \/>\n\uf0fc No secar en secadora (puede da\u00f1ar las fibras de elastano)<br \/>\n\uf0fc Secar solo al aire<br \/>\n\uf0fc Planchar la prenda del rev\u00e9s con agua fr\u00eda. Planchar con vapor si es posible (solo si es necesario, pero no se recomienda).<br \/>\n\uf0fc Si hay marcas de pliegues cuando recibes la prenda, estas desaparecer\u00e1n una vez lavada.<\/p>\n<p>Instrucciones de Tallas:<br \/>\nModelo Angela: Mide 165 cm, Busto 90, Cadera 100, cintura 68, uso talla M<\/p>","protected":false},"excerpt":{"rendered":"<p>Material: 25 % Spandex \/75 % Nylon Longitud de la Mangas: Completo Tipo de Ajuste: Regular Caracter\u00edsticas =Transpirarte, secado r\u00e1pido Actividad = Yoga, GYM Aprueba de viento con capucha, bolsillos laterales corte ajustado, largo hasta la cadera, se adapta a tu cuerpo, se sit\u00faa debajo de la cintura para una cobertura moderada y diaria, Capucha [&hellip;]<\/p>","protected":false},"featured_media":2184,"comment_status":"open","ping_status":"closed","template":"","meta":[],"product_brand":[],"product_cat":[31],"product_tag":[],"class_list":{"0":"post-2121","1":"product","2":"type-product","3":"status-publish","4":"has-post-thumbnail","6":"product_cat-ropa-deportiva","8":"first","9":"instock","10":"sale","11":"taxable","12":"shipping-taxable","13":"purchasable","14":"product-type-variable"},"supplier_id":null,"supplier_sku":"","barcode":null,"atum_controlled":true,"out_stock_date":null,"out_stock_threshold":null,"inheritable":false,"inbound_stock":null,"stock_on_hold":0,"sold_today":0,"sales_last_days":0,"reserved_stock":null,"customer_returns":null,"warehouse_damage":null,"lost_in_post":null,"other_logs":null,"out_stock_days":0,"lost_sales":0,"has_location":null,"update_date":"2026-04-23T11:43:44","atum_locations":[],"atum_stock_status":"instock","restock_status":false,"low_stock_amount":"","sales_update_date":"2026-04-23T11:43:44","calc_backorders":null,"_links":{"self":[{"href":"https:\/\/gledarcolombianpure.com\/en\/wp-json\/wp\/v2\/product\/2121","targetHints":{"allow":["GET"]}}],"collection":[{"href":"https:\/\/gledarcolombianpure.com\/en\/wp-json\/wp\/v2\/product"}],"about":[{"href":"https:\/\/gledarcolombianpure.com\/en\/wp-json\/wp\/v2\/types\/product"}],"replies":[{"embeddable":true,"href":"https:\/\/gledarcolombianpure.com\/en\/wp-json\/wp\/v2\/comments?post=2121"}],"version-history":[{"count":2,"href":"https:\/\/gledarcolombianpure.com\/en\/wp-json\/wp\/v2\/product\/2121\/revisions"}],"predecessor-version":[{"id":2921,"href":"https:\/\/gledarcolombianpure.com\/en\/wp-json\/wp\/v2\/product\/2121\/revisions\/2921"}],"wp:featuredmedia":[{"embeddable":true,"href":"https:\/\/gledarcolombianpure.com\/en\/wp-json\/wp\/v2\/media\/2184"}],"wp:attachment":[{"href":"https:\/\/gledarcolombianpure.com\/en\/wp-json\/wp\/v2\/media?parent=2121"}],"wp:term":[{"taxonomy":"product_brand","embeddable":true,"href":"https:\/\/gledarcolombianpure.com\/en\/wp-json\/wp\/v2\/product_brand?post=2121"},{"taxonomy":"product_cat","embeddable":true,"href":"https:\/\/gledarcolombianpure.com\/en\/wp-json\/wp\/v2\/product_cat?post=2121"},{"taxonomy":"product_tag","embeddable":true,"href":"https:\/\/gledarcolombianpure.com\/en\/wp-json\/wp\/v2\/product_tag?post=2121"}],"curies":[{"name":"wp","href":"https:\/\/api.w.org\/{rel}","templated":true}]}}