{"id":2128,"date":"2025-11-02T14:41:42","date_gmt":"2025-11-02T14:41:42","guid":{"rendered":"https:\/\/gledarcolombianpure.com\/?post_type=product&#038;p=2128"},"modified":"2025-11-30T22:08:32","modified_gmt":"2025-11-30T22:08:32","slug":"chaqueta-deportiva-rfc-024","status":"publish","type":"product","link":"https:\/\/gledarcolombianpure.com\/en\/shop\/chaqueta-deportiva-rfc-024\/","title":{"rendered":"Chaqueta Deportiva &#8211; Ref 024"},"content":{"rendered":"<p><b>Material: <\/b>Lycra\/ Poliester<br \/>\n<b>Longitud de la Mangas: <\/b>Completo<br \/>\n<b>Tipo de Ajuste:<\/b> Regular<br \/>\n<b>Escote: <\/b>Soporte<br \/>\n<b>Caracter\u00edsticas: <\/b>Transpirarte, secado r\u00e1pido<br \/>\nActividad = Yoga, Entrenamientos, Actividades cotidianas<\/p>\n<p>Mant\u00e9n tus objetivos de fitness incluso en los d\u00edas fr\u00edos con nuestra chaqueta deportiva. Las aberturas para los pulgares ofrecen mayor cobertura y calidez para las manos durante las temporadas fr\u00edas. El cuello alto proporciona cobertura adicional y te ayuda a mantenerte abrigado. El cierre de cremallera evita rozaduras en la barbilla.<\/p>\n<p>Todas las costuras son de doble pespunte con puntada abierta. El tejido el\u00e1stico en cuatro direcciones, suave y ligero, ofrece m\u00e1xima comodidad y realza tu silueta. Est\u00e1 confeccionado con un material transpirable de secado r\u00e1pido para mantenerte fresca. Puedes usarlo como capa exterior.<\/p>\n<p><b>Instrucciones de lavado:<\/b><\/p>\n<p>\uf0fc Lavar \u00fanicamente con agua fr\u00eda (no lavar a una temperatura superior a 30 \u00b0C)<br \/>\n\uf0fc Lavar la prenda del rev\u00e9s<br \/>\n\uf0fc Lavar con prendas de colores similares<br \/>\n\uf0fc No utilice suavizante de telas (puede da\u00f1ar las fibras de elastano)<br \/>\n\uf0fc No usa blanqueador<\/p>\n<p><b>Instrucciones de cuidado:<\/b><\/p>\n<p>\uf0fc No tirar\/estirar cuando est\u00e9 mojado<br \/>\n\uf0fc No secar en secadora (puede da\u00f1ar las fibras de elastano)<br \/>\n\uf0fc Secar solo al aire<br \/>\n\uf0fc Planchar la prenda del rev\u00e9s con agua fr\u00eda. Planchar con vapor si es posible (solo si es necesario, pero no se recomienda).<br \/>\n\uf0fc Si hay marcas de pliegues cuando recibes la prenda, estas desaparecer\u00e1n una vez lavada.<\/p>\n<p>*Solo se aceptan devoluciones de la prenda para cambio durante los primeros 15 d\u00edas de recibida<\/p>","protected":false},"excerpt":{"rendered":"<p>Material: Lycra\/ Poliester Longitud de la Mangas: Completo Tipo de Ajuste: Regular Escote: Soporte Caracter\u00edsticas: Transpirarte, secado r\u00e1pido Actividad = Yoga, Entrenamientos, Actividades cotidianas Mant\u00e9n tus objetivos de fitness incluso en los d\u00edas fr\u00edos con nuestra chaqueta deportiva. Las aberturas para los pulgares ofrecen mayor cobertura y calidez para las manos durante las temporadas fr\u00edas. [&hellip;]<\/p>","protected":false},"featured_media":2370,"comment_status":"open","ping_status":"closed","template":"","meta":[],"product_brand":[],"product_cat":[31],"product_tag":[],"class_list":{"0":"post-2128","1":"product","2":"type-product","3":"status-publish","4":"has-post-thumbnail","6":"product_cat-ropa-deportiva","8":"first","9":"instock","10":"sale","11":"taxable","12":"shipping-taxable","13":"purchasable","14":"product-type-variable"},"supplier_id":null,"supplier_sku":"","barcode":null,"atum_controlled":true,"out_stock_date":null,"out_stock_threshold":null,"inheritable":false,"inbound_stock":null,"stock_on_hold":0,"sold_today":0,"sales_last_days":0,"reserved_stock":null,"customer_returns":null,"warehouse_damage":null,"lost_in_post":null,"other_logs":null,"out_stock_days":0,"lost_sales":0,"has_location":null,"update_date":"2026-04-23T11:43:41","atum_locations":[],"atum_stock_status":"instock","restock_status":false,"low_stock_amount":"","sales_update_date":"2026-04-23T11:43:41","calc_backorders":null,"_links":{"self":[{"href":"https:\/\/gledarcolombianpure.com\/en\/wp-json\/wp\/v2\/product\/2128","targetHints":{"allow":["GET"]}}],"collection":[{"href":"https:\/\/gledarcolombianpure.com\/en\/wp-json\/wp\/v2\/product"}],"about":[{"href":"https:\/\/gledarcolombianpure.com\/en\/wp-json\/wp\/v2\/types\/product"}],"replies":[{"embeddable":true,"href":"https:\/\/gledarcolombianpure.com\/en\/wp-json\/wp\/v2\/comments?post=2128"}],"version-history":[{"count":3,"href":"https:\/\/gledarcolombianpure.com\/en\/wp-json\/wp\/v2\/product\/2128\/revisions"}],"predecessor-version":[{"id":2924,"href":"https:\/\/gledarcolombianpure.com\/en\/wp-json\/wp\/v2\/product\/2128\/revisions\/2924"}],"wp:featuredmedia":[{"embeddable":true,"href":"https:\/\/gledarcolombianpure.com\/en\/wp-json\/wp\/v2\/media\/2370"}],"wp:attachment":[{"href":"https:\/\/gledarcolombianpure.com\/en\/wp-json\/wp\/v2\/media?parent=2128"}],"wp:term":[{"taxonomy":"product_brand","embeddable":true,"href":"https:\/\/gledarcolombianpure.com\/en\/wp-json\/wp\/v2\/product_brand?post=2128"},{"taxonomy":"product_cat","embeddable":true,"href":"https:\/\/gledarcolombianpure.com\/en\/wp-json\/wp\/v2\/product_cat?post=2128"},{"taxonomy":"product_tag","embeddable":true,"href":"https:\/\/gledarcolombianpure.com\/en\/wp-json\/wp\/v2\/product_tag?post=2128"}],"curies":[{"name":"wp","href":"https:\/\/api.w.org\/{rel}","templated":true}]}}