{"id":2159,"date":"2025-11-02T15:16:12","date_gmt":"2025-11-02T15:16:12","guid":{"rendered":"https:\/\/gledarcolombianpure.com\/?post_type=product&#038;p=2159"},"modified":"2025-11-25T18:19:29","modified_gmt":"2025-11-25T18:19:29","slug":"calcetin-grueso-rfc-028","status":"publish","type":"product","link":"https:\/\/gledarcolombianpure.com\/en\/shop\/calcetin-grueso-rfc-028\/","title":{"rendered":"Calcet\u00edn Grueso &#8211; RFC 028"},"content":{"rendered":"<p>Material = Acrilico \/ Composicion 100 % Arcillas<br \/>\nTipo de Ajuste = Regular<br \/>\nCaracter\u00edsticas =Transpirarte, secado<br \/>\nR\u00e1pido<br \/>\nActividad = Yoga, Casual<\/p>\n<p>alcetines de puntos gruesos, con dise\u00f1o de rayas, logo dorado agradando un toque elegante y \u00fanico, adecuado para uso casual, entrenamientos en primavera, oto\u00f1o e invierno.<br \/>\nInstrucciones de lavado:<\/p>\n<p>\uf0fc Lavar \u00fanicamente con agua fr\u00eda (no lavar a una temperatura superior a 30 \u00b0C)<br \/>\n\uf0fc Lavar la prenda del rev\u00e9s<br \/>\n\uf0fc Lavar con prendas de colores similares<br \/>\n\uf0fc No utilice suavizante de telas (puede da\u00f1ar las fibras de elastano)<br \/>\n\uf0fc No usa blanqueador<\/p>\n<p>Instrucciones de cuidado:<\/p>\n<p>\uf0fc No tirar\/estirar cuando est\u00e9 mojado<br \/>\n\uf0fc No secar en secadora (puede da\u00f1ar las fibras de elastano)<br \/>\n\uf0fc Secar solo al aire<br \/>\n\uf0fc Planchar la prenda, no se recomienda.<br \/>\n\uf0fc Si hay marcas de pliegues cuando recibes la prenda, estas desaparecer\u00e1n una vez lavada.<\/p>\n<p>Instrucciones de Tallas: Por favor, observa la gu\u00eda de talla del producto.<\/p>","protected":false},"excerpt":{"rendered":"<p>Material = Acrilico \/ Composicion 100 % Arcillas Tipo de Ajuste = Regular Caracter\u00edsticas =Transpirarte, secado R\u00e1pido Actividad = Yoga, Casual alcetines de puntos gruesos, con dise\u00f1o de rayas, logo dorado agradando un toque elegante y \u00fanico, adecuado para uso casual, entrenamientos en primavera, oto\u00f1o e invierno. Instrucciones de lavado: \uf0fc Lavar \u00fanicamente con agua [&hellip;]<\/p>","protected":false},"featured_media":2203,"comment_status":"open","ping_status":"closed","template":"","meta":[],"product_brand":[],"product_cat":[109],"product_tag":[],"class_list":{"0":"post-2159","1":"product","2":"type-product","3":"status-publish","4":"has-post-thumbnail","6":"product_cat-accesorios-deportivos","8":"first","9":"instock","10":"taxable","11":"shipping-taxable","12":"purchasable","13":"product-type-variable"},"supplier_id":null,"supplier_sku":"","barcode":null,"atum_controlled":true,"out_stock_date":null,"out_stock_threshold":null,"inheritable":false,"inbound_stock":null,"stock_on_hold":0,"sold_today":0,"sales_last_days":0,"reserved_stock":null,"customer_returns":null,"warehouse_damage":null,"lost_in_post":null,"other_logs":null,"out_stock_days":0,"lost_sales":0,"has_location":null,"update_date":"2026-04-23T11:43:36","atum_locations":[],"atum_stock_status":"instock","restock_status":false,"low_stock_amount":"","sales_update_date":"2026-04-23T11:43:36","calc_backorders":null,"_links":{"self":[{"href":"https:\/\/gledarcolombianpure.com\/en\/wp-json\/wp\/v2\/product\/2159","targetHints":{"allow":["GET"]}}],"collection":[{"href":"https:\/\/gledarcolombianpure.com\/en\/wp-json\/wp\/v2\/product"}],"about":[{"href":"https:\/\/gledarcolombianpure.com\/en\/wp-json\/wp\/v2\/types\/product"}],"replies":[{"embeddable":true,"href":"https:\/\/gledarcolombianpure.com\/en\/wp-json\/wp\/v2\/comments?post=2159"}],"version-history":[{"count":1,"href":"https:\/\/gledarcolombianpure.com\/en\/wp-json\/wp\/v2\/product\/2159\/revisions"}],"predecessor-version":[{"id":2708,"href":"https:\/\/gledarcolombianpure.com\/en\/wp-json\/wp\/v2\/product\/2159\/revisions\/2708"}],"wp:featuredmedia":[{"embeddable":true,"href":"https:\/\/gledarcolombianpure.com\/en\/wp-json\/wp\/v2\/media\/2203"}],"wp:attachment":[{"href":"https:\/\/gledarcolombianpure.com\/en\/wp-json\/wp\/v2\/media?parent=2159"}],"wp:term":[{"taxonomy":"product_brand","embeddable":true,"href":"https:\/\/gledarcolombianpure.com\/en\/wp-json\/wp\/v2\/product_brand?post=2159"},{"taxonomy":"product_cat","embeddable":true,"href":"https:\/\/gledarcolombianpure.com\/en\/wp-json\/wp\/v2\/product_cat?post=2159"},{"taxonomy":"product_tag","embeddable":true,"href":"https:\/\/gledarcolombianpure.com\/en\/wp-json\/wp\/v2\/product_tag?post=2159"}],"curies":[{"name":"wp","href":"https:\/\/api.w.org\/{rel}","templated":true}]}}