{"id":2776,"date":"2025-11-26T19:17:41","date_gmt":"2025-11-26T19:17:41","guid":{"rendered":"https:\/\/gledarcolombianpure.com\/?post_type=product&#038;p=2776"},"modified":"2025-12-20T16:41:55","modified_gmt":"2025-12-20T16:41:55","slug":"calcetin-deportivo-gledar-ref-007","status":"publish","type":"product","link":"https:\/\/gledarcolombianpure.com\/en\/shop\/calcetin-deportivo-gledar-ref-007\/","title":{"rendered":"Calcet\u00edn Deportivo Gledar Ref 007"},"content":{"rendered":"<p><strong>Material: <\/strong>100 % Algod\u00f3n<br \/>\n<strong>Tripulaci\u00f3n:<\/strong> Alta<br \/>\n<strong>Tipo de Ajuste:<\/strong> Regular<br \/>\n<strong>Grosor:<\/strong> Est\u00e1ndar<br \/>\n<strong>Caracter\u00edsticas:<\/strong> Transpirable, Respetuoso al medio ambiente<br \/>\n<strong>Actividad:<\/strong> Running, Vida diaria<\/p>\n<p>Calcetines Gledar, transpirable, respetuoso al medio ambiente, resistente al engancharse, absorbente al sudor, secado r\u00e1pido, contra el mal olor, antibacteriano, ideal para tus actividades deportivos.<\/p>","protected":false},"excerpt":{"rendered":"<p>Material: 100 % Algod\u00f3n Tripulaci\u00f3n: Alta Tipo de Ajuste: Regular Grosor: Est\u00e1ndar Caracter\u00edsticas: Transpirable, Respetuoso al medio ambiente Actividad: Running, Vida diaria Calcetines Gledar, transpirable, respetuoso al medio ambiente, resistente al engancharse, absorbente al sudor, secado r\u00e1pido, contra el mal olor, antibacteriano, ideal para tus actividades deportivos.<\/p>","protected":false},"featured_media":2833,"comment_status":"open","ping_status":"closed","template":"","meta":[],"product_brand":[],"product_cat":[108],"product_tag":[],"class_list":{"0":"post-2776","1":"product","2":"type-product","3":"status-publish","4":"has-post-thumbnail","6":"product_cat-ropa-deportiva-hombre","8":"first","9":"instock","10":"taxable","11":"shipping-taxable","12":"purchasable","13":"product-type-variable"},"supplier_id":null,"supplier_sku":"","barcode":null,"atum_controlled":true,"out_stock_date":null,"out_stock_threshold":null,"inheritable":false,"inbound_stock":null,"stock_on_hold":0,"sold_today":0,"sales_last_days":0,"reserved_stock":null,"customer_returns":null,"warehouse_damage":null,"lost_in_post":null,"other_logs":null,"out_stock_days":0,"lost_sales":0,"has_location":null,"update_date":"2026-04-23T11:43:39","atum_locations":[],"atum_stock_status":"instock","restock_status":false,"low_stock_amount":3,"sales_update_date":"2026-04-23T11:43:39","calc_backorders":null,"_links":{"self":[{"href":"https:\/\/gledarcolombianpure.com\/en\/wp-json\/wp\/v2\/product\/2776","targetHints":{"allow":["GET"]}}],"collection":[{"href":"https:\/\/gledarcolombianpure.com\/en\/wp-json\/wp\/v2\/product"}],"about":[{"href":"https:\/\/gledarcolombianpure.com\/en\/wp-json\/wp\/v2\/types\/product"}],"replies":[{"embeddable":true,"href":"https:\/\/gledarcolombianpure.com\/en\/wp-json\/wp\/v2\/comments?post=2776"}],"version-history":[{"count":1,"href":"https:\/\/gledarcolombianpure.com\/en\/wp-json\/wp\/v2\/product\/2776\/revisions"}],"predecessor-version":[{"id":2777,"href":"https:\/\/gledarcolombianpure.com\/en\/wp-json\/wp\/v2\/product\/2776\/revisions\/2777"}],"wp:featuredmedia":[{"embeddable":true,"href":"https:\/\/gledarcolombianpure.com\/en\/wp-json\/wp\/v2\/media\/2833"}],"wp:attachment":[{"href":"https:\/\/gledarcolombianpure.com\/en\/wp-json\/wp\/v2\/media?parent=2776"}],"wp:term":[{"taxonomy":"product_brand","embeddable":true,"href":"https:\/\/gledarcolombianpure.com\/en\/wp-json\/wp\/v2\/product_brand?post=2776"},{"taxonomy":"product_cat","embeddable":true,"href":"https:\/\/gledarcolombianpure.com\/en\/wp-json\/wp\/v2\/product_cat?post=2776"},{"taxonomy":"product_tag","embeddable":true,"href":"https:\/\/gledarcolombianpure.com\/en\/wp-json\/wp\/v2\/product_tag?post=2776"}],"curies":[{"name":"wp","href":"https:\/\/api.w.org\/{rel}","templated":true}]}}