{"id":3473,"date":"2026-01-27T20:56:04","date_gmt":"2026-01-27T20:56:04","guid":{"rendered":"https:\/\/gledarcolombianpure.com\/?post_type=product&#038;p=3473"},"modified":"2026-01-27T20:56:04","modified_gmt":"2026-01-27T20:56:04","slug":"cinturilla-reloj-de-arena-realistik","status":"publish","type":"product","link":"https:\/\/gledarcolombianpure.com\/en\/shop\/cinturilla-reloj-de-arena-realistik\/","title":{"rendered":"CINTURILLA RELOJ DE ARENA REALISTIK"},"content":{"rendered":"<p>Dise\u00f1ada para ofrecer un moldeo avanzado y resaltar una silueta curvil\u00ednea, esta cinturilla cuenta con 15 varillas internas que proporcionan una compresi\u00f3n m\u00e1s intensa y un ajuste entallado, brindando mayor soporte en el abdomen, la espalda y las caderas, mientras acent\u00faa la cintura como nunca antes. Su dise\u00f1o incluye 3 hileras de broches y cierre frontal, lo que permite ajustar la compresi\u00f3n a tu gusto y adaptarla a tu progreso. Adem\u00e1s, ofrece un mayor cubrimiento en el abdomen bajo, ideal para quienes buscan resultados m\u00e1s visibles en menos tiempo.<\/p>","protected":false},"excerpt":{"rendered":"<p>Dise\u00f1ada para ofrecer un moldeo avanzado y resaltar una silueta curvil\u00ednea, esta cinturilla cuenta con 15 varillas internas que proporcionan una compresi\u00f3n m\u00e1s intensa y un ajuste entallado, brindando mayor soporte en el abdomen, la espalda y las caderas, mientras acent\u00faa la cintura como nunca antes. Su dise\u00f1o incluye 3 hileras de broches y cierre [&hellip;]<\/p>","protected":false},"featured_media":3475,"comment_status":"open","ping_status":"closed","template":"","meta":[],"product_brand":[],"product_cat":[76],"product_tag":[],"class_list":{"0":"post-3473","1":"product","2":"type-product","3":"status-publish","4":"has-post-thumbnail","6":"product_cat-realistik","8":"first","9":"instock","10":"taxable","11":"shipping-taxable","12":"purchasable","13":"product-type-variable"},"supplier_id":null,"supplier_sku":"","barcode":null,"atum_controlled":true,"out_stock_date":null,"out_stock_threshold":null,"inheritable":false,"inbound_stock":0,"stock_on_hold":0,"sold_today":0,"sales_last_days":0,"reserved_stock":0,"customer_returns":0,"warehouse_damage":0,"lost_in_post":0,"other_logs":0,"out_stock_days":0,"lost_sales":0,"has_location":false,"update_date":"2026-04-09T10:45:09","atum_locations":[],"atum_stock_status":"instock","restock_status":false,"low_stock_amount":"","sales_update_date":"2026-04-09T10:45:09","calc_backorders":null,"_links":{"self":[{"href":"https:\/\/gledarcolombianpure.com\/en\/wp-json\/wp\/v2\/product\/3473","targetHints":{"allow":["GET"]}}],"collection":[{"href":"https:\/\/gledarcolombianpure.com\/en\/wp-json\/wp\/v2\/product"}],"about":[{"href":"https:\/\/gledarcolombianpure.com\/en\/wp-json\/wp\/v2\/types\/product"}],"replies":[{"embeddable":true,"href":"https:\/\/gledarcolombianpure.com\/en\/wp-json\/wp\/v2\/comments?post=3473"}],"version-history":[{"count":1,"href":"https:\/\/gledarcolombianpure.com\/en\/wp-json\/wp\/v2\/product\/3473\/revisions"}],"predecessor-version":[{"id":3489,"href":"https:\/\/gledarcolombianpure.com\/en\/wp-json\/wp\/v2\/product\/3473\/revisions\/3489"}],"wp:featuredmedia":[{"embeddable":true,"href":"https:\/\/gledarcolombianpure.com\/en\/wp-json\/wp\/v2\/media\/3475"}],"wp:attachment":[{"href":"https:\/\/gledarcolombianpure.com\/en\/wp-json\/wp\/v2\/media?parent=3473"}],"wp:term":[{"taxonomy":"product_brand","embeddable":true,"href":"https:\/\/gledarcolombianpure.com\/en\/wp-json\/wp\/v2\/product_brand?post=3473"},{"taxonomy":"product_cat","embeddable":true,"href":"https:\/\/gledarcolombianpure.com\/en\/wp-json\/wp\/v2\/product_cat?post=3473"},{"taxonomy":"product_tag","embeddable":true,"href":"https:\/\/gledarcolombianpure.com\/en\/wp-json\/wp\/v2\/product_tag?post=3473"}],"curies":[{"name":"wp","href":"https:\/\/api.w.org\/{rel}","templated":true}]}}