{"id":3490,"date":"2026-01-27T21:03:56","date_gmt":"2026-01-27T21:03:56","guid":{"rendered":"https:\/\/gledarcolombianpure.com\/?post_type=product&#038;p=3490"},"modified":"2026-01-27T21:03:57","modified_gmt":"2026-01-27T21:03:57","slug":"fajas-control-levanta-cola-ref-001gld","status":"publish","type":"product","link":"https:\/\/gledarcolombianpure.com\/en\/shop\/fajas-control-levanta-cola-ref-001gld\/","title":{"rendered":"Fajas Control Levanta Cola Ref.001GLD"},"content":{"rendered":"<p><strong> Fajas Colombianas Reductoras Ref 001GLD Control Levanta Cola<\/strong><\/p>\n<p>Conoce el nuevo cintur\u00f3n Faja Extreme &#8211; SIN SOST\u00c9N, una soluci\u00f3n moldeadora diaria dise\u00f1ada para esculpir, levantar y refinar tu silueta con alta compresi\u00f3n y comodidad durante todo el d\u00eda. Este cintur\u00f3n ofrece un moldeado localizado donde m\u00e1s lo deseas (abdomen y gl\u00fateos) para una apariencia m\u00e1s suave y tonificada<\/p>\n<p>Dise\u00f1ado para uso diario, combina una compresi\u00f3n potente con una silueta sin costuras, ayud\u00e1ndote a sentirte segura con cualquier atuendo. Su innovador dise\u00f1o levanta y moldea, a la vez que se mantiene discreto debajo de vestidos, faldas, jeans y m\u00e1s.<\/p>\n<p>La alta compresi\u00f3n para moldear brinda soporte firme y un perfil estilizado durante todo el d\u00eda. sujetador moldeador incorporado que realza y sostiene proporciona modelado de la parte superior del cuerpo con comodidad y conveniencia.<\/p>\n<p>Tres posiciones ajustables ofrecen un ajuste personalizado que se adapta a tu cuerpo y a tus necesidades de vestuario.<br \/>\nControla el abdomen y los gl\u00fateos para una silueta m\u00e1s suave y definida.<\/p>\n<p>El excelente elevador trasero realza la curva desde atr\u00e1s para lograr un aspecto levantado y tonificado.<\/p>","protected":false},"excerpt":{"rendered":"<p>Fajas Colombianas Reductoras Ref 001GLD Control Levanta Cola Conoce el nuevo cintur\u00f3n Faja Extreme &#8211; SIN SOST\u00c9N, una soluci\u00f3n moldeadora diaria dise\u00f1ada para esculpir, levantar y refinar tu silueta con alta compresi\u00f3n y comodidad durante todo el d\u00eda. Este cintur\u00f3n ofrece un moldeado localizado donde m\u00e1s lo deseas (abdomen y gl\u00fateos) para una apariencia m\u00e1s [&hellip;]<\/p>","protected":false},"featured_media":3491,"comment_status":"open","ping_status":"closed","template":"","meta":[],"product_brand":[],"product_cat":[128],"product_tag":[],"class_list":{"0":"post-3490","1":"product","2":"type-product","3":"status-publish","4":"has-post-thumbnail","6":"product_cat-gledar","8":"first","9":"instock","10":"taxable","11":"shipping-taxable","12":"purchasable","13":"product-type-variable"},"supplier_id":null,"supplier_sku":"","barcode":null,"atum_controlled":true,"out_stock_date":null,"out_stock_threshold":null,"inheritable":false,"inbound_stock":0,"stock_on_hold":0,"sold_today":0,"sales_last_days":0,"reserved_stock":0,"customer_returns":0,"warehouse_damage":0,"lost_in_post":0,"other_logs":0,"out_stock_days":0,"lost_sales":0,"has_location":false,"update_date":"2026-04-09T10:45:09","atum_locations":[],"atum_stock_status":"instock","restock_status":false,"low_stock_amount":"","sales_update_date":"2026-04-09T10:45:09","calc_backorders":null,"_links":{"self":[{"href":"https:\/\/gledarcolombianpure.com\/en\/wp-json\/wp\/v2\/product\/3490","targetHints":{"allow":["GET"]}}],"collection":[{"href":"https:\/\/gledarcolombianpure.com\/en\/wp-json\/wp\/v2\/product"}],"about":[{"href":"https:\/\/gledarcolombianpure.com\/en\/wp-json\/wp\/v2\/types\/product"}],"replies":[{"embeddable":true,"href":"https:\/\/gledarcolombianpure.com\/en\/wp-json\/wp\/v2\/comments?post=3490"}],"version-history":[{"count":1,"href":"https:\/\/gledarcolombianpure.com\/en\/wp-json\/wp\/v2\/product\/3490\/revisions"}],"predecessor-version":[{"id":3504,"href":"https:\/\/gledarcolombianpure.com\/en\/wp-json\/wp\/v2\/product\/3490\/revisions\/3504"}],"wp:featuredmedia":[{"embeddable":true,"href":"https:\/\/gledarcolombianpure.com\/en\/wp-json\/wp\/v2\/media\/3491"}],"wp:attachment":[{"href":"https:\/\/gledarcolombianpure.com\/en\/wp-json\/wp\/v2\/media?parent=3490"}],"wp:term":[{"taxonomy":"product_brand","embeddable":true,"href":"https:\/\/gledarcolombianpure.com\/en\/wp-json\/wp\/v2\/product_brand?post=3490"},{"taxonomy":"product_cat","embeddable":true,"href":"https:\/\/gledarcolombianpure.com\/en\/wp-json\/wp\/v2\/product_cat?post=3490"},{"taxonomy":"product_tag","embeddable":true,"href":"https:\/\/gledarcolombianpure.com\/en\/wp-json\/wp\/v2\/product_tag?post=3490"}],"curies":[{"name":"wp","href":"https:\/\/api.w.org\/{rel}","templated":true}]}}