{"id":3533,"date":"2026-01-27T23:56:16","date_gmt":"2026-01-27T23:56:16","guid":{"rendered":"https:\/\/gledarcolombianpure.com\/?post_type=product&#038;p=3533"},"modified":"2026-01-27T23:56:16","modified_gmt":"2026-01-27T23:56:16","slug":"levanta-cola-tiro-medio","status":"publish","type":"product","link":"https:\/\/gledarcolombianpure.com\/en\/shop\/levanta-cola-tiro-medio\/","title":{"rendered":"LEVANTA COLA TIRO MEDIO"},"content":{"rendered":"<p>Moldea tu figura y realza tus curvas de forma natural con esta faja de tiro medio. Ofrece un gran realce de gl\u00fateo sin relleno y un ajuste perfecto que se adapta c\u00f3modamente al cuerpo.<\/p>\n<p>Con alta compresi\u00f3n en el abdomen, ayuda a definir tu silueta y estilizar la zona media. Cuenta con cierre lateral de 4 broches y cierre perineal, ideal para un uso pr\u00e1ctico y seguro. Adem\u00e1s, incluye bandas antideslizantes en piernas y abdomen que mantienen la faja en su lugar todo el d\u00eda, sin marcarse bajo la ropa.<\/p>","protected":false},"excerpt":{"rendered":"<p>Moldea tu figura y realza tus curvas de forma natural con esta faja de tiro medio. Ofrece un gran realce de gl\u00fateo sin relleno y un ajuste perfecto que se adapta c\u00f3modamente al cuerpo. Con alta compresi\u00f3n en el abdomen, ayuda a definir tu silueta y estilizar la zona media. Cuenta con cierre lateral de [&hellip;]<\/p>","protected":false},"featured_media":3536,"comment_status":"open","ping_status":"closed","template":"","meta":[],"product_brand":[],"product_cat":[76],"product_tag":[],"class_list":{"0":"post-3533","1":"product","2":"type-product","3":"status-publish","4":"has-post-thumbnail","6":"product_cat-realistik","8":"first","9":"instock","10":"taxable","11":"shipping-taxable","12":"purchasable","13":"product-type-variable"},"supplier_id":null,"supplier_sku":"","barcode":null,"atum_controlled":true,"out_stock_date":null,"out_stock_threshold":null,"inheritable":false,"inbound_stock":0,"stock_on_hold":0,"sold_today":0,"sales_last_days":0,"reserved_stock":0,"customer_returns":0,"warehouse_damage":0,"lost_in_post":0,"other_logs":0,"out_stock_days":0,"lost_sales":0,"has_location":false,"update_date":"2026-04-09T10:45:01","atum_locations":[],"atum_stock_status":"instock","restock_status":false,"low_stock_amount":"","sales_update_date":"2026-04-09T10:45:01","calc_backorders":null,"_links":{"self":[{"href":"https:\/\/gledarcolombianpure.com\/en\/wp-json\/wp\/v2\/product\/3533","targetHints":{"allow":["GET"]}}],"collection":[{"href":"https:\/\/gledarcolombianpure.com\/en\/wp-json\/wp\/v2\/product"}],"about":[{"href":"https:\/\/gledarcolombianpure.com\/en\/wp-json\/wp\/v2\/types\/product"}],"replies":[{"embeddable":true,"href":"https:\/\/gledarcolombianpure.com\/en\/wp-json\/wp\/v2\/comments?post=3533"}],"version-history":[{"count":1,"href":"https:\/\/gledarcolombianpure.com\/en\/wp-json\/wp\/v2\/product\/3533\/revisions"}],"predecessor-version":[{"id":3549,"href":"https:\/\/gledarcolombianpure.com\/en\/wp-json\/wp\/v2\/product\/3533\/revisions\/3549"}],"wp:featuredmedia":[{"embeddable":true,"href":"https:\/\/gledarcolombianpure.com\/en\/wp-json\/wp\/v2\/media\/3536"}],"wp:attachment":[{"href":"https:\/\/gledarcolombianpure.com\/en\/wp-json\/wp\/v2\/media?parent=3533"}],"wp:term":[{"taxonomy":"product_brand","embeddable":true,"href":"https:\/\/gledarcolombianpure.com\/en\/wp-json\/wp\/v2\/product_brand?post=3533"},{"taxonomy":"product_cat","embeddable":true,"href":"https:\/\/gledarcolombianpure.com\/en\/wp-json\/wp\/v2\/product_cat?post=3533"},{"taxonomy":"product_tag","embeddable":true,"href":"https:\/\/gledarcolombianpure.com\/en\/wp-json\/wp\/v2\/product_tag?post=3533"}],"curies":[{"name":"wp","href":"https:\/\/api.w.org\/{rel}","templated":true}]}}