{"id":3568,"date":"2026-01-28T00:18:09","date_gmt":"2026-01-28T00:18:09","guid":{"rendered":"https:\/\/gledarcolombianpure.com\/?post_type=product&#038;p=3568"},"modified":"2026-01-28T00:18:09","modified_gmt":"2026-01-28T00:18:09","slug":"gel-realistik","status":"publish","type":"product","link":"https:\/\/gledarcolombianpure.com\/en\/shop\/gel-realistik\/","title":{"rendered":"GEL REALISTIK"},"content":{"rendered":"<p>Este gel combina ingredientes naturales como CBD, casta\u00f1o de indias, t\u00e9 verde y algas marinas para reafirmar la piel, mejorar la circulaci\u00f3n y reducir la apariencia de celulitis. Su efecto fr\u00edo-calor activa la piel de forma r\u00e1pida y promueve un efecto termog\u00e9nico que potencia los resultados al usar cinturillas o durante el ejercicio.<\/p>\n<p>Con propiedades antiinflamatorias, ayuda a eliminar l\u00edquidos retenidos y toxinas, mientras que su f\u00f3rmula no quema ni irrita, dejando un aroma suave y agradable. Ideal para uso diario en abdomen, piernas o gl\u00fateos.<br \/>\n250 Gr<\/p>","protected":false},"excerpt":{"rendered":"<p>Este gel combina ingredientes naturales como CBD, casta\u00f1o de indias, t\u00e9 verde y algas marinas para reafirmar la piel, mejorar la circulaci\u00f3n y reducir la apariencia de celulitis. Su efecto fr\u00edo-calor activa la piel de forma r\u00e1pida y promueve un efecto termog\u00e9nico que potencia los resultados al usar cinturillas o durante el ejercicio. Con propiedades [&hellip;]<\/p>","protected":false},"featured_media":3571,"comment_status":"open","ping_status":"closed","template":"","meta":[],"product_brand":[],"product_cat":[76],"product_tag":[],"class_list":{"0":"post-3568","1":"product","2":"type-product","3":"status-publish","4":"has-post-thumbnail","6":"product_cat-realistik","8":"first","9":"instock","10":"taxable","11":"shipping-taxable","12":"purchasable","13":"product-type-simple"},"supplier_id":null,"supplier_sku":"","barcode":null,"atum_controlled":true,"out_stock_date":null,"out_stock_threshold":null,"inheritable":false,"inbound_stock":0,"stock_on_hold":0,"sold_today":0,"sales_last_days":0,"reserved_stock":0,"customer_returns":0,"warehouse_damage":0,"lost_in_post":0,"other_logs":0,"out_stock_days":0,"lost_sales":0,"has_location":false,"update_date":"2026-04-09T10:45:06","atum_locations":[],"atum_stock_status":"instock","restock_status":false,"low_stock_amount":"","sales_update_date":"2026-04-09T10:45:06","calc_backorders":null,"_links":{"self":[{"href":"https:\/\/gledarcolombianpure.com\/en\/wp-json\/wp\/v2\/product\/3568","targetHints":{"allow":["GET"]}}],"collection":[{"href":"https:\/\/gledarcolombianpure.com\/en\/wp-json\/wp\/v2\/product"}],"about":[{"href":"https:\/\/gledarcolombianpure.com\/en\/wp-json\/wp\/v2\/types\/product"}],"replies":[{"embeddable":true,"href":"https:\/\/gledarcolombianpure.com\/en\/wp-json\/wp\/v2\/comments?post=3568"}],"version-history":[{"count":1,"href":"https:\/\/gledarcolombianpure.com\/en\/wp-json\/wp\/v2\/product\/3568\/revisions"}],"predecessor-version":[{"id":3572,"href":"https:\/\/gledarcolombianpure.com\/en\/wp-json\/wp\/v2\/product\/3568\/revisions\/3572"}],"wp:featuredmedia":[{"embeddable":true,"href":"https:\/\/gledarcolombianpure.com\/en\/wp-json\/wp\/v2\/media\/3571"}],"wp:attachment":[{"href":"https:\/\/gledarcolombianpure.com\/en\/wp-json\/wp\/v2\/media?parent=3568"}],"wp:term":[{"taxonomy":"product_brand","embeddable":true,"href":"https:\/\/gledarcolombianpure.com\/en\/wp-json\/wp\/v2\/product_brand?post=3568"},{"taxonomy":"product_cat","embeddable":true,"href":"https:\/\/gledarcolombianpure.com\/en\/wp-json\/wp\/v2\/product_cat?post=3568"},{"taxonomy":"product_tag","embeddable":true,"href":"https:\/\/gledarcolombianpure.com\/en\/wp-json\/wp\/v2\/product_tag?post=3568"}],"curies":[{"name":"wp","href":"https:\/\/api.w.org\/{rel}","templated":true}]}}