{"id":696,"date":"2024-12-04T03:20:58","date_gmt":"2024-12-04T03:20:58","guid":{"rendered":"https:\/\/gledarcolombianpure.com\/?post_type=product&#038;p=696"},"modified":"2025-09-12T13:07:29","modified_gmt":"2025-09-12T13:07:29","slug":"keratina-120-ml","status":"publish","type":"product","link":"https:\/\/gledarcolombianpure.com\/en\/shop\/keratin-120-ml\/","title":{"rendered":"Organic Keratin Botanical Ritual - 120 ML"},"content":{"rendered":"<p>Contents: 120 ML<\/p>\n<p>Ritual Botanico Organic Keratin is a hair straightening system. It does not contain formaldehyde or ammonia, it is organic and vegan based on 12 natural oils that will give you durability and shine. It does not damage the hair structure, unlike other harmful straightening formulas.<\/p>\n<p>To use the Ritual Botanico keratin treatment, it is recommended to follow these steps:<\/p>\n<ol>\n<li>Shake the product well<\/li>\n<li>Apply the product evenly on clean and dry hair.<\/li>\n<li>Massage gently into the hair<\/li>\n<li>Leave on for 20-30 minutes<\/li>\n<li>Rinse well with water<\/li>\n<\/ol>\n<p>Ritual Botanico Keratin is a hair straightening treatment that contains natural, vegan and organic ingredients. This product can help nourish, smooth and improve hair health for up to 5 months. After applying the keratin treatment, it is recommended to avoid using thermal tools, such as flat irons, hair dryers or curling irons, for the first few days.<\/p>","protected":false},"excerpt":{"rendered":"<p>Contenido: 120 ML La Keratina Org\u00e1nica Ritual Bot\u00e1nico es un sistema de alisado capilar. No contiene formol, ni amon\u00edaco, es de origen org\u00e1nico y vegano a base de 12 aceites naturales que te brindaran durabilidad y brillo. No da\u00f1a la estructura del cabello, a diferencia de otras f\u00f3rmulas de alisado\u00a0da\u00f1inas. Para usar el tratamiento de [&hellip;]<\/p>","protected":false},"featured_media":697,"comment_status":"open","ping_status":"closed","template":"","meta":[],"product_brand":[],"product_cat":[15],"product_tag":[],"class_list":{"0":"post-696","1":"product","2":"type-product","3":"status-publish","4":"has-post-thumbnail","6":"product_cat-ritual-botanico","8":"first","9":"instock","10":"taxable","11":"shipping-taxable","12":"purchasable","13":"product-type-simple"},"supplier_id":null,"supplier_sku":"","barcode":null,"atum_controlled":true,"out_stock_date":null,"out_stock_threshold":null,"inheritable":false,"inbound_stock":null,"stock_on_hold":0,"sold_today":0,"sales_last_days":0,"reserved_stock":null,"customer_returns":null,"warehouse_damage":null,"lost_in_post":null,"other_logs":null,"out_stock_days":0,"lost_sales":0,"has_location":null,"update_date":"2026-04-20T11:50:06","atum_locations":[],"atum_stock_status":"instock","restock_status":false,"low_stock_amount":"","sales_update_date":"2026-04-20T11:50:06","calc_backorders":null,"_links":{"self":[{"href":"https:\/\/gledarcolombianpure.com\/en\/wp-json\/wp\/v2\/product\/696","targetHints":{"allow":["GET"]}}],"collection":[{"href":"https:\/\/gledarcolombianpure.com\/en\/wp-json\/wp\/v2\/product"}],"about":[{"href":"https:\/\/gledarcolombianpure.com\/en\/wp-json\/wp\/v2\/types\/product"}],"replies":[{"embeddable":true,"href":"https:\/\/gledarcolombianpure.com\/en\/wp-json\/wp\/v2\/comments?post=696"}],"version-history":[{"count":1,"href":"https:\/\/gledarcolombianpure.com\/en\/wp-json\/wp\/v2\/product\/696\/revisions"}],"predecessor-version":[{"id":792,"href":"https:\/\/gledarcolombianpure.com\/en\/wp-json\/wp\/v2\/product\/696\/revisions\/792"}],"wp:featuredmedia":[{"embeddable":true,"href":"https:\/\/gledarcolombianpure.com\/en\/wp-json\/wp\/v2\/media\/697"}],"wp:attachment":[{"href":"https:\/\/gledarcolombianpure.com\/en\/wp-json\/wp\/v2\/media?parent=696"}],"wp:term":[{"taxonomy":"product_brand","embeddable":true,"href":"https:\/\/gledarcolombianpure.com\/en\/wp-json\/wp\/v2\/product_brand?post=696"},{"taxonomy":"product_cat","embeddable":true,"href":"https:\/\/gledarcolombianpure.com\/en\/wp-json\/wp\/v2\/product_cat?post=696"},{"taxonomy":"product_tag","embeddable":true,"href":"https:\/\/gledarcolombianpure.com\/en\/wp-json\/wp\/v2\/product_tag?post=696"}],"curies":[{"name":"wp","href":"https:\/\/api.w.org\/{rel}","templated":true}]}}