{"id":705,"date":"2024-12-04T03:30:38","date_gmt":"2024-12-04T03:30:38","guid":{"rendered":"https:\/\/gledarcolombianpure.com\/?post_type=product&#038;p=705"},"modified":"2025-09-12T13:12:20","modified_gmt":"2025-09-12T13:12:20","slug":"mnatequilla-perfumada-corporal","status":"publish","type":"product","link":"https:\/\/gledarcolombianpure.com\/en\/shop\/scented-body-butter\/","title":{"rendered":"Botanical Ritual Scented Body Butter - 240 ML"},"content":{"rendered":"<p>Description: Botanical Ritual Scented Body Butter - 240 ML<\/p>\n<p>Ritual Botanical Body Butter instantly moisturizes the skin, softens and keeps it young at all times, contains antioxidants, has organic active ingredients for greater nutrition, free of petrolatum and parabens. GLOW effect all day long.<\/p>","protected":false},"excerpt":{"rendered":"<p>Descripci\u00f3n: Mantequilla Perfumada Corporal Ritual Bot\u00e1nico &#8211; 240 ML La Mantequilla Corporal Ritual Bot\u00e1nico hidrata la piel al instante, suaviza y la mantiene joven en todo momento, contiene antioxidantes, posee activos org\u00e1nicos para una mayor nutrici\u00f3n, libre de petrolatos y parabenos. Efecto GLOW durante\u00a0todo\u00a0el\u00a0d\u00eda.<\/p>","protected":false},"featured_media":700,"comment_status":"open","ping_status":"closed","template":"","meta":[],"product_brand":[],"product_cat":[15],"product_tag":[],"class_list":{"0":"post-705","1":"product","2":"type-product","3":"status-publish","4":"has-post-thumbnail","6":"product_cat-ritual-botanico","8":"first","9":"instock","10":"taxable","11":"shipping-taxable","12":"purchasable","13":"product-type-simple"},"supplier_id":null,"supplier_sku":"","barcode":null,"atum_controlled":true,"out_stock_date":null,"out_stock_threshold":null,"inheritable":false,"inbound_stock":null,"stock_on_hold":0,"sold_today":0,"sales_last_days":0,"reserved_stock":null,"customer_returns":null,"warehouse_damage":null,"lost_in_post":null,"other_logs":null,"out_stock_days":0,"lost_sales":0,"has_location":null,"update_date":"2026-04-22T11:43:34","atum_locations":[],"atum_stock_status":"instock","restock_status":false,"low_stock_amount":"","sales_update_date":"2026-04-22T11:43:34","calc_backorders":null,"_links":{"self":[{"href":"https:\/\/gledarcolombianpure.com\/en\/wp-json\/wp\/v2\/product\/705","targetHints":{"allow":["GET"]}}],"collection":[{"href":"https:\/\/gledarcolombianpure.com\/en\/wp-json\/wp\/v2\/product"}],"about":[{"href":"https:\/\/gledarcolombianpure.com\/en\/wp-json\/wp\/v2\/types\/product"}],"replies":[{"embeddable":true,"href":"https:\/\/gledarcolombianpure.com\/en\/wp-json\/wp\/v2\/comments?post=705"}],"version-history":[{"count":1,"href":"https:\/\/gledarcolombianpure.com\/en\/wp-json\/wp\/v2\/product\/705\/revisions"}],"predecessor-version":[{"id":796,"href":"https:\/\/gledarcolombianpure.com\/en\/wp-json\/wp\/v2\/product\/705\/revisions\/796"}],"wp:featuredmedia":[{"embeddable":true,"href":"https:\/\/gledarcolombianpure.com\/en\/wp-json\/wp\/v2\/media\/700"}],"wp:attachment":[{"href":"https:\/\/gledarcolombianpure.com\/en\/wp-json\/wp\/v2\/media?parent=705"}],"wp:term":[{"taxonomy":"product_brand","embeddable":true,"href":"https:\/\/gledarcolombianpure.com\/en\/wp-json\/wp\/v2\/product_brand?post=705"},{"taxonomy":"product_cat","embeddable":true,"href":"https:\/\/gledarcolombianpure.com\/en\/wp-json\/wp\/v2\/product_cat?post=705"},{"taxonomy":"product_tag","embeddable":true,"href":"https:\/\/gledarcolombianpure.com\/en\/wp-json\/wp\/v2\/product_tag?post=705"}],"curies":[{"name":"wp","href":"https:\/\/api.w.org\/{rel}","templated":true}]}}