{"id":775,"date":"2024-12-04T18:28:20","date_gmt":"2024-12-04T18:28:20","guid":{"rendered":"https:\/\/gledarcolombianpure.com\/?post_type=product&#038;p=775"},"modified":"2025-09-24T22:52:37","modified_gmt":"2025-09-24T22:52:37","slug":"acondicionador-de-romero-anyeluz","status":"publish","type":"product","link":"https:\/\/gledarcolombianpure.com\/en\/shop\/anyeluz-rosemary-conditioner\/","title":{"rendered":"Rosemary Conditioner"},"content":{"rendered":"<p>The new Anyeluz\u00ae Conditioner with Rosemary is the perfect complement for soft, shiny, healthy looking and easy to comb hair. Thanks to the careful combination of Hyaluronic Acid and natural extracts you will get strength, nutrition and vitality in your hair fiber, while having silky and manageable hair.<\/p>\n<p><strong>Mode of use:\u00a0<\/strong><\/p>\n<ul>\n<li>After using Anyeluz\u00ae Rosemary Shampoo, apply Anyeluz\u00ae Rosemary Conditioner all over the hair, massage and leave on for 3 minutes.<\/li>\n<li>Then proceed to rinse with plenty of water.<\/li>\n<\/ul>","protected":false},"excerpt":{"rendered":"<p>El nuevo Acondicionador con Romero Anyeluz\u00ae\u00a0es el complemento perfecto para obtener un cabello suave, brillante, con apariencia saludable y f\u00e1cil de peinar. Gracias a la cuidadosa combinaci\u00f3n de \u00c1cido Hialur\u00f3nico y Extractos naturales conseguir\u00e1s fuerza, nutrici\u00f3n y vitalidad en tu fibra\u00a0capilar, a la vez que tendr\u00e1s un cabello sedoso y manejable Modo de uso:\u00a0 Despu\u00e9s [&hellip;]<\/p>","protected":false},"featured_media":759,"comment_status":"open","ping_status":"closed","template":"","meta":[],"product_brand":[],"product_cat":[25],"product_tag":[],"class_list":{"0":"post-775","1":"product","2":"type-product","3":"status-publish","4":"has-post-thumbnail","6":"product_cat-anyeluz","8":"first","9":"instock","10":"taxable","11":"shipping-taxable","12":"purchasable","13":"product-type-simple"},"supplier_id":null,"supplier_sku":"","barcode":null,"atum_controlled":true,"out_stock_date":null,"out_stock_threshold":null,"inheritable":false,"inbound_stock":null,"stock_on_hold":0,"sold_today":0,"sales_last_days":0,"reserved_stock":null,"customer_returns":null,"warehouse_damage":null,"lost_in_post":null,"other_logs":null,"out_stock_days":0,"lost_sales":0,"has_location":null,"update_date":"2026-04-22T11:43:34","atum_locations":[],"atum_stock_status":"instock","restock_status":false,"low_stock_amount":"","sales_update_date":"2026-04-22T11:43:34","calc_backorders":null,"_links":{"self":[{"href":"https:\/\/gledarcolombianpure.com\/en\/wp-json\/wp\/v2\/product\/775","targetHints":{"allow":["GET"]}}],"collection":[{"href":"https:\/\/gledarcolombianpure.com\/en\/wp-json\/wp\/v2\/product"}],"about":[{"href":"https:\/\/gledarcolombianpure.com\/en\/wp-json\/wp\/v2\/types\/product"}],"replies":[{"embeddable":true,"href":"https:\/\/gledarcolombianpure.com\/en\/wp-json\/wp\/v2\/comments?post=775"}],"version-history":[{"count":1,"href":"https:\/\/gledarcolombianpure.com\/en\/wp-json\/wp\/v2\/product\/775\/revisions"}],"predecessor-version":[{"id":852,"href":"https:\/\/gledarcolombianpure.com\/en\/wp-json\/wp\/v2\/product\/775\/revisions\/852"}],"wp:featuredmedia":[{"embeddable":true,"href":"https:\/\/gledarcolombianpure.com\/en\/wp-json\/wp\/v2\/media\/759"}],"wp:attachment":[{"href":"https:\/\/gledarcolombianpure.com\/en\/wp-json\/wp\/v2\/media?parent=775"}],"wp:term":[{"taxonomy":"product_brand","embeddable":true,"href":"https:\/\/gledarcolombianpure.com\/en\/wp-json\/wp\/v2\/product_brand?post=775"},{"taxonomy":"product_cat","embeddable":true,"href":"https:\/\/gledarcolombianpure.com\/en\/wp-json\/wp\/v2\/product_cat?post=775"},{"taxonomy":"product_tag","embeddable":true,"href":"https:\/\/gledarcolombianpure.com\/en\/wp-json\/wp\/v2\/product_tag?post=775"}],"curies":[{"name":"wp","href":"https:\/\/api.w.org\/{rel}","templated":true}]}}