{"id":778,"date":"2024-12-04T18:31:33","date_gmt":"2024-12-04T18:31:33","guid":{"rendered":"https:\/\/gledarcolombianpure.com\/?post_type=product&#038;p=778"},"modified":"2025-09-24T22:34:56","modified_gmt":"2025-09-24T22:34:56","slug":"vitamin-c-noche-anyeluz","status":"publish","type":"product","link":"https:\/\/gledarcolombianpure.com\/en\/shop\/vitamin-c-night-anyeluz\/","title":{"rendered":"Vitamin C &#8211; Noche"},"content":{"rendered":"<p>ANYELUZ Vitamin C Serum is a daily serum formulated with 30% Vitamin C (3-0 Ethyl Ascorbid Acid), Hyaluronic Acid and Ferulic Acid.<\/p>\n<p>It increases collagen production in the skin, helping to reduce fine lines and wrinkles. In addition, it helps to lighten skin tone and gives it life and luminosity.<\/p>\n<p>Our serum is a powerful antioxidant that helps protect skin cells from damage caused by ultraviolet light, pollution and stress.<\/p>\n<p>Mode of use:<\/p>\n<p>Remove make-up completely. Cleanse your face with our Cleansing Jelly and apply the anti-aging facial oil.<br \/>\nApply 4 to 6 drops of Vitamin C Night in the palm of the hand and massage with the fingertips on the face, neck and d\u00e9collet\u00e9 avoiding the eye contour. Make sure it is completely absorbed and leave it on all night.<br \/>\nThe next day wash the face\/neck\/cheek with the cleansing jelly and apply Vitamin C Day before the sunscreen.<\/p>","protected":false},"excerpt":{"rendered":"<p>El serum de vitamina C ANYELUZ es un suero para uso diario formulado con un 30% de Vitamina C (3-0 Ethyl Ascorbid Acid), \u00c1cido Hialur\u00f3nico y \u00c1cido Fer\u00falico. Aumenta la producci\u00f3n de col\u00e1geno en la piel ayudando a reducir as\u00ed las l\u00edneas de expresi\u00f3n y las arrugas. Adem\u00e1s, ayuda a aclarar el tono de la [&hellip;]<\/p>","protected":false},"featured_media":773,"comment_status":"open","ping_status":"closed","template":"","meta":[],"product_brand":[],"product_cat":[25],"product_tag":[],"class_list":{"0":"post-778","1":"product","2":"type-product","3":"status-publish","4":"has-post-thumbnail","6":"product_cat-anyeluz","8":"first","9":"instock","10":"taxable","11":"shipping-taxable","12":"purchasable","13":"product-type-simple"},"supplier_id":null,"supplier_sku":"","barcode":null,"atum_controlled":true,"out_stock_date":null,"out_stock_threshold":null,"inheritable":false,"inbound_stock":null,"stock_on_hold":0,"sold_today":0,"sales_last_days":0,"reserved_stock":null,"customer_returns":null,"warehouse_damage":null,"lost_in_post":null,"other_logs":null,"out_stock_days":0,"lost_sales":0,"has_location":null,"update_date":"2026-04-23T11:43:59","atum_locations":[],"atum_stock_status":"instock","restock_status":false,"low_stock_amount":"","sales_update_date":"2026-04-23T11:43:59","calc_backorders":null,"_links":{"self":[{"href":"https:\/\/gledarcolombianpure.com\/en\/wp-json\/wp\/v2\/product\/778","targetHints":{"allow":["GET"]}}],"collection":[{"href":"https:\/\/gledarcolombianpure.com\/en\/wp-json\/wp\/v2\/product"}],"about":[{"href":"https:\/\/gledarcolombianpure.com\/en\/wp-json\/wp\/v2\/types\/product"}],"replies":[{"embeddable":true,"href":"https:\/\/gledarcolombianpure.com\/en\/wp-json\/wp\/v2\/comments?post=778"}],"version-history":[{"count":1,"href":"https:\/\/gledarcolombianpure.com\/en\/wp-json\/wp\/v2\/product\/778\/revisions"}],"predecessor-version":[{"id":842,"href":"https:\/\/gledarcolombianpure.com\/en\/wp-json\/wp\/v2\/product\/778\/revisions\/842"}],"wp:featuredmedia":[{"embeddable":true,"href":"https:\/\/gledarcolombianpure.com\/en\/wp-json\/wp\/v2\/media\/773"}],"wp:attachment":[{"href":"https:\/\/gledarcolombianpure.com\/en\/wp-json\/wp\/v2\/media?parent=778"}],"wp:term":[{"taxonomy":"product_brand","embeddable":true,"href":"https:\/\/gledarcolombianpure.com\/en\/wp-json\/wp\/v2\/product_brand?post=778"},{"taxonomy":"product_cat","embeddable":true,"href":"https:\/\/gledarcolombianpure.com\/en\/wp-json\/wp\/v2\/product_cat?post=778"},{"taxonomy":"product_tag","embeddable":true,"href":"https:\/\/gledarcolombianpure.com\/en\/wp-json\/wp\/v2\/product_tag?post=778"}],"curies":[{"name":"wp","href":"https:\/\/api.w.org\/{rel}","templated":true}]}}