{"id":780,"date":"2024-12-04T18:33:40","date_gmt":"2024-12-04T18:33:40","guid":{"rendered":"https:\/\/gledarcolombianpure.com\/?post_type=product&#038;p=780"},"modified":"2025-09-24T22:34:36","modified_gmt":"2025-09-24T22:34:36","slug":"vitamin-c-dia-anyeluz","status":"publish","type":"product","link":"https:\/\/gledarcolombianpure.com\/en\/shop\/vitamin-c-day-anyeluz\/","title":{"rendered":"Vitamin C &#8211; D\u00eda"},"content":{"rendered":"<p>Infused with vitamin C, this three-phase oil nourishes, energizes, revitalizes, balances and primes skin for a luminous appearance. It absorbs instantly, leaving skin hydrated, smooth and ready for flawless makeup application.<\/p>\n<p>It works as a primer due to its natural oils.<\/p>\n<p><strong>Mode of use<\/strong><\/p>\n<p>Apply in the morning after washing your face thoroughly with our Cleansing Jelly and applying the anti-aging facial and body oil.<br \/>\nApply 4 to 6 drops of Vitamin C Day in the palm of the hand and massage with the fingertips on the face, neck and d\u00e9collet\u00e9 avoiding the eye contour.<br \/>\nMake sure it is completely absorbed. Apply sunscreen.<\/p>","protected":false},"excerpt":{"rendered":"<p>Con una infusi\u00f3n de vitamina C, este aceite trif\u00e1sico nutre, energiza, revitaliza, equilibra y prepara la piel para tener un aspecto luminoso. Se absorbe de manera instant\u00e1nea, dejando la piel hidratada, suave y lista para una aplicaci\u00f3n de maquillaje impecable. Funciona como primer por sus aceites naturales. Modo de uso Aplica en las ma\u00f1anas luego [&hellip;]<\/p>","protected":false},"featured_media":772,"comment_status":"open","ping_status":"closed","template":"","meta":[],"product_brand":[],"product_cat":[25],"product_tag":[],"class_list":{"0":"post-780","1":"product","2":"type-product","3":"status-publish","4":"has-post-thumbnail","6":"product_cat-anyeluz","8":"first","9":"instock","10":"taxable","11":"shipping-taxable","12":"purchasable","13":"product-type-simple"},"supplier_id":null,"supplier_sku":"","barcode":null,"atum_controlled":true,"out_stock_date":null,"out_stock_threshold":null,"inheritable":false,"inbound_stock":null,"stock_on_hold":0,"sold_today":0,"sales_last_days":0,"reserved_stock":null,"customer_returns":null,"warehouse_damage":null,"lost_in_post":null,"other_logs":null,"out_stock_days":0,"lost_sales":0,"has_location":null,"update_date":"2026-04-22T11:43:34","atum_locations":[],"atum_stock_status":"instock","restock_status":false,"low_stock_amount":"","sales_update_date":"2026-04-22T11:43:34","calc_backorders":null,"_links":{"self":[{"href":"https:\/\/gledarcolombianpure.com\/en\/wp-json\/wp\/v2\/product\/780","targetHints":{"allow":["GET"]}}],"collection":[{"href":"https:\/\/gledarcolombianpure.com\/en\/wp-json\/wp\/v2\/product"}],"about":[{"href":"https:\/\/gledarcolombianpure.com\/en\/wp-json\/wp\/v2\/types\/product"}],"replies":[{"embeddable":true,"href":"https:\/\/gledarcolombianpure.com\/en\/wp-json\/wp\/v2\/comments?post=780"}],"version-history":[{"count":1,"href":"https:\/\/gledarcolombianpure.com\/en\/wp-json\/wp\/v2\/product\/780\/revisions"}],"predecessor-version":[{"id":839,"href":"https:\/\/gledarcolombianpure.com\/en\/wp-json\/wp\/v2\/product\/780\/revisions\/839"}],"wp:featuredmedia":[{"embeddable":true,"href":"https:\/\/gledarcolombianpure.com\/en\/wp-json\/wp\/v2\/media\/772"}],"wp:attachment":[{"href":"https:\/\/gledarcolombianpure.com\/en\/wp-json\/wp\/v2\/media?parent=780"}],"wp:term":[{"taxonomy":"product_brand","embeddable":true,"href":"https:\/\/gledarcolombianpure.com\/en\/wp-json\/wp\/v2\/product_brand?post=780"},{"taxonomy":"product_cat","embeddable":true,"href":"https:\/\/gledarcolombianpure.com\/en\/wp-json\/wp\/v2\/product_cat?post=780"},{"taxonomy":"product_tag","embeddable":true,"href":"https:\/\/gledarcolombianpure.com\/en\/wp-json\/wp\/v2\/product_tag?post=780"}],"curies":[{"name":"wp","href":"https:\/\/api.w.org\/{rel}","templated":true}]}}