{"id":783,"date":"2024-12-04T18:37:18","date_gmt":"2024-12-04T18:37:18","guid":{"rendered":"https:\/\/gledarcolombianpure.com\/?post_type=product&#038;p=783"},"modified":"2025-09-24T22:21:10","modified_gmt":"2025-09-24T22:21:10","slug":"tonico-anticaida-y-anticaspa-anyeluz","status":"publish","type":"product","link":"https:\/\/gledarcolombianpure.com\/en\/shop\/anyeluz-anti-dandruff-and-anti-dandruff-tonic\/","title":{"rendered":"T\u00f3nico Antica\u00edda y Anticaspa"},"content":{"rendered":"<p><strong>the anti-dandruff and anti-dandruff tonic<\/strong> stimulates hair cells, prevents hair loss, is suitable for the energizing treatment of weakened and thin hair. It is considered as a source of energy for skin cells. It promotes cellular repair and defense; it generates an anti-aging effect on the hair, stimulating the metabolism of the hair follicle which leads to increased hair density in men and women. Thanks to its active ingredients, it visibly reduces dandruff, relieves scalp itching and moisturizes and reduces sebum production.<\/p>","protected":false},"excerpt":{"rendered":"<p>El T\u00d3NICO ANTICA\u00cdDA Y ANTICASPA estimula las c\u00e9lulas capilares, previene la ca\u00edda capilar, es adecuado para el tratamiento energizante de cabellos debilitados y finos. Es considerado como fuente de energ\u00eda para las c\u00e9lulas de la piel. Promueve la reparaci\u00f3n y defensa celular; Genera un efecto anti-edad sobre el cabello, estimulando el metabolismo del fol\u00edculo capilar [&hellip;]<\/p>","protected":false},"featured_media":768,"comment_status":"open","ping_status":"closed","template":"","meta":[],"product_brand":[],"product_cat":[25],"product_tag":[],"class_list":{"0":"post-783","1":"product","2":"type-product","3":"status-publish","4":"has-post-thumbnail","6":"product_cat-anyeluz","8":"first","9":"instock","10":"taxable","11":"shipping-taxable","12":"purchasable","13":"product-type-simple"},"supplier_id":null,"supplier_sku":"","barcode":null,"atum_controlled":true,"out_stock_date":null,"out_stock_threshold":null,"inheritable":false,"inbound_stock":null,"stock_on_hold":0,"sold_today":0,"sales_last_days":0,"reserved_stock":null,"customer_returns":null,"warehouse_damage":null,"lost_in_post":null,"other_logs":null,"out_stock_days":0,"lost_sales":0,"has_location":null,"update_date":"2026-04-22T11:43:36","atum_locations":[],"atum_stock_status":"instock","restock_status":false,"low_stock_amount":"","sales_update_date":"2026-04-22T11:43:36","calc_backorders":null,"_links":{"self":[{"href":"https:\/\/gledarcolombianpure.com\/en\/wp-json\/wp\/v2\/product\/783","targetHints":{"allow":["GET"]}}],"collection":[{"href":"https:\/\/gledarcolombianpure.com\/en\/wp-json\/wp\/v2\/product"}],"about":[{"href":"https:\/\/gledarcolombianpure.com\/en\/wp-json\/wp\/v2\/types\/product"}],"replies":[{"embeddable":true,"href":"https:\/\/gledarcolombianpure.com\/en\/wp-json\/wp\/v2\/comments?post=783"}],"version-history":[{"count":0,"href":"https:\/\/gledarcolombianpure.com\/en\/wp-json\/wp\/v2\/product\/783\/revisions"}],"wp:featuredmedia":[{"embeddable":true,"href":"https:\/\/gledarcolombianpure.com\/en\/wp-json\/wp\/v2\/media\/768"}],"wp:attachment":[{"href":"https:\/\/gledarcolombianpure.com\/en\/wp-json\/wp\/v2\/media?parent=783"}],"wp:term":[{"taxonomy":"product_brand","embeddable":true,"href":"https:\/\/gledarcolombianpure.com\/en\/wp-json\/wp\/v2\/product_brand?post=783"},{"taxonomy":"product_cat","embeddable":true,"href":"https:\/\/gledarcolombianpure.com\/en\/wp-json\/wp\/v2\/product_cat?post=783"},{"taxonomy":"product_tag","embeddable":true,"href":"https:\/\/gledarcolombianpure.com\/en\/wp-json\/wp\/v2\/product_tag?post=783"}],"curies":[{"name":"wp","href":"https:\/\/api.w.org\/{rel}","templated":true}]}}